{"id":67,"date":"2025-12-12T19:11:20","date_gmt":"2025-12-12T18:11:20","guid":{"rendered":"http:\/\/paris-ancien.fr\/passages-couverts\/?page_id=67"},"modified":"2025-12-18T13:33:04","modified_gmt":"2025-12-18T12:33:04","slug":"passage-lhomme","status":"publish","type":"page","link":"https:\/\/www.paris-ancien.fr\/passages-couverts\/passage-lhomme\/","title":{"rendered":"Passage Lhomme"},"content":{"rendered":"\t\t<div data-elementor-type=\"wp-page\" data-elementor-id=\"67\" class=\"elementor elementor-67\">\n\t\t\t\t<div class=\"elementor-element elementor-element-fd19f46 e-flex e-con-boxed e-con e-parent\" data-id=\"fd19f46\" data-element_type=\"container\" data-e-type=\"container\">\n\t\t\t\t\t<div class=\"e-con-inner\">\n\t\t\t\t<div class=\"elementor-element elementor-element-69fb8ea elementor-widget elementor-widget-heading\" data-id=\"69fb8ea\" data-element_type=\"widget\" data-e-type=\"widget\" data-widget_type=\"heading.default\">\n\t\t\t\t\t<h2 class=\"elementor-heading-title elementor-size-default\">Passage Lhomme<\/h2>\t\t\t\t<\/div>\n\t\t\t\t\t<\/div>\n\t\t\t\t<\/div>\n\t\t<div class=\"elementor-element elementor-element-fd80bf9 e-flex e-con-boxed e-con e-parent\" data-id=\"fd80bf9\" data-element_type=\"container\" data-e-type=\"container\">\n\t\t\t\t\t<div class=\"e-con-inner\">\n\t\t\t\t<div class=\"elementor-element elementor-element-0a5de27 elementor-widget elementor-widget-text-editor\" data-id=\"0a5de27\" data-element_type=\"widget\" data-e-type=\"widget\" data-widget_type=\"text-editor.default\">\n\t\t\t\t\t\t\t\t\t<p>Rue de Charonne \/ Passage Josset<\/p>\t\t\t\t\t\t\t\t<\/div>\n\t\t\t\t\t<\/div>\n\t\t\t\t<\/div>\n\t\t<div class=\"elementor-element elementor-element-6bf80e2 e-flex e-con-boxed e-con e-parent\" data-id=\"6bf80e2\" data-element_type=\"container\" data-e-type=\"container\">\n\t\t\t\t\t<div class=\"e-con-inner\">\n\t\t<div class=\"elementor-element elementor-element-28269ce e-con-full e-flex e-con e-child\" data-id=\"28269ce\" data-element_type=\"container\" data-e-type=\"container\">\n\t\t\t\t<div class=\"elementor-element elementor-element-5ef7302 elementor-widget elementor-widget-google_maps\" data-id=\"5ef7302\" data-element_type=\"widget\" data-e-type=\"widget\" data-widget_type=\"google_maps.default\">\n\t\t\t\t\t\t\t<div class=\"elementor-custom-embed\">\n\t\t\t<iframe loading=\"lazy\"\n\t\t\t\t\tsrc=\"https:\/\/maps.google.com\/maps?q=passage%20lhomme&#038;t=m&#038;z=15&#038;output=embed&#038;iwloc=near\"\n\t\t\t\t\ttitle=\"passage lhomme\"\n\t\t\t\t\taria-label=\"passage lhomme\"\n\t\t\t><\/iframe>\n\t\t<\/div>\n\t\t\t\t\t\t<\/div>\n\t\t\t\t<\/div>\n\t\t<div class=\"elementor-element elementor-element-e7845e6 e-con-full e-flex e-con e-child\" data-id=\"e7845e6\" data-element_type=\"container\" data-e-type=\"container\">\n\t\t\t\t<div class=\"elementor-element elementor-element-d7090f9 elementor-widget elementor-widget-text-editor\" data-id=\"d7090f9\" data-element_type=\"widget\" data-e-type=\"widget\" data-widget_type=\"text-editor.default\">\n\t\t\t\t\t\t\t\t\t<p>Joli passage \u00e0 ciel ouvert avec de nombreux ateliers. Souvent ferm\u00e9 ces derni\u00e8res ann\u00e9es.\u00a0<\/p>\t\t\t\t\t\t\t\t<\/div>\n\t\t\t\t<\/div>\n\t\t\t\t\t<\/div>\n\t\t\t\t<\/div>\n\t\t<div class=\"elementor-element elementor-element-c35d228 e-flex e-con-boxed e-con e-parent\" data-id=\"c35d228\" data-element_type=\"container\" data-e-type=\"container\">\n\t\t\t\t\t<div class=\"e-con-inner\">\n\t\t\t\t<div class=\"elementor-element elementor-element-7d9b935 elementor-widget elementor-widget-spacer\" data-id=\"7d9b935\" data-element_type=\"widget\" data-e-type=\"widget\" data-widget_type=\"spacer.default\">\n\t\t\t\t\t\t\t<div class=\"elementor-spacer\">\n\t\t\t<div class=\"elementor-spacer-inner\"><\/div>\n\t\t<\/div>\n\t\t\t\t\t\t<\/div>\n\t\t\t\t\t<\/div>\n\t\t\t\t<\/div>\n\t\t<div class=\"elementor-element elementor-element-1aeb6df e-flex e-con-boxed e-con e-parent\" data-id=\"1aeb6df\" data-element_type=\"container\" data-e-type=\"container\">\n\t\t\t\t\t<div class=\"e-con-inner\">\n\t\t<div class=\"elementor-element elementor-element-3fbd0c1 e-con-full e-flex e-con e-child\" data-id=\"3fbd0c1\" data-element_type=\"container\" data-e-type=\"container\">\n\t\t\t\t<div class=\"elementor-element elementor-element-d6cf1c0 elementor-widget elementor-widget-image\" data-id=\"d6cf1c0\" data-element_type=\"widget\" data-e-type=\"widget\" data-widget_type=\"image.default\">\n\t\t\t\t\t\t\t\t\t\t\t\t\t\t\t<img alt=\"\" fetchpriority=\"high\" decoding=\"async\" width=\"768\" height=\"576\" src=\"https:\/\/www.paris-ancien.fr\/passages-couverts\/wp-content\/uploads\/2025\/12\/passage-lhomme2-768x576.jpg\" class=\"attachment-medium_large size-medium_large wp-image-1112\" alt=\"\" srcset=\"https:\/\/www.paris-ancien.fr\/passages-couverts\/wp-content\/uploads\/2025\/12\/passage-lhomme2-768x576.jpg 768w, https:\/\/www.paris-ancien.fr\/passages-couverts\/wp-content\/uploads\/2025\/12\/passage-lhomme2-300x225.jpg 300w, https:\/\/www.paris-ancien.fr\/passages-couverts\/wp-content\/uploads\/2025\/12\/passage-lhomme2-1024x768.jpg 1024w, https:\/\/www.paris-ancien.fr\/passages-couverts\/wp-content\/uploads\/2025\/12\/passage-lhomme2-1536x1152.jpg 1536w, https:\/\/www.paris-ancien.fr\/passages-couverts\/wp-content\/uploads\/2025\/12\/passage-lhomme2.jpg 1600w\" sizes=\"(max-width: 768px) 100vw, 768px\" \/>\t\t\t\t\t\t\t\t\t\t\t\t\t\t\t<\/div>\n\t\t\t\t<\/div>\n\t\t<div class=\"elementor-element elementor-element-382e643 e-con-full e-flex e-con e-child\" data-id=\"382e643\" data-element_type=\"container\" data-e-type=\"container\">\n\t\t\t\t<div class=\"elementor-element elementor-element-a106953 elementor-widget elementor-widget-image\" data-id=\"a106953\" data-element_type=\"widget\" data-e-type=\"widget\" data-widget_type=\"image.default\">\n\t\t\t\t\t\t\t\t\t\t\t\t\t\t\t<img alt=\"\" decoding=\"async\" width=\"768\" height=\"576\" src=\"https:\/\/www.paris-ancien.fr\/passages-couverts\/wp-content\/uploads\/2025\/12\/passage-lhomme-768x576.jpg\" class=\"attachment-medium_large size-medium_large wp-image-1108\" alt=\"\" srcset=\"https:\/\/www.paris-ancien.fr\/passages-couverts\/wp-content\/uploads\/2025\/12\/passage-lhomme-768x576.jpg 768w, https:\/\/www.paris-ancien.fr\/passages-couverts\/wp-content\/uploads\/2025\/12\/passage-lhomme-300x225.jpg 300w, https:\/\/www.paris-ancien.fr\/passages-couverts\/wp-content\/uploads\/2025\/12\/passage-lhomme-1024x768.jpg 1024w, https:\/\/www.paris-ancien.fr\/passages-couverts\/wp-content\/uploads\/2025\/12\/passage-lhomme-1536x1152.jpg 1536w, https:\/\/www.paris-ancien.fr\/passages-couverts\/wp-content\/uploads\/2025\/12\/passage-lhomme.jpg 1600w\" sizes=\"(max-width: 768px) 100vw, 768px\" \/>\t\t\t\t\t\t\t\t\t\t\t\t\t\t\t<\/div>\n\t\t\t\t<\/div>\n\t\t\t\t\t<\/div>\n\t\t\t\t<\/div>\n\t\t<div class=\"elementor-element elementor-element-bc4b696 e-flex e-con-boxed e-con e-parent\" data-id=\"bc4b696\" data-element_type=\"container\" data-e-type=\"container\">\n\t\t\t\t\t<div class=\"e-con-inner\">\n\t\t\t\t<div class=\"elementor-element elementor-element-4b4aac0 elementor-widget elementor-widget-spacer\" data-id=\"4b4aac0\" data-element_type=\"widget\" data-e-type=\"widget\" data-widget_type=\"spacer.default\">\n\t\t\t\t\t\t\t<div class=\"elementor-spacer\">\n\t\t\t<div class=\"elementor-spacer-inner\"><\/div>\n\t\t<\/div>\n\t\t\t\t\t\t<\/div>\n\t\t\t\t\t<\/div>\n\t\t\t\t<\/div>\n\t\t\t\t<\/div>\n\t\t","protected":false},"excerpt":{"rendered":"<p>Passage Lhomme Rue de Charonne \/ Passage Josset Joli passage \u00e0 ciel ouvert avec de nombreux ateliers. Souvent ferm\u00e9 ces [&hellip;]<\/p>\n","protected":false},"author":1,"featured_media":0,"parent":0,"menu_order":0,"comment_status":"closed","ping_status":"closed","template":"elementor_header_footer","meta":{"_seopress_robots_primary_cat":"0","_seopress_titles_title":"","_seopress_titles_desc":"Passage Lhomme, passages couverts de Paris, Joli passage \u00e0 ciel ouvert avec de nombreux ateliers.","_seopress_robots_index":"","_monsterinsights_skip_tracking":false,"_monsterinsights_sitenote_active":false,"_monsterinsights_sitenote_note":"","_monsterinsights_sitenote_category":0,"site-sidebar-layout":"no-sidebar","site-content-layout":"","ast-site-content-layout":"full-width-container","site-content-style":"default","site-sidebar-style":"default","ast-global-header-display":"","ast-banner-title-visibility":"","ast-main-header-display":"","ast-hfb-above-header-display":"","ast-hfb-below-header-display":"","ast-hfb-mobile-header-display":"","site-post-title":"disabled","ast-breadcrumbs-content":"","ast-featured-img":"disabled","footer-sml-layout":"","ast-disable-related-posts":"","theme-transparent-header-meta":"","adv-header-id-meta":"","stick-header-meta":"","header-above-stick-meta":"","header-main-stick-meta":"","header-below-stick-meta":"","astra-migrate-meta-layouts":"default","ast-page-background-enabled":"default","ast-page-background-meta":{"desktop":{"background-color":"var(--ast-global-color-5)","background-image":"","background-repeat":"repeat","background-position":"center center","background-size":"auto","background-attachment":"scroll","background-type":"","background-media":"","overlay-type":"","overlay-color":"","overlay-opacity":"","overlay-gradient":""},"tablet":{"background-color":"","background-image":"","background-repeat":"repeat","background-position":"center center","background-size":"auto","background-attachment":"scroll","background-type":"","background-media":"","overlay-type":"","overlay-color":"","overlay-opacity":"","overlay-gradient":""},"mobile":{"background-color":"","background-image":"","background-repeat":"repeat","background-position":"center center","background-size":"auto","background-attachment":"scroll","background-type":"","background-media":"","overlay-type":"","overlay-color":"","overlay-opacity":"","overlay-gradient":""}},"ast-content-background-meta":{"desktop":{"background-color":"var(--ast-global-color-4)","background-image":"","background-repeat":"repeat","background-position":"center center","background-size":"auto","background-attachment":"scroll","background-type":"","background-media":"","overlay-type":"","overlay-color":"","overlay-opacity":"","overlay-gradient":""},"tablet":{"background-color":"var(--ast-global-color-4)","background-image":"","background-repeat":"repeat","background-position":"center center","background-size":"auto","background-attachment":"scroll","background-type":"","background-media":"","overlay-type":"","overlay-color":"","overlay-opacity":"","overlay-gradient":""},"mobile":{"background-color":"var(--ast-global-color-4)","background-image":"","background-repeat":"repeat","background-position":"center center","background-size":"auto","background-attachment":"scroll","background-type":"","background-media":"","overlay-type":"","overlay-color":"","overlay-opacity":"","overlay-gradient":""}},"footnotes":""},"class_list":["post-67","page","type-page","status-publish","hentry"],"_links":{"self":[{"href":"https:\/\/www.paris-ancien.fr\/passages-couverts\/wp-json\/wp\/v2\/pages\/67","targetHints":{"allow":["GET"]}}],"collection":[{"href":"https:\/\/www.paris-ancien.fr\/passages-couverts\/wp-json\/wp\/v2\/pages"}],"about":[{"href":"https:\/\/www.paris-ancien.fr\/passages-couverts\/wp-json\/wp\/v2\/types\/page"}],"author":[{"embeddable":true,"href":"https:\/\/www.paris-ancien.fr\/passages-couverts\/wp-json\/wp\/v2\/users\/1"}],"replies":[{"embeddable":true,"href":"https:\/\/www.paris-ancien.fr\/passages-couverts\/wp-json\/wp\/v2\/comments?post=67"}],"version-history":[{"count":26,"href":"https:\/\/www.paris-ancien.fr\/passages-couverts\/wp-json\/wp\/v2\/pages\/67\/revisions"}],"predecessor-version":[{"id":1276,"href":"https:\/\/www.paris-ancien.fr\/passages-couverts\/wp-json\/wp\/v2\/pages\/67\/revisions\/1276"}],"wp:attachment":[{"href":"https:\/\/www.paris-ancien.fr\/passages-couverts\/wp-json\/wp\/v2\/media?parent=67"}],"curies":[{"name":"wp","href":"https:\/\/api.w.org\/{rel}","templated":true}]}}