{"id":59,"date":"2025-12-12T19:09:43","date_gmt":"2025-12-12T18:09:43","guid":{"rendered":"http:\/\/paris-ancien.fr\/passages-couverts\/?page_id=59"},"modified":"2025-12-18T11:58:34","modified_gmt":"2025-12-18T10:58:34","slug":"cour-du-commerce-st-andre","status":"publish","type":"page","link":"https:\/\/www.paris-ancien.fr\/passages-couverts\/cour-du-commerce-st-andre\/","title":{"rendered":"Cour du Commerce St Andr\u00e9"},"content":{"rendered":"\t\t<div data-elementor-type=\"wp-page\" data-elementor-id=\"59\" class=\"elementor elementor-59\">\n\t\t\t\t<div class=\"elementor-element elementor-element-995874f e-flex e-con-boxed e-con e-parent\" data-id=\"995874f\" data-element_type=\"container\" data-e-type=\"container\">\n\t\t\t\t\t<div class=\"e-con-inner\">\n\t\t\t\t<div class=\"elementor-element elementor-element-72b71e5 elementor-widget elementor-widget-heading\" data-id=\"72b71e5\" data-element_type=\"widget\" data-e-type=\"widget\" data-widget_type=\"heading.default\">\n\t\t\t\t\t<h2 class=\"elementor-heading-title elementor-size-default\">Cour du Commerce St Andr\u00e9<\/h2>\t\t\t\t<\/div>\n\t\t\t\t\t<\/div>\n\t\t\t\t<\/div>\n\t\t<div class=\"elementor-element elementor-element-d2b2379 e-flex e-con-boxed e-con e-parent\" data-id=\"d2b2379\" data-element_type=\"container\" data-e-type=\"container\">\n\t\t\t\t\t<div class=\"e-con-inner\">\n\t\t\t\t<div class=\"elementor-element elementor-element-c6e3fcb elementor-widget elementor-widget-text-editor\" data-id=\"c6e3fcb\" data-element_type=\"widget\" data-e-type=\"widget\" data-widget_type=\"text-editor.default\">\n\t\t\t\t\t\t\t\t\t<p>59 rue Saint-Andr\u00e9-des-Arts \/ 130 boulevard Saint-Germain<\/p>\t\t\t\t\t\t\t\t<\/div>\n\t\t\t\t\t<\/div>\n\t\t\t\t<\/div>\n\t\t<div class=\"elementor-element elementor-element-98c36ec e-flex e-con-boxed e-con e-parent\" data-id=\"98c36ec\" data-element_type=\"container\" data-e-type=\"container\">\n\t\t\t\t\t<div class=\"e-con-inner\">\n\t\t<div class=\"elementor-element elementor-element-e3cea6d e-con-full e-flex e-con e-child\" data-id=\"e3cea6d\" data-element_type=\"container\" data-e-type=\"container\">\n\t\t\t\t<div class=\"elementor-element elementor-element-2e047e7 elementor-widget elementor-widget-google_maps\" data-id=\"2e047e7\" data-element_type=\"widget\" data-e-type=\"widget\" data-widget_type=\"google_maps.default\">\n\t\t\t\t\t\t\t<div class=\"elementor-custom-embed\">\n\t\t\t<iframe loading=\"lazy\"\n\t\t\t\t\tsrc=\"https:\/\/maps.google.com\/maps?q=cour%20du%20commerce%20st%20andr%C3%A9&#038;t=m&#038;z=15&#038;output=embed&#038;iwloc=near\"\n\t\t\t\t\ttitle=\"cour du commerce st andr\u00e9\"\n\t\t\t\t\taria-label=\"cour du commerce st andr\u00e9\"\n\t\t\t><\/iframe>\n\t\t<\/div>\n\t\t\t\t\t\t<\/div>\n\t\t\t\t<\/div>\n\t\t<div class=\"elementor-element elementor-element-adbe2da e-con-full e-flex e-con e-child\" data-id=\"adbe2da\" data-element_type=\"container\" data-e-type=\"container\">\n\t\t\t\t<div class=\"elementor-element elementor-element-cd52cdf elementor-widget elementor-widget-text-editor\" data-id=\"cd52cdf\" data-element_type=\"widget\" data-e-type=\"widget\" data-widget_type=\"text-editor.default\">\n\t\t\t\t\t\t\t\t\t<p>Beau petit passage en plein milieu du quartier latin. Quartier tr\u00e8s visit\u00e9 par les touristes. Ce passage relie la Rue St Andr\u00e9 des Arts et le Bd St Germain. Passage moiti\u00e9 couvert moiti\u00e9 d\u00e9couvert. Il donne acc\u00e8s \u00e0 la magnifique Cour de Rohan, malheureusement fr\u00e9quemment ferm\u00e9e depuis quelques ann\u00e9es<\/p>\t\t\t\t\t\t\t\t<\/div>\n\t\t\t\t<\/div>\n\t\t\t\t\t<\/div>\n\t\t\t\t<\/div>\n\t\t<div class=\"elementor-element elementor-element-9d5e716 e-flex e-con-boxed e-con e-parent\" data-id=\"9d5e716\" data-element_type=\"container\" data-e-type=\"container\">\n\t\t\t\t\t<div class=\"e-con-inner\">\n\t\t<div class=\"elementor-element elementor-element-5008a04 e-con-full e-flex e-con e-child\" data-id=\"5008a04\" data-element_type=\"container\" data-e-type=\"container\">\n\t\t\t\t<div class=\"elementor-element elementor-element-4a6c54a elementor-widget elementor-widget-image\" data-id=\"4a6c54a\" data-element_type=\"widget\" data-e-type=\"widget\" data-widget_type=\"image.default\">\n\t\t\t\t\t\t\t\t\t\t\t\t\t\t\t\t<a href=\"https:\/\/www.paris-ancien.fr\/passages-couverts\/wp-content\/uploads\/2025\/12\/relais-odeon-commerce-standre.jpg\" data-elementor-open-lightbox=\"yes\" data-elementor-lightbox-title=\"relais-odeon-commerce-standre\" data-e-action-hash=\"#elementor-action%3Aaction%3Dlightbox%26settings%3DeyJpZCI6NzU4LCJ1cmwiOiJodHRwczpcL1wvd3d3LnBhcmlzLWFuY2llbi5mclwvcGFzc2FnZXMtY291dmVydHNcL3dwLWNvbnRlbnRcL3VwbG9hZHNcLzIwMjVcLzEyXC9yZWxhaXMtb2Rlb24tY29tbWVyY2Utc3RhbmRyZS5qcGcifQ%3D%3D\">\n\t\t\t\t\t\t\t<img alt=\"\" fetchpriority=\"high\" decoding=\"async\" width=\"768\" height=\"576\" src=\"https:\/\/www.paris-ancien.fr\/passages-couverts\/wp-content\/uploads\/2025\/12\/relais-odeon-commerce-standre-768x576.jpg\" class=\"attachment-medium_large size-medium_large wp-image-758\" alt=\"\" srcset=\"https:\/\/www.paris-ancien.fr\/passages-couverts\/wp-content\/uploads\/2025\/12\/relais-odeon-commerce-standre-768x576.jpg 768w, https:\/\/www.paris-ancien.fr\/passages-couverts\/wp-content\/uploads\/2025\/12\/relais-odeon-commerce-standre-300x225.jpg 300w, https:\/\/www.paris-ancien.fr\/passages-couverts\/wp-content\/uploads\/2025\/12\/relais-odeon-commerce-standre-1024x768.jpg 1024w, https:\/\/www.paris-ancien.fr\/passages-couverts\/wp-content\/uploads\/2025\/12\/relais-odeon-commerce-standre-1536x1152.jpg 1536w, https:\/\/www.paris-ancien.fr\/passages-couverts\/wp-content\/uploads\/2025\/12\/relais-odeon-commerce-standre.jpg 1600w\" sizes=\"(max-width: 768px) 100vw, 768px\" \/>\t\t\t\t\t\t\t\t<\/a>\n\t\t\t\t\t\t\t\t\t\t\t\t\t\t\t<\/div>\n\t\t\t\t<\/div>\n\t\t<div class=\"elementor-element elementor-element-e0ef445 e-con-full e-flex e-con e-child\" data-id=\"e0ef445\" data-element_type=\"container\" data-e-type=\"container\">\n\t\t\t\t<div class=\"elementor-element elementor-element-a043111 elementor-widget elementor-widget-image\" data-id=\"a043111\" data-element_type=\"widget\" data-e-type=\"widget\" data-widget_type=\"image.default\">\n\t\t\t\t\t\t\t\t\t\t\t\t\t\t\t\t<a href=\"https:\/\/www.paris-ancien.fr\/passages-couverts\/wp-content\/uploads\/2025\/12\/interieur-commerce-standre.jpg\" data-elementor-open-lightbox=\"yes\" data-elementor-lightbox-title=\"interieur-commerce-standre\" data-e-action-hash=\"#elementor-action%3Aaction%3Dlightbox%26settings%3DeyJpZCI6NzYyLCJ1cmwiOiJodHRwczpcL1wvd3d3LnBhcmlzLWFuY2llbi5mclwvcGFzc2FnZXMtY291dmVydHNcL3dwLWNvbnRlbnRcL3VwbG9hZHNcLzIwMjVcLzEyXC9pbnRlcmlldXItY29tbWVyY2Utc3RhbmRyZS5qcGcifQ%3D%3D\">\n\t\t\t\t\t\t\t<img alt=\"\" decoding=\"async\" width=\"768\" height=\"576\" src=\"https:\/\/www.paris-ancien.fr\/passages-couverts\/wp-content\/uploads\/2025\/12\/interieur-commerce-standre-768x576.jpg\" class=\"attachment-medium_large size-medium_large wp-image-762\" alt=\"\" srcset=\"https:\/\/www.paris-ancien.fr\/passages-couverts\/wp-content\/uploads\/2025\/12\/interieur-commerce-standre-768x576.jpg 768w, https:\/\/www.paris-ancien.fr\/passages-couverts\/wp-content\/uploads\/2025\/12\/interieur-commerce-standre-300x225.jpg 300w, https:\/\/www.paris-ancien.fr\/passages-couverts\/wp-content\/uploads\/2025\/12\/interieur-commerce-standre-1024x768.jpg 1024w, https:\/\/www.paris-ancien.fr\/passages-couverts\/wp-content\/uploads\/2025\/12\/interieur-commerce-standre-1536x1152.jpg 1536w, https:\/\/www.paris-ancien.fr\/passages-couverts\/wp-content\/uploads\/2025\/12\/interieur-commerce-standre.jpg 1600w\" sizes=\"(max-width: 768px) 100vw, 768px\" \/>\t\t\t\t\t\t\t\t<\/a>\n\t\t\t\t\t\t\t\t\t\t\t\t\t\t\t<\/div>\n\t\t\t\t<\/div>\n\t\t\t\t\t<\/div>\n\t\t\t\t<\/div>\n\t\t<div class=\"elementor-element elementor-element-ccbe5af e-flex e-con-boxed e-con e-parent\" data-id=\"ccbe5af\" data-element_type=\"container\" data-e-type=\"container\">\n\t\t\t\t\t<div class=\"e-con-inner\">\n\t\t\t\t<div class=\"elementor-element elementor-element-d26b4af elementor-widget elementor-widget-spacer\" data-id=\"d26b4af\" data-element_type=\"widget\" data-e-type=\"widget\" data-widget_type=\"spacer.default\">\n\t\t\t\t\t\t\t<div class=\"elementor-spacer\">\n\t\t\t<div class=\"elementor-spacer-inner\"><\/div>\n\t\t<\/div>\n\t\t\t\t\t\t<\/div>\n\t\t\t\t\t<\/div>\n\t\t\t\t<\/div>\n\t\t\t\t<\/div>\n\t\t","protected":false},"excerpt":{"rendered":"<p>Cour du Commerce St Andr\u00e9 59 rue Saint-Andr\u00e9-des-Arts \/ 130 boulevard Saint-Germain Beau petit passage en plein milieu du quartier [&hellip;]<\/p>\n","protected":false},"author":1,"featured_media":0,"parent":0,"menu_order":0,"comment_status":"closed","ping_status":"closed","template":"elementor_header_footer","meta":{"_seopress_robots_primary_cat":"0","_seopress_titles_title":"","_seopress_titles_desc":"Cour du Commerce St Andr\u00e9, Passages couverts de Paris, Cour entre la Rue St Andr\u00e9 des Arts et le Bd St Germain. Nombreux caf\u00e9s et restaurants.","_seopress_robots_index":"","_monsterinsights_skip_tracking":false,"_monsterinsights_sitenote_active":false,"_monsterinsights_sitenote_note":"","_monsterinsights_sitenote_category":0,"site-sidebar-layout":"no-sidebar","site-content-layout":"","ast-site-content-layout":"full-width-container","site-content-style":"default","site-sidebar-style":"default","ast-global-header-display":"","ast-banner-title-visibility":"","ast-main-header-display":"","ast-hfb-above-header-display":"","ast-hfb-below-header-display":"","ast-hfb-mobile-header-display":"","site-post-title":"disabled","ast-breadcrumbs-content":"","ast-featured-img":"disabled","footer-sml-layout":"","ast-disable-related-posts":"","theme-transparent-header-meta":"","adv-header-id-meta":"","stick-header-meta":"","header-above-stick-meta":"","header-main-stick-meta":"","header-below-stick-meta":"","astra-migrate-meta-layouts":"default","ast-page-background-enabled":"default","ast-page-background-meta":{"desktop":{"background-color":"var(--ast-global-color-5)","background-image":"","background-repeat":"repeat","background-position":"center center","background-size":"auto","background-attachment":"scroll","background-type":"","background-media":"","overlay-type":"","overlay-color":"","overlay-opacity":"","overlay-gradient":""},"tablet":{"background-color":"","background-image":"","background-repeat":"repeat","background-position":"center center","background-size":"auto","background-attachment":"scroll","background-type":"","background-media":"","overlay-type":"","overlay-color":"","overlay-opacity":"","overlay-gradient":""},"mobile":{"background-color":"","background-image":"","background-repeat":"repeat","background-position":"center center","background-size":"auto","background-attachment":"scroll","background-type":"","background-media":"","overlay-type":"","overlay-color":"","overlay-opacity":"","overlay-gradient":""}},"ast-content-background-meta":{"desktop":{"background-color":"var(--ast-global-color-4)","background-image":"","background-repeat":"repeat","background-position":"center center","background-size":"auto","background-attachment":"scroll","background-type":"","background-media":"","overlay-type":"","overlay-color":"","overlay-opacity":"","overlay-gradient":""},"tablet":{"background-color":"var(--ast-global-color-4)","background-image":"","background-repeat":"repeat","background-position":"center center","background-size":"auto","background-attachment":"scroll","background-type":"","background-media":"","overlay-type":"","overlay-color":"","overlay-opacity":"","overlay-gradient":""},"mobile":{"background-color":"var(--ast-global-color-4)","background-image":"","background-repeat":"repeat","background-position":"center center","background-size":"auto","background-attachment":"scroll","background-type":"","background-media":"","overlay-type":"","overlay-color":"","overlay-opacity":"","overlay-gradient":""}},"footnotes":""},"class_list":["post-59","page","type-page","status-publish","hentry"],"_links":{"self":[{"href":"https:\/\/www.paris-ancien.fr\/passages-couverts\/wp-json\/wp\/v2\/pages\/59","targetHints":{"allow":["GET"]}}],"collection":[{"href":"https:\/\/www.paris-ancien.fr\/passages-couverts\/wp-json\/wp\/v2\/pages"}],"about":[{"href":"https:\/\/www.paris-ancien.fr\/passages-couverts\/wp-json\/wp\/v2\/types\/page"}],"author":[{"embeddable":true,"href":"https:\/\/www.paris-ancien.fr\/passages-couverts\/wp-json\/wp\/v2\/users\/1"}],"replies":[{"embeddable":true,"href":"https:\/\/www.paris-ancien.fr\/passages-couverts\/wp-json\/wp\/v2\/comments?post=59"}],"version-history":[{"count":26,"href":"https:\/\/www.paris-ancien.fr\/passages-couverts\/wp-json\/wp\/v2\/pages\/59\/revisions"}],"predecessor-version":[{"id":1264,"href":"https:\/\/www.paris-ancien.fr\/passages-couverts\/wp-json\/wp\/v2\/pages\/59\/revisions\/1264"}],"wp:attachment":[{"href":"https:\/\/www.paris-ancien.fr\/passages-couverts\/wp-json\/wp\/v2\/media?parent=59"}],"curies":[{"name":"wp","href":"https:\/\/api.w.org\/{rel}","templated":true}]}}