{"id":45,"date":"2025-12-12T19:24:54","date_gmt":"2025-12-12T18:24:54","guid":{"rendered":"http:\/\/paris-ancien.fr\/passages-couverts\/?page_id=45"},"modified":"2025-12-18T11:16:06","modified_gmt":"2025-12-18T10:16:06","slug":"passage-vendome","status":"publish","type":"page","link":"https:\/\/www.paris-ancien.fr\/passages-couverts\/passage-vendome\/","title":{"rendered":"Passage Vend\u00f4me"},"content":{"rendered":"\t\t<div data-elementor-type=\"wp-page\" data-elementor-id=\"45\" class=\"elementor elementor-45\">\n\t\t\t\t<div class=\"elementor-element elementor-element-b3d1ba4 e-flex e-con-boxed e-con e-parent\" data-id=\"b3d1ba4\" data-element_type=\"container\" data-e-type=\"container\">\n\t\t\t\t\t<div class=\"e-con-inner\">\n\t\t\t\t<div class=\"elementor-element elementor-element-3345e05 elementor-widget elementor-widget-heading\" data-id=\"3345e05\" data-element_type=\"widget\" data-e-type=\"widget\" data-widget_type=\"heading.default\">\n\t\t\t\t\t<h2 class=\"elementor-heading-title elementor-size-default\">Passage Vend\u00f4me<\/h2>\t\t\t\t<\/div>\n\t\t\t\t\t<\/div>\n\t\t\t\t<\/div>\n\t\t<div class=\"elementor-element elementor-element-4478745 e-flex e-con-boxed e-con e-parent\" data-id=\"4478745\" data-element_type=\"container\" data-e-type=\"container\">\n\t\t\t\t\t<div class=\"e-con-inner\">\n\t\t\t\t<div class=\"elementor-element elementor-element-35c5eff elementor-widget elementor-widget-text-editor\" data-id=\"35c5eff\" data-element_type=\"widget\" data-e-type=\"widget\" data-widget_type=\"text-editor.default\">\n\t\t\t\t\t\t\t\t\t<p>16 rue B\u00e9ranger \/ 1 place de la R\u00e9publique<\/p>\t\t\t\t\t\t\t\t<\/div>\n\t\t\t\t\t<\/div>\n\t\t\t\t<\/div>\n\t\t<div class=\"elementor-element elementor-element-16de5de e-flex e-con-boxed e-con e-parent\" data-id=\"16de5de\" data-element_type=\"container\" data-e-type=\"container\">\n\t\t\t\t\t<div class=\"e-con-inner\">\n\t\t<div class=\"elementor-element elementor-element-ce0760f e-con-full e-flex e-con e-child\" data-id=\"ce0760f\" data-element_type=\"container\" data-e-type=\"container\">\n\t\t\t\t<div class=\"elementor-element elementor-element-c7ebd46 elementor-widget elementor-widget-google_maps\" data-id=\"c7ebd46\" data-element_type=\"widget\" data-e-type=\"widget\" data-widget_type=\"google_maps.default\">\n\t\t\t\t\t\t\t<div class=\"elementor-custom-embed\">\n\t\t\t<iframe loading=\"lazy\"\n\t\t\t\t\tsrc=\"https:\/\/maps.google.com\/maps?q=passage%20vendome&#038;t=m&#038;z=15&#038;output=embed&#038;iwloc=near\"\n\t\t\t\t\ttitle=\"passage vendome\"\n\t\t\t\t\taria-label=\"passage vendome\"\n\t\t\t><\/iframe>\n\t\t<\/div>\n\t\t\t\t\t\t<\/div>\n\t\t\t\t<\/div>\n\t\t<div class=\"elementor-element elementor-element-a6d69af e-con-full e-flex e-con e-child\" data-id=\"a6d69af\" data-element_type=\"container\" data-e-type=\"container\">\n\t\t\t\t<div class=\"elementor-element elementor-element-32b81b6 elementor-widget elementor-widget-text-editor\" data-id=\"32b81b6\" data-element_type=\"widget\" data-e-type=\"widget\" data-widget_type=\"text-editor.default\">\n\t\t\t\t\t\t\t\t\t<p>Passage reliant la Place de la R\u00e9publique et la Rue B\u00e9ranger. Ce passage a \u00e9t\u00e9 construit en 1827 et permettait de relier le Bd du Temple et le couvent des filles du sauveur. Ce passage \u00e9tait plus long avant la construction de la Place de la R\u00e9publique.<\/p>\t\t\t\t\t\t\t\t<\/div>\n\t\t\t\t<\/div>\n\t\t\t\t\t<\/div>\n\t\t\t\t<\/div>\n\t\t<div class=\"elementor-element elementor-element-25f164c e-flex e-con-boxed e-con e-parent\" data-id=\"25f164c\" data-element_type=\"container\" data-e-type=\"container\">\n\t\t\t\t\t<div class=\"e-con-inner\">\n\t\t<div class=\"elementor-element elementor-element-feac495 e-con-full e-flex e-con e-child\" data-id=\"feac495\" data-element_type=\"container\" data-e-type=\"container\">\n\t\t\t\t<div class=\"elementor-element elementor-element-37e380c elementor-widget elementor-widget-image\" data-id=\"37e380c\" data-element_type=\"widget\" data-e-type=\"widget\" data-widget_type=\"image.default\">\n\t\t\t\t\t\t\t\t\t\t\t\t\t\t\t\t<a href=\"https:\/\/www.paris-ancien.fr\/passages-couverts\/wp-content\/uploads\/2025\/12\/passage-vendome.jpg\" data-elementor-open-lightbox=\"yes\" data-elementor-lightbox-title=\"passage-vendome\" data-e-action-hash=\"#elementor-action%3Aaction%3Dlightbox%26settings%3DeyJpZCI6NDI1LCJ1cmwiOiJodHRwczpcL1wvd3d3LnBhcmlzLWFuY2llbi5mclwvcGFzc2FnZXMtY291dmVydHNcL3dwLWNvbnRlbnRcL3VwbG9hZHNcLzIwMjVcLzEyXC9wYXNzYWdlLXZlbmRvbWUuanBnIn0%3D\">\n\t\t\t\t\t\t\t<img alt=\"\" fetchpriority=\"high\" decoding=\"async\" width=\"768\" height=\"576\" src=\"https:\/\/www.paris-ancien.fr\/passages-couverts\/wp-content\/uploads\/2025\/12\/passage-vendome-768x576.jpg\" class=\"attachment-medium_large size-medium_large wp-image-425\" alt=\"\" srcset=\"https:\/\/www.paris-ancien.fr\/passages-couverts\/wp-content\/uploads\/2025\/12\/passage-vendome-768x576.jpg 768w, https:\/\/www.paris-ancien.fr\/passages-couverts\/wp-content\/uploads\/2025\/12\/passage-vendome-300x225.jpg 300w, https:\/\/www.paris-ancien.fr\/passages-couverts\/wp-content\/uploads\/2025\/12\/passage-vendome-1024x768.jpg 1024w, https:\/\/www.paris-ancien.fr\/passages-couverts\/wp-content\/uploads\/2025\/12\/passage-vendome-1536x1152.jpg 1536w, https:\/\/www.paris-ancien.fr\/passages-couverts\/wp-content\/uploads\/2025\/12\/passage-vendome.jpg 1600w\" sizes=\"(max-width: 768px) 100vw, 768px\" \/>\t\t\t\t\t\t\t\t<\/a>\n\t\t\t\t\t\t\t\t\t\t\t\t\t\t\t<\/div>\n\t\t\t\t<\/div>\n\t\t<div class=\"elementor-element elementor-element-e131e67 e-con-full e-flex e-con e-child\" data-id=\"e131e67\" data-element_type=\"container\" data-e-type=\"container\">\n\t\t\t\t<\/div>\n\t\t<div class=\"elementor-element elementor-element-c88c9ba e-con-full e-flex e-con e-child\" data-id=\"c88c9ba\" data-element_type=\"container\" data-e-type=\"container\">\n\t\t\t\t<\/div>\n\t\t<div class=\"elementor-element elementor-element-41836ad e-con-full e-flex e-con e-child\" data-id=\"41836ad\" data-element_type=\"container\" data-e-type=\"container\">\n\t\t\t\t<\/div>\n\t\t<div class=\"elementor-element elementor-element-a283da5 e-con-full e-flex e-con e-child\" data-id=\"a283da5\" data-element_type=\"container\" data-e-type=\"container\">\n\t\t\t\t<\/div>\n\t\t<div class=\"elementor-element elementor-element-09421dd e-con-full e-flex e-con e-child\" data-id=\"09421dd\" data-element_type=\"container\" data-e-type=\"container\">\n\t\t\t\t<\/div>\n\t\t\t\t\t<\/div>\n\t\t\t\t<\/div>\n\t\t<div class=\"elementor-element elementor-element-4503f98 e-flex e-con-boxed e-con e-parent\" data-id=\"4503f98\" data-element_type=\"container\" data-e-type=\"container\">\n\t\t\t\t\t<div class=\"e-con-inner\">\n\t\t\t\t<div class=\"elementor-element elementor-element-c6492a6 elementor-widget elementor-widget-spacer\" data-id=\"c6492a6\" data-element_type=\"widget\" data-e-type=\"widget\" data-widget_type=\"spacer.default\">\n\t\t\t\t\t\t\t<div class=\"elementor-spacer\">\n\t\t\t<div class=\"elementor-spacer-inner\"><\/div>\n\t\t<\/div>\n\t\t\t\t\t\t<\/div>\n\t\t\t\t\t<\/div>\n\t\t\t\t<\/div>\n\t\t<div class=\"elementor-element elementor-element-c47f7ad e-flex e-con-boxed e-con e-parent\" data-id=\"c47f7ad\" data-element_type=\"container\" data-e-type=\"container\">\n\t\t\t\t\t<div class=\"e-con-inner\">\n\t\t\t\t<div class=\"elementor-element elementor-element-377147d elementor-widget elementor-widget-spacer\" data-id=\"377147d\" data-element_type=\"widget\" data-e-type=\"widget\" data-widget_type=\"spacer.default\">\n\t\t\t\t\t\t\t<div class=\"elementor-spacer\">\n\t\t\t<div class=\"elementor-spacer-inner\"><\/div>\n\t\t<\/div>\n\t\t\t\t\t\t<\/div>\n\t\t\t\t\t<\/div>\n\t\t\t\t<\/div>\n\t\t\t\t<\/div>\n\t\t","protected":false},"excerpt":{"rendered":"<p>Passage Vend\u00f4me 16 rue B\u00e9ranger \/ 1 place de la R\u00e9publique Passage reliant la Place de la R\u00e9publique et la [&hellip;]<\/p>\n","protected":false},"author":1,"featured_media":0,"parent":0,"menu_order":0,"comment_status":"closed","ping_status":"closed","template":"elementor_header_footer","meta":{"_seopress_robots_primary_cat":"0","_seopress_titles_title":"","_seopress_titles_desc":"Passage Vend\u00f4me, passages couverts de Paris. Ce passage a \u00e9t\u00e9 construit en 1827 et permettait de relier le Bd du Temple et le couvent des filles du sauveur.","_seopress_robots_index":"","_monsterinsights_skip_tracking":false,"_monsterinsights_sitenote_active":false,"_monsterinsights_sitenote_note":"","_monsterinsights_sitenote_category":0,"site-sidebar-layout":"no-sidebar","site-content-layout":"","ast-site-content-layout":"full-width-container","site-content-style":"default","site-sidebar-style":"default","ast-global-header-display":"","ast-banner-title-visibility":"","ast-main-header-display":"","ast-hfb-above-header-display":"","ast-hfb-below-header-display":"","ast-hfb-mobile-header-display":"","site-post-title":"disabled","ast-breadcrumbs-content":"","ast-featured-img":"disabled","footer-sml-layout":"","ast-disable-related-posts":"","theme-transparent-header-meta":"","adv-header-id-meta":"","stick-header-meta":"","header-above-stick-meta":"","header-main-stick-meta":"","header-below-stick-meta":"","astra-migrate-meta-layouts":"default","ast-page-background-enabled":"default","ast-page-background-meta":{"desktop":{"background-color":"var(--ast-global-color-5)","background-image":"","background-repeat":"repeat","background-position":"center center","background-size":"auto","background-attachment":"scroll","background-type":"","background-media":"","overlay-type":"","overlay-color":"","overlay-opacity":"","overlay-gradient":""},"tablet":{"background-color":"","background-image":"","background-repeat":"repeat","background-position":"center center","background-size":"auto","background-attachment":"scroll","background-type":"","background-media":"","overlay-type":"","overlay-color":"","overlay-opacity":"","overlay-gradient":""},"mobile":{"background-color":"","background-image":"","background-repeat":"repeat","background-position":"center center","background-size":"auto","background-attachment":"scroll","background-type":"","background-media":"","overlay-type":"","overlay-color":"","overlay-opacity":"","overlay-gradient":""}},"ast-content-background-meta":{"desktop":{"background-color":"var(--ast-global-color-4)","background-image":"","background-repeat":"repeat","background-position":"center center","background-size":"auto","background-attachment":"scroll","background-type":"","background-media":"","overlay-type":"","overlay-color":"","overlay-opacity":"","overlay-gradient":""},"tablet":{"background-color":"var(--ast-global-color-4)","background-image":"","background-repeat":"repeat","background-position":"center center","background-size":"auto","background-attachment":"scroll","background-type":"","background-media":"","overlay-type":"","overlay-color":"","overlay-opacity":"","overlay-gradient":""},"mobile":{"background-color":"var(--ast-global-color-4)","background-image":"","background-repeat":"repeat","background-position":"center center","background-size":"auto","background-attachment":"scroll","background-type":"","background-media":"","overlay-type":"","overlay-color":"","overlay-opacity":"","overlay-gradient":""}},"footnotes":""},"class_list":["post-45","page","type-page","status-publish","hentry"],"_links":{"self":[{"href":"https:\/\/www.paris-ancien.fr\/passages-couverts\/wp-json\/wp\/v2\/pages\/45","targetHints":{"allow":["GET"]}}],"collection":[{"href":"https:\/\/www.paris-ancien.fr\/passages-couverts\/wp-json\/wp\/v2\/pages"}],"about":[{"href":"https:\/\/www.paris-ancien.fr\/passages-couverts\/wp-json\/wp\/v2\/types\/page"}],"author":[{"embeddable":true,"href":"https:\/\/www.paris-ancien.fr\/passages-couverts\/wp-json\/wp\/v2\/users\/1"}],"replies":[{"embeddable":true,"href":"https:\/\/www.paris-ancien.fr\/passages-couverts\/wp-json\/wp\/v2\/comments?post=45"}],"version-history":[{"count":32,"href":"https:\/\/www.paris-ancien.fr\/passages-couverts\/wp-json\/wp\/v2\/pages\/45\/revisions"}],"predecessor-version":[{"id":1202,"href":"https:\/\/www.paris-ancien.fr\/passages-couverts\/wp-json\/wp\/v2\/pages\/45\/revisions\/1202"}],"wp:attachment":[{"href":"https:\/\/www.paris-ancien.fr\/passages-couverts\/wp-json\/wp\/v2\/media?parent=45"}],"curies":[{"name":"wp","href":"https:\/\/api.w.org\/{rel}","templated":true}]}}