{"id":41,"date":"2025-12-12T19:06:03","date_gmt":"2025-12-12T18:06:03","guid":{"rendered":"http:\/\/paris-ancien.fr\/passages-couverts\/?page_id=41"},"modified":"2025-12-18T11:09:37","modified_gmt":"2025-12-18T10:09:37","slug":"galerie-colbert","status":"publish","type":"page","link":"https:\/\/www.paris-ancien.fr\/passages-couverts\/galerie-colbert\/","title":{"rendered":"Galerie Colbert"},"content":{"rendered":"\t\t<div data-elementor-type=\"wp-page\" data-elementor-id=\"41\" class=\"elementor elementor-41\">\n\t\t\t\t<div class=\"elementor-element elementor-element-b3d1ba4 e-flex e-con-boxed e-con e-parent\" data-id=\"b3d1ba4\" data-element_type=\"container\" data-e-type=\"container\">\n\t\t\t\t\t<div class=\"e-con-inner\">\n\t\t\t\t<div class=\"elementor-element elementor-element-3345e05 elementor-widget elementor-widget-heading\" data-id=\"3345e05\" data-element_type=\"widget\" data-e-type=\"widget\" data-widget_type=\"heading.default\">\n\t\t\t\t\t<h2 class=\"elementor-heading-title elementor-size-default\">Galerie Colbert<\/h2>\t\t\t\t<\/div>\n\t\t\t\t\t<\/div>\n\t\t\t\t<\/div>\n\t\t<div class=\"elementor-element elementor-element-8cc4cc0 e-flex e-con-boxed e-con e-parent\" data-id=\"8cc4cc0\" data-element_type=\"container\" data-e-type=\"container\">\n\t\t\t\t\t<div class=\"e-con-inner\">\n\t\t\t\t<div class=\"elementor-element elementor-element-907c91c elementor-widget elementor-widget-text-editor\" data-id=\"907c91c\" data-element_type=\"widget\" data-e-type=\"widget\" data-widget_type=\"text-editor.default\">\n\t\t\t\t\t\t\t\t\t<p>6 rue des Petits-Champs \/ Galerie Vivienne<\/p>\t\t\t\t\t\t\t\t<\/div>\n\t\t\t\t\t<\/div>\n\t\t\t\t<\/div>\n\t\t<div class=\"elementor-element elementor-element-4f8156f e-flex e-con-boxed e-con e-parent\" data-id=\"4f8156f\" data-element_type=\"container\" data-e-type=\"container\">\n\t\t\t\t\t<div class=\"e-con-inner\">\n\t\t<div class=\"elementor-element elementor-element-0b20a80 e-con-full e-flex e-con e-child\" data-id=\"0b20a80\" data-element_type=\"container\" data-e-type=\"container\">\n\t\t\t\t<div class=\"elementor-element elementor-element-2ad5703 elementor-widget elementor-widget-google_maps\" data-id=\"2ad5703\" data-element_type=\"widget\" data-e-type=\"widget\" data-widget_type=\"google_maps.default\">\n\t\t\t\t\t\t\t<div class=\"elementor-custom-embed\">\n\t\t\t<iframe loading=\"lazy\"\n\t\t\t\t\tsrc=\"https:\/\/maps.google.com\/maps?q=galerie%20colbert&#038;t=m&#038;z=15&#038;output=embed&#038;iwloc=near\"\n\t\t\t\t\ttitle=\"galerie colbert\"\n\t\t\t\t\taria-label=\"galerie colbert\"\n\t\t\t><\/iframe>\n\t\t<\/div>\n\t\t\t\t\t\t<\/div>\n\t\t\t\t<\/div>\n\t\t<div class=\"elementor-element elementor-element-818ea27 e-con-full e-flex e-con e-child\" data-id=\"818ea27\" data-element_type=\"container\" data-e-type=\"container\">\n\t\t\t\t<div class=\"elementor-element elementor-element-08e75e7 elementor-widget elementor-widget-text-editor\" data-id=\"08e75e7\" data-element_type=\"widget\" data-e-type=\"widget\" data-widget_type=\"text-editor.default\">\n\t\t\t\t\t\t\t\t\t<p>Tr\u00e8s belle galerie luxueuse construite pour contrer la Galerie Vivienne juste \u00e0 cot\u00e9. Elle fut construite en 1826 presque en m\u00eame temps que sa concurrente. Elle se trouve \u00e0 l\u2019emplacement d\u2019un ancien h\u00f4tel. L\u2019acc\u00e8s est reglement\u00e9 cot\u00e9 entr\u00e9e principale. S<span style=\"font-size: 16px;\">tatue repr\u00e9sentant Eurydice tr\u00f4ne au centre de la rotonde<\/span><\/p><div class=\"wp-block-column\">\u00a0<\/div>\t\t\t\t\t\t\t\t<\/div>\n\t\t\t\t<\/div>\n\t\t\t\t\t<\/div>\n\t\t\t\t<\/div>\n\t\t<div class=\"elementor-element elementor-element-431dd2f e-flex e-con-boxed e-con e-parent\" data-id=\"431dd2f\" data-element_type=\"container\" data-e-type=\"container\">\n\t\t\t\t\t<div class=\"e-con-inner\">\n\t\t\t\t\t<\/div>\n\t\t\t\t<\/div>\n\t\t<div class=\"elementor-element elementor-element-5e84c13 e-flex e-con-boxed e-con e-parent\" data-id=\"5e84c13\" data-element_type=\"container\" data-e-type=\"container\">\n\t\t\t\t\t<div class=\"e-con-inner\">\n\t\t\t\t<div class=\"elementor-element elementor-element-0bbd973 elementor-widget elementor-widget-spacer\" data-id=\"0bbd973\" data-element_type=\"widget\" data-e-type=\"widget\" data-widget_type=\"spacer.default\">\n\t\t\t\t\t\t\t<div class=\"elementor-spacer\">\n\t\t\t<div class=\"elementor-spacer-inner\"><\/div>\n\t\t<\/div>\n\t\t\t\t\t\t<\/div>\n\t\t\t\t\t<\/div>\n\t\t\t\t<\/div>\n\t\t<div class=\"elementor-element elementor-element-534fa29 e-flex e-con-boxed e-con e-parent\" data-id=\"534fa29\" data-element_type=\"container\" data-e-type=\"container\">\n\t\t\t\t\t<div class=\"e-con-inner\">\n\t\t<div class=\"elementor-element elementor-element-3a27345 e-con-full e-flex e-con e-child\" data-id=\"3a27345\" data-element_type=\"container\" data-e-type=\"container\">\n\t\t\t\t<div class=\"elementor-element elementor-element-c7b574c elementor-widget elementor-widget-image\" data-id=\"c7b574c\" data-element_type=\"widget\" data-e-type=\"widget\" data-widget_type=\"image.default\">\n\t\t\t\t\t\t\t\t\t\t\t\t\t\t\t\t<a href=\"https:\/\/www.paris-ancien.fr\/passages-couverts\/wp-content\/uploads\/2025\/12\/galerie-colbert.jpg\" data-elementor-open-lightbox=\"yes\" data-elementor-lightbox-title=\"galerie-colbert\" data-e-action-hash=\"#elementor-action%3Aaction%3Dlightbox%26settings%3DeyJpZCI6NTQ0LCJ1cmwiOiJodHRwczpcL1wvd3d3LnBhcmlzLWFuY2llbi5mclwvcGFzc2FnZXMtY291dmVydHNcL3dwLWNvbnRlbnRcL3VwbG9hZHNcLzIwMjVcLzEyXC9nYWxlcmllLWNvbGJlcnQuanBnIn0%3D\">\n\t\t\t\t\t\t\t<img alt=\"\" fetchpriority=\"high\" decoding=\"async\" width=\"768\" height=\"576\" src=\"https:\/\/www.paris-ancien.fr\/passages-couverts\/wp-content\/uploads\/2025\/12\/galerie-colbert-768x576.jpg\" class=\"attachment-medium_large size-medium_large wp-image-544\" alt=\"\" srcset=\"https:\/\/www.paris-ancien.fr\/passages-couverts\/wp-content\/uploads\/2025\/12\/galerie-colbert-768x576.jpg 768w, https:\/\/www.paris-ancien.fr\/passages-couverts\/wp-content\/uploads\/2025\/12\/galerie-colbert-300x225.jpg 300w, https:\/\/www.paris-ancien.fr\/passages-couverts\/wp-content\/uploads\/2025\/12\/galerie-colbert-1024x768.jpg 1024w, https:\/\/www.paris-ancien.fr\/passages-couverts\/wp-content\/uploads\/2025\/12\/galerie-colbert-1536x1152.jpg 1536w, https:\/\/www.paris-ancien.fr\/passages-couverts\/wp-content\/uploads\/2025\/12\/galerie-colbert.jpg 1600w\" sizes=\"(max-width: 768px) 100vw, 768px\" \/>\t\t\t\t\t\t\t\t<\/a>\n\t\t\t\t\t\t\t\t\t\t\t\t\t\t\t<\/div>\n\t\t\t\t<\/div>\n\t\t<div class=\"elementor-element elementor-element-8ae7ebe e-con-full e-flex e-con e-child\" data-id=\"8ae7ebe\" data-element_type=\"container\" data-e-type=\"container\">\n\t\t\t\t<div class=\"elementor-element elementor-element-597382b elementor-widget elementor-widget-image\" data-id=\"597382b\" data-element_type=\"widget\" data-e-type=\"widget\" data-widget_type=\"image.default\">\n\t\t\t\t\t\t\t\t\t\t\t\t\t\t\t\t<a href=\"https:\/\/www.paris-ancien.fr\/passages-couverts\/wp-content\/uploads\/2025\/12\/verriere-colbert.jpg\" data-elementor-open-lightbox=\"yes\" data-elementor-lightbox-title=\"verriere-colbert\" data-e-action-hash=\"#elementor-action%3Aaction%3Dlightbox%26settings%3DeyJpZCI6MTAwOSwidXJsIjoiaHR0cHM6XC9cL3d3dy5wYXJpcy1hbmNpZW4uZnJcL3Bhc3NhZ2VzLWNvdXZlcnRzXC93cC1jb250ZW50XC91cGxvYWRzXC8yMDI1XC8xMlwvdmVycmllcmUtY29sYmVydC5qcGcifQ%3D%3D\">\n\t\t\t\t\t\t\t<img alt=\"\" decoding=\"async\" width=\"768\" height=\"576\" src=\"https:\/\/www.paris-ancien.fr\/passages-couverts\/wp-content\/uploads\/2025\/12\/verriere-colbert-768x576.jpg\" class=\"attachment-medium_large size-medium_large wp-image-1009\" alt=\"\" srcset=\"https:\/\/www.paris-ancien.fr\/passages-couverts\/wp-content\/uploads\/2025\/12\/verriere-colbert-768x576.jpg 768w, https:\/\/www.paris-ancien.fr\/passages-couverts\/wp-content\/uploads\/2025\/12\/verriere-colbert-300x225.jpg 300w, https:\/\/www.paris-ancien.fr\/passages-couverts\/wp-content\/uploads\/2025\/12\/verriere-colbert-1024x768.jpg 1024w, https:\/\/www.paris-ancien.fr\/passages-couverts\/wp-content\/uploads\/2025\/12\/verriere-colbert-1536x1152.jpg 1536w, https:\/\/www.paris-ancien.fr\/passages-couverts\/wp-content\/uploads\/2025\/12\/verriere-colbert.jpg 1600w\" sizes=\"(max-width: 768px) 100vw, 768px\" \/>\t\t\t\t\t\t\t\t<\/a>\n\t\t\t\t\t\t\t\t\t\t\t\t\t\t\t<\/div>\n\t\t\t\t<\/div>\n\t\t\t\t\t<\/div>\n\t\t\t\t<\/div>\n\t\t<div class=\"elementor-element elementor-element-56d5c23 e-flex e-con-boxed e-con e-parent\" data-id=\"56d5c23\" data-element_type=\"container\" data-e-type=\"container\">\n\t\t\t\t\t<div class=\"e-con-inner\">\n\t\t\t\t\t<\/div>\n\t\t\t\t<\/div>\n\t\t<div class=\"elementor-element elementor-element-f541614 e-flex e-con-boxed e-con e-parent\" data-id=\"f541614\" data-element_type=\"container\" data-e-type=\"container\">\n\t\t\t\t\t<div class=\"e-con-inner\">\n\t\t\t\t<div class=\"elementor-element elementor-element-99703e3 elementor-widget elementor-widget-spacer\" data-id=\"99703e3\" data-element_type=\"widget\" data-e-type=\"widget\" data-widget_type=\"spacer.default\">\n\t\t\t\t\t\t\t<div class=\"elementor-spacer\">\n\t\t\t<div class=\"elementor-spacer-inner\"><\/div>\n\t\t<\/div>\n\t\t\t\t\t\t<\/div>\n\t\t\t\t\t<\/div>\n\t\t\t\t<\/div>\n\t\t\t\t<\/div>\n\t\t","protected":false},"excerpt":{"rendered":"<p>Galerie Colbert 6 rue des Petits-Champs \/ Galerie Vivienne Tr\u00e8s belle galerie luxueuse construite pour contrer la Galerie Vivienne juste [&hellip;]<\/p>\n","protected":false},"author":1,"featured_media":0,"parent":0,"menu_order":0,"comment_status":"closed","ping_status":"closed","template":"elementor_header_footer","meta":{"_seopress_robots_primary_cat":"0","_seopress_titles_title":"","_seopress_titles_desc":"Galerie Colbert - Passages Couverts de Paris - Tr\u00e8s belle galerie luxueuse construite en 1826 pour contrer la Galerie Vivienne juste \u00e0 cot\u00e9.","_seopress_robots_index":"","_monsterinsights_skip_tracking":false,"_monsterinsights_sitenote_active":false,"_monsterinsights_sitenote_note":"","_monsterinsights_sitenote_category":0,"site-sidebar-layout":"no-sidebar","site-content-layout":"","ast-site-content-layout":"full-width-container","site-content-style":"default","site-sidebar-style":"default","ast-global-header-display":"","ast-banner-title-visibility":"","ast-main-header-display":"","ast-hfb-above-header-display":"","ast-hfb-below-header-display":"","ast-hfb-mobile-header-display":"","site-post-title":"disabled","ast-breadcrumbs-content":"","ast-featured-img":"disabled","footer-sml-layout":"","ast-disable-related-posts":"","theme-transparent-header-meta":"","adv-header-id-meta":"","stick-header-meta":"","header-above-stick-meta":"","header-main-stick-meta":"","header-below-stick-meta":"","astra-migrate-meta-layouts":"default","ast-page-background-enabled":"default","ast-page-background-meta":{"desktop":{"background-color":"var(--ast-global-color-5)","background-image":"","background-repeat":"repeat","background-position":"center center","background-size":"auto","background-attachment":"scroll","background-type":"","background-media":"","overlay-type":"","overlay-color":"","overlay-opacity":"","overlay-gradient":""},"tablet":{"background-color":"","background-image":"","background-repeat":"repeat","background-position":"center center","background-size":"auto","background-attachment":"scroll","background-type":"","background-media":"","overlay-type":"","overlay-color":"","overlay-opacity":"","overlay-gradient":""},"mobile":{"background-color":"","background-image":"","background-repeat":"repeat","background-position":"center center","background-size":"auto","background-attachment":"scroll","background-type":"","background-media":"","overlay-type":"","overlay-color":"","overlay-opacity":"","overlay-gradient":""}},"ast-content-background-meta":{"desktop":{"background-color":"var(--ast-global-color-4)","background-image":"","background-repeat":"repeat","background-position":"center center","background-size":"auto","background-attachment":"scroll","background-type":"","background-media":"","overlay-type":"","overlay-color":"","overlay-opacity":"","overlay-gradient":""},"tablet":{"background-color":"var(--ast-global-color-4)","background-image":"","background-repeat":"repeat","background-position":"center center","background-size":"auto","background-attachment":"scroll","background-type":"","background-media":"","overlay-type":"","overlay-color":"","overlay-opacity":"","overlay-gradient":""},"mobile":{"background-color":"var(--ast-global-color-4)","background-image":"","background-repeat":"repeat","background-position":"center center","background-size":"auto","background-attachment":"scroll","background-type":"","background-media":"","overlay-type":"","overlay-color":"","overlay-opacity":"","overlay-gradient":""}},"footnotes":""},"class_list":["post-41","page","type-page","status-publish","hentry"],"_links":{"self":[{"href":"https:\/\/www.paris-ancien.fr\/passages-couverts\/wp-json\/wp\/v2\/pages\/41","targetHints":{"allow":["GET"]}}],"collection":[{"href":"https:\/\/www.paris-ancien.fr\/passages-couverts\/wp-json\/wp\/v2\/pages"}],"about":[{"href":"https:\/\/www.paris-ancien.fr\/passages-couverts\/wp-json\/wp\/v2\/types\/page"}],"author":[{"embeddable":true,"href":"https:\/\/www.paris-ancien.fr\/passages-couverts\/wp-json\/wp\/v2\/users\/1"}],"replies":[{"embeddable":true,"href":"https:\/\/www.paris-ancien.fr\/passages-couverts\/wp-json\/wp\/v2\/comments?post=41"}],"version-history":[{"count":35,"href":"https:\/\/www.paris-ancien.fr\/passages-couverts\/wp-json\/wp\/v2\/pages\/41\/revisions"}],"predecessor-version":[{"id":1190,"href":"https:\/\/www.paris-ancien.fr\/passages-couverts\/wp-json\/wp\/v2\/pages\/41\/revisions\/1190"}],"wp:attachment":[{"href":"https:\/\/www.paris-ancien.fr\/passages-couverts\/wp-json\/wp\/v2\/media?parent=41"}],"curies":[{"name":"wp","href":"https:\/\/api.w.org\/{rel}","templated":true}]}}