{"id":54,"date":"2025-12-21T21:48:02","date_gmt":"2025-12-21T20:48:02","guid":{"rendered":"https:\/\/www.paris-ancien.fr\/metro-guimard\/?page_id=54"},"modified":"2025-12-29T16:21:59","modified_gmt":"2025-12-29T15:21:59","slug":"biographie","status":"publish","type":"page","link":"https:\/\/www.paris-ancien.fr\/metro-guimard\/biographie\/","title":{"rendered":"Biographie"},"content":{"rendered":"\t\t<div data-elementor-type=\"wp-page\" data-elementor-id=\"54\" class=\"elementor elementor-54\">\n\t\t\t\t<div class=\"elementor-element elementor-element-60b0305 e-flex e-con-boxed e-con e-parent\" data-id=\"60b0305\" data-element_type=\"container\" data-e-type=\"container\">\n\t\t\t\t\t<div class=\"e-con-inner\">\n\t\t\t\t<div class=\"elementor-element elementor-element-be0fd0e elementor-widget elementor-widget-heading\" data-id=\"be0fd0e\" data-element_type=\"widget\" data-e-type=\"widget\" data-widget_type=\"heading.default\">\n\t\t\t\t\t<h2 class=\"elementor-heading-title elementor-size-default\">Biographie d'Hector Guimard <\/h2>\t\t\t\t<\/div>\n\t\t\t\t\t<\/div>\n\t\t\t\t<\/div>\n\t\t<div class=\"elementor-element elementor-element-f8a8363 e-flex e-con-boxed e-con e-parent\" data-id=\"f8a8363\" data-element_type=\"container\" data-e-type=\"container\">\n\t\t\t\t\t<div class=\"e-con-inner\">\n\t\t\t\t<div class=\"elementor-element elementor-element-c1e8a1d elementor-widget elementor-widget-image\" data-id=\"c1e8a1d\" data-element_type=\"widget\" data-e-type=\"widget\" data-widget_type=\"image.default\">\n\t\t\t\t\t\t\t\t\t\t\t\t\t\t\t<img alt=\"\" fetchpriority=\"high\" decoding=\"async\" width=\"238\" height=\"300\" src=\"https:\/\/www.paris-ancien.fr\/metro-guimard\/wp-content\/uploads\/2025\/12\/hectorguimard-238x300.jpg\" class=\"attachment-medium size-medium wp-image-815\" alt=\"\" srcset=\"https:\/\/www.paris-ancien.fr\/metro-guimard\/wp-content\/uploads\/2025\/12\/hectorguimard-238x300.jpg 238w, https:\/\/www.paris-ancien.fr\/metro-guimard\/wp-content\/uploads\/2025\/12\/hectorguimard-813x1024.jpg 813w, https:\/\/www.paris-ancien.fr\/metro-guimard\/wp-content\/uploads\/2025\/12\/hectorguimard-768x967.jpg 768w, https:\/\/www.paris-ancien.fr\/metro-guimard\/wp-content\/uploads\/2025\/12\/hectorguimard.jpg 953w\" sizes=\"(max-width: 238px) 100vw, 238px\" \/>\t\t\t\t\t\t\t\t\t\t\t\t\t\t\t<\/div>\n\t\t\t\t\t<\/div>\n\t\t\t\t<\/div>\n\t\t<div class=\"elementor-element elementor-element-772231c e-flex e-con-boxed e-con e-parent\" data-id=\"772231c\" data-element_type=\"container\" data-e-type=\"container\">\n\t\t\t\t\t<div class=\"e-con-inner\">\n\t\t\t\t<div class=\"elementor-element elementor-element-91d9567 elementor-widget elementor-widget-text-editor\" data-id=\"91d9567\" data-element_type=\"widget\" data-e-type=\"widget\" data-widget_type=\"text-editor.default\">\n\t\t\t\t\t\t\t\t\t<p>Hector Germain Guimard est n\u00e9 le 10 mars 1867 \u00e0 Lyon.<\/p><p>Il est admis le 11 octobre 1882 (\u00e0 seulement 15 ans) \u00e0 l\u2019\u00e9cole nationale des arts d\u00e9coratifs de Paris \u00e0 l\u2019aide d\u2019une parente de sa m\u00e8re chez qui il vivait.<br \/>L\u2019ann\u00e9e suivante , il passe en 2e section. A la fin de cette m\u00eame ann\u00e9e (1883) , il obtient 2 m\u00e9dailles d\u2019argent et 3 de bronze pour son travail qu\u2019il effectuait avec labeur.Apr\u00e8s de mauvais r\u00e9sultats en 1885 , Guimard reprend du souffle en 1890 en ayant une mention.En 1892 , Il \u00e9choue malheureusement au prix de Rome.<\/p><p>Ayant de plus en plus de retard dans son travail , en 1899 , il injurie un employ\u00e9 et claque la porte l\u2019ann\u00e9e suivante \u00e0 cette institution. Pendant les ann\u00e9es suivantes , il construira des \u00e9dicules de m\u00e9tro ainsi que de nombreux immeubles.<\/p><p>Il quitte Paris pour New York en 1938 et d\u00e9c\u00e8de en 1942 apr\u00e8s un mauvais \u00e9tat de sant\u00e9.<\/p>\t\t\t\t\t\t\t\t<\/div>\n\t\t\t\t\t<\/div>\n\t\t\t\t<\/div>\n\t\t<div class=\"elementor-element elementor-element-f0aa8b9 e-flex e-con-boxed e-con e-parent\" data-id=\"f0aa8b9\" data-element_type=\"container\" data-e-type=\"container\">\n\t\t\t\t\t<div class=\"e-con-inner\">\n\t\t<div class=\"elementor-element elementor-element-ac8b844 e-con-full e-flex e-con e-child\" data-id=\"ac8b844\" data-element_type=\"container\" data-e-type=\"container\">\n\t\t\t\t<div class=\"elementor-element elementor-element-0ea47c9 elementor-widget elementor-widget-image\" data-id=\"0ea47c9\" data-element_type=\"widget\" data-e-type=\"widget\" data-widget_type=\"image.default\">\n\t\t\t\t\t\t\t\t\t\t\t\t\t\t\t<img alt=\"\" decoding=\"async\" width=\"300\" height=\"225\" src=\"https:\/\/www.paris-ancien.fr\/metro-guimard\/wp-content\/uploads\/2025\/12\/hotel-mezzara-300x225.jpg\" class=\"attachment-medium size-medium wp-image-779\" alt=\"\" srcset=\"https:\/\/www.paris-ancien.fr\/metro-guimard\/wp-content\/uploads\/2025\/12\/hotel-mezzara-300x225.jpg 300w, https:\/\/www.paris-ancien.fr\/metro-guimard\/wp-content\/uploads\/2025\/12\/hotel-mezzara-1024x768.jpg 1024w, https:\/\/www.paris-ancien.fr\/metro-guimard\/wp-content\/uploads\/2025\/12\/hotel-mezzara-768x576.jpg 768w, https:\/\/www.paris-ancien.fr\/metro-guimard\/wp-content\/uploads\/2025\/12\/hotel-mezzara-1536x1152.jpg 1536w, https:\/\/www.paris-ancien.fr\/metro-guimard\/wp-content\/uploads\/2025\/12\/hotel-mezzara.jpg 1600w\" sizes=\"(max-width: 300px) 100vw, 300px\" \/>\t\t\t\t\t\t\t\t\t\t\t\t\t\t\t<\/div>\n\t\t\t\t<\/div>\n\t\t<div class=\"elementor-element elementor-element-ade82cf e-con-full e-flex e-con e-child\" data-id=\"ade82cf\" data-element_type=\"container\" data-e-type=\"container\">\n\t\t\t\t<div class=\"elementor-element elementor-element-9ee6438 elementor-widget elementor-widget-image\" data-id=\"9ee6438\" data-element_type=\"widget\" data-e-type=\"widget\" data-widget_type=\"image.default\">\n\t\t\t\t\t\t\t\t\t\t\t\t\t\t\t<img alt=\"\" decoding=\"async\" width=\"300\" height=\"225\" src=\"https:\/\/www.paris-ancien.fr\/metro-guimard\/wp-content\/uploads\/2025\/12\/villa-flore-300x225.jpg\" class=\"attachment-medium size-medium wp-image-728\" alt=\"\" srcset=\"https:\/\/www.paris-ancien.fr\/metro-guimard\/wp-content\/uploads\/2025\/12\/villa-flore-300x225.jpg 300w, https:\/\/www.paris-ancien.fr\/metro-guimard\/wp-content\/uploads\/2025\/12\/villa-flore-1024x768.jpg 1024w, https:\/\/www.paris-ancien.fr\/metro-guimard\/wp-content\/uploads\/2025\/12\/villa-flore-768x576.jpg 768w, https:\/\/www.paris-ancien.fr\/metro-guimard\/wp-content\/uploads\/2025\/12\/villa-flore-1536x1152.jpg 1536w, https:\/\/www.paris-ancien.fr\/metro-guimard\/wp-content\/uploads\/2025\/12\/villa-flore.jpg 1600w\" sizes=\"(max-width: 300px) 100vw, 300px\" \/>\t\t\t\t\t\t\t\t\t\t\t\t\t\t\t<\/div>\n\t\t\t\t<\/div>\n\t\t<div class=\"elementor-element elementor-element-1b0cfa0 e-con-full e-flex e-con e-child\" data-id=\"1b0cfa0\" data-element_type=\"container\" data-e-type=\"container\">\n\t\t\t\t<div class=\"elementor-element elementor-element-cf2c02b elementor-widget elementor-widget-image\" data-id=\"cf2c02b\" data-element_type=\"widget\" data-e-type=\"widget\" data-widget_type=\"image.default\">\n\t\t\t\t\t\t\t\t\t\t\t\t\t\t\t<img alt=\"\" loading=\"lazy\" decoding=\"async\" width=\"300\" height=\"225\" src=\"https:\/\/www.paris-ancien.fr\/metro-guimard\/wp-content\/uploads\/2025\/12\/hotel-deron-levent-300x225.jpg\" class=\"attachment-medium size-medium wp-image-732\" alt=\"\" srcset=\"https:\/\/www.paris-ancien.fr\/metro-guimard\/wp-content\/uploads\/2025\/12\/hotel-deron-levent-300x225.jpg 300w, https:\/\/www.paris-ancien.fr\/metro-guimard\/wp-content\/uploads\/2025\/12\/hotel-deron-levent-1024x768.jpg 1024w, https:\/\/www.paris-ancien.fr\/metro-guimard\/wp-content\/uploads\/2025\/12\/hotel-deron-levent-768x576.jpg 768w, https:\/\/www.paris-ancien.fr\/metro-guimard\/wp-content\/uploads\/2025\/12\/hotel-deron-levent-1536x1152.jpg 1536w, https:\/\/www.paris-ancien.fr\/metro-guimard\/wp-content\/uploads\/2025\/12\/hotel-deron-levent.jpg 1600w\" sizes=\"(max-width: 300px) 100vw, 300px\" \/>\t\t\t\t\t\t\t\t\t\t\t\t\t\t\t<\/div>\n\t\t\t\t<\/div>\n\t\t\t\t\t<\/div>\n\t\t\t\t<\/div>\n\t\t<div class=\"elementor-element elementor-element-5fe7070 e-flex e-con-boxed e-con e-parent\" data-id=\"5fe7070\" data-element_type=\"container\" data-e-type=\"container\">\n\t\t\t\t\t<div class=\"e-con-inner\">\n\t\t\t\t<div class=\"elementor-element elementor-element-be8e64f elementor-widget elementor-widget-text-editor\" data-id=\"be8e64f\" data-element_type=\"widget\" data-e-type=\"widget\" data-widget_type=\"text-editor.default\">\n\t\t\t\t\t\t\t\t\t<p><strong>Constructions<br \/><\/strong>1891 : h\u00f4tel Rosz\u00e9<br \/>1893 : h\u00f4tel Jass\u00e9d\u00e9 et H\u00f4tel particulier (Issy les M.)<br \/>1894 : h\u00f4tel Delfau<br \/>1895 :\u00a0Atelier Carpeaux\u00a0, Ecole du Sacr\u00e9 Coeur<br \/>1896 :\u00a0Castel B\u00e9ranger (Prim\u00e9 en 1899), La Hubloti\u00e8re (Le V\u00e9sinet)<br \/>1899 : Villas \u00e0 Hermanville (Calvados)<br \/>1900 : Maison Coilliot (Lille)<br \/>1900 \u00e0 1903 :\u00a0Edicules des stations de m\u00e9tropolitain<br \/>1903 : Castel Val (Auvers sur Oise)<br \/>1904 : Castel Orgeval (Villemoisson sur Orge)<br \/>1905 :\u00a0H\u00f4tel Deron Levet\u00a0, Chalet Blanc (Sceaux)<br \/>1909 :\u00a0H\u00f4tel Guimard\u00a0, Immeuble Tr\u00e9mois ,\u00a0Rue Agar<br \/>1910 :\u00a0H\u00f4tel Mezzara<br \/>1913 :\u00a0Synagogue<br \/>1924 :\u00a0Villa Flore<br \/>1927 : Immeubles de Rapport (Greuze et Henri Heine)<\/p>\t\t\t\t\t\t\t\t<\/div>\n\t\t\t\t\t<\/div>\n\t\t\t\t<\/div>\n\t\t<div class=\"elementor-element elementor-element-84b64c4 e-flex e-con-boxed e-con e-parent\" data-id=\"84b64c4\" data-element_type=\"container\" data-e-type=\"container\">\n\t\t\t\t\t<div class=\"e-con-inner\">\n\t\t<div class=\"elementor-element elementor-element-48c6115 e-con-full e-flex e-con e-child\" data-id=\"48c6115\" data-element_type=\"container\" data-e-type=\"container\">\n\t\t\t\t<div class=\"elementor-element elementor-element-3c07b79 elementor-widget elementor-widget-image\" data-id=\"3c07b79\" data-element_type=\"widget\" data-e-type=\"widget\" data-widget_type=\"image.default\">\n\t\t\t\t\t\t\t\t\t\t\t\t\t\t\t<img alt=\"\" loading=\"lazy\" decoding=\"async\" width=\"300\" height=\"225\" src=\"https:\/\/www.paris-ancien.fr\/metro-guimard\/wp-content\/uploads\/2025\/12\/square-jasmin-300x225.jpg\" class=\"attachment-medium size-medium wp-image-798\" alt=\"\" srcset=\"https:\/\/www.paris-ancien.fr\/metro-guimard\/wp-content\/uploads\/2025\/12\/square-jasmin-300x225.jpg 300w, https:\/\/www.paris-ancien.fr\/metro-guimard\/wp-content\/uploads\/2025\/12\/square-jasmin-1024x768.jpg 1024w, https:\/\/www.paris-ancien.fr\/metro-guimard\/wp-content\/uploads\/2025\/12\/square-jasmin-768x576.jpg 768w, https:\/\/www.paris-ancien.fr\/metro-guimard\/wp-content\/uploads\/2025\/12\/square-jasmin-1536x1152.jpg 1536w, https:\/\/www.paris-ancien.fr\/metro-guimard\/wp-content\/uploads\/2025\/12\/square-jasmin.jpg 1600w\" sizes=\"(max-width: 300px) 100vw, 300px\" \/>\t\t\t\t\t\t\t\t\t\t\t\t\t\t\t<\/div>\n\t\t\t\t<\/div>\n\t\t<div class=\"elementor-element elementor-element-e129820 e-con-full e-flex e-con e-child\" data-id=\"e129820\" data-element_type=\"container\" data-e-type=\"container\">\n\t\t\t\t<div class=\"elementor-element elementor-element-3e8f0db elementor-widget elementor-widget-image\" data-id=\"3e8f0db\" data-element_type=\"widget\" data-e-type=\"widget\" data-widget_type=\"image.default\">\n\t\t\t\t\t\t\t\t\t\t\t\t\t\t\t<img alt=\"\" loading=\"lazy\" decoding=\"async\" width=\"300\" height=\"225\" src=\"https:\/\/www.paris-ancien.fr\/metro-guimard\/wp-content\/uploads\/2025\/12\/rue-greuze-300x225.jpg\" class=\"attachment-medium size-medium wp-image-775\" alt=\"\" srcset=\"https:\/\/www.paris-ancien.fr\/metro-guimard\/wp-content\/uploads\/2025\/12\/rue-greuze-300x225.jpg 300w, https:\/\/www.paris-ancien.fr\/metro-guimard\/wp-content\/uploads\/2025\/12\/rue-greuze-1024x768.jpg 1024w, https:\/\/www.paris-ancien.fr\/metro-guimard\/wp-content\/uploads\/2025\/12\/rue-greuze-768x576.jpg 768w, https:\/\/www.paris-ancien.fr\/metro-guimard\/wp-content\/uploads\/2025\/12\/rue-greuze-1536x1152.jpg 1536w, https:\/\/www.paris-ancien.fr\/metro-guimard\/wp-content\/uploads\/2025\/12\/rue-greuze.jpg 1600w\" sizes=\"(max-width: 300px) 100vw, 300px\" \/>\t\t\t\t\t\t\t\t\t\t\t\t\t\t\t<\/div>\n\t\t\t\t<\/div>\n\t\t<div class=\"elementor-element elementor-element-2ccd0de e-con-full e-flex e-con e-child\" data-id=\"2ccd0de\" data-element_type=\"container\" data-e-type=\"container\">\n\t\t\t\t<div class=\"elementor-element elementor-element-112bc27 elementor-widget elementor-widget-image\" data-id=\"112bc27\" data-element_type=\"widget\" data-e-type=\"widget\" data-widget_type=\"image.default\">\n\t\t\t\t\t\t\t\t\t\t\t\t\t\t\t<img alt=\"\" loading=\"lazy\" decoding=\"async\" width=\"300\" height=\"225\" src=\"https:\/\/www.paris-ancien.fr\/metro-guimard\/wp-content\/uploads\/2025\/12\/tremois-francoismillet-300x225.jpg\" class=\"attachment-medium size-medium wp-image-749\" alt=\"\" srcset=\"https:\/\/www.paris-ancien.fr\/metro-guimard\/wp-content\/uploads\/2025\/12\/tremois-francoismillet-300x225.jpg 300w, https:\/\/www.paris-ancien.fr\/metro-guimard\/wp-content\/uploads\/2025\/12\/tremois-francoismillet-1024x768.jpg 1024w, https:\/\/www.paris-ancien.fr\/metro-guimard\/wp-content\/uploads\/2025\/12\/tremois-francoismillet-768x576.jpg 768w, https:\/\/www.paris-ancien.fr\/metro-guimard\/wp-content\/uploads\/2025\/12\/tremois-francoismillet-1536x1152.jpg 1536w, https:\/\/www.paris-ancien.fr\/metro-guimard\/wp-content\/uploads\/2025\/12\/tremois-francoismillet.jpg 1600w\" sizes=\"(max-width: 300px) 100vw, 300px\" \/>\t\t\t\t\t\t\t\t\t\t\t\t\t\t\t<\/div>\n\t\t\t\t<\/div>\n\t\t\t\t\t<\/div>\n\t\t\t\t<\/div>\n\t\t<div class=\"elementor-element elementor-element-09df195 e-flex e-con-boxed e-con e-parent\" data-id=\"09df195\" data-element_type=\"container\" data-e-type=\"container\">\n\t\t\t\t\t<div class=\"e-con-inner\">\n\t\t\t\t<div class=\"elementor-element elementor-element-dd0f9a3 elementor-widget elementor-widget-text-editor\" data-id=\"dd0f9a3\" data-element_type=\"widget\" data-e-type=\"widget\" data-widget_type=\"text-editor.default\">\n\t\t\t\t\t\t\t\t\t<p><strong>M\u00e9tro<\/strong><br \/>Lors de la construction en 1898 du r\u00e9seau m\u00e9tropolitain , un concours est lanc\u00e9 pour la d\u00e9coration des entr\u00e9es de stations de m\u00e9tro.<br \/>Guimard participe \u00e0 ce concours et va construire de nombreux \u00e9dicules pour les stations existantes (lignes 1 \u00e0 6).<br \/>Ils seront termin\u00e9es en F\u00e9vrier 1900 soit 6 mois avant l\u2019ouverture du m\u00e9tro (Juillet 1900).<\/p><p>En 1904 , Hector Guimard d\u00e9cide d\u2019\u00e9lever un \u00e9dicule devant l\u2019Op\u00e9ra Garnier. Les anti-Guimard d\u00e9clarent cet \u00e9dicule comme une insulte \u00e0 Garnier. Hector Guimard est vex\u00e9 est d\u00e9cide d\u2019arr\u00e9ter la construction d\u2019autres Edicules.<\/p><p>Les 2 plus beaux \u00e9dicules de M\u00e9tropolitain (<a href=\"https:\/\/web.archive.org\/web\/20220521091340\/http:\/\/www.parisinconnu.com\/metro-guimard\/edicules-detruits\/\" data-type=\"page\" data-id=\"72\">Etoile et Bastille<\/a>) surnomm\u00e9s \u00ab\u00a0Pagode\u00a0\u00bb ont \u00e9t\u00e9\u00a0<strong>SAUVAGEMENT<\/strong> d\u00e9truits en 1962 pour suivre la mode de la modernit\u00e9.<\/p><p>Il reste \u00e0 ce jour , 87 \u00e9dicules r\u00e9partis sur 61 stations, dont les plus beaux sont ceux des stations Porte Dauphine , <a href=\"https:\/\/web.archive.org\/web\/20220521091340\/http:\/\/www.parisinconnu.com\/metro-guimard\/ligne-4\/\" data-type=\"page\" data-id=\"31\">Ch\u00e2telet (Place Ste Opportune)<\/a> et <a href=\"https:\/\/web.archive.org\/web\/20220521091340\/http:\/\/www.parisinconnu.com\/metro-guimard\/ligne-12\/\" data-type=\"page\" data-id=\"55\">Abbesses (Edicule d\u00e9plac\u00e9 de la station Hotel de Ville)<\/a><\/p>\t\t\t\t\t\t\t\t<\/div>\n\t\t\t\t\t<\/div>\n\t\t\t\t<\/div>\n\t\t<div class=\"elementor-element elementor-element-5a65fd8 e-flex e-con-boxed e-con e-parent\" data-id=\"5a65fd8\" data-element_type=\"container\" data-e-type=\"container\">\n\t\t\t\t\t<div class=\"e-con-inner\">\n\t\t<div class=\"elementor-element elementor-element-a90cfc5 e-con-full e-flex e-con e-child\" data-id=\"a90cfc5\" data-element_type=\"container\" data-e-type=\"container\">\n\t\t\t\t<div class=\"elementor-element elementor-element-29e33e3 elementor-widget elementor-widget-image\" data-id=\"29e33e3\" data-element_type=\"widget\" data-e-type=\"widget\" data-widget_type=\"image.default\">\n\t\t\t\t\t\t\t\t\t\t\t\t\t\t\t<img alt=\"\" loading=\"lazy\" decoding=\"async\" width=\"300\" height=\"225\" src=\"https:\/\/www.paris-ancien.fr\/metro-guimard\/wp-content\/uploads\/2025\/12\/station-portedauphine-300x225.jpg\" class=\"attachment-medium size-medium wp-image-168\" alt=\"\" srcset=\"https:\/\/www.paris-ancien.fr\/metro-guimard\/wp-content\/uploads\/2025\/12\/station-portedauphine-300x225.jpg 300w, https:\/\/www.paris-ancien.fr\/metro-guimard\/wp-content\/uploads\/2025\/12\/station-portedauphine-1024x768.jpg 1024w, https:\/\/www.paris-ancien.fr\/metro-guimard\/wp-content\/uploads\/2025\/12\/station-portedauphine-768x576.jpg 768w, https:\/\/www.paris-ancien.fr\/metro-guimard\/wp-content\/uploads\/2025\/12\/station-portedauphine-1536x1152.jpg 1536w, https:\/\/www.paris-ancien.fr\/metro-guimard\/wp-content\/uploads\/2025\/12\/station-portedauphine.jpg 1600w\" sizes=\"(max-width: 300px) 100vw, 300px\" \/>\t\t\t\t\t\t\t\t\t\t\t\t\t\t\t<\/div>\n\t\t\t\t<\/div>\n\t\t<div class=\"elementor-element elementor-element-14bd65b e-con-full e-flex e-con e-child\" data-id=\"14bd65b\" data-element_type=\"container\" data-e-type=\"container\">\n\t\t\t\t<div class=\"elementor-element elementor-element-938d1b4 elementor-widget elementor-widget-image\" data-id=\"938d1b4\" data-element_type=\"widget\" data-e-type=\"widget\" data-widget_type=\"image.default\">\n\t\t\t\t\t\t\t\t\t\t\t\t\t\t\t<img alt=\"\" loading=\"lazy\" decoding=\"async\" width=\"300\" height=\"225\" src=\"https:\/\/www.paris-ancien.fr\/metro-guimard\/wp-content\/uploads\/2025\/12\/station-abbesses-300x225.jpg\" class=\"attachment-medium size-medium wp-image-638\" alt=\"\" srcset=\"https:\/\/www.paris-ancien.fr\/metro-guimard\/wp-content\/uploads\/2025\/12\/station-abbesses-300x225.jpg 300w, https:\/\/www.paris-ancien.fr\/metro-guimard\/wp-content\/uploads\/2025\/12\/station-abbesses-1024x768.jpg 1024w, https:\/\/www.paris-ancien.fr\/metro-guimard\/wp-content\/uploads\/2025\/12\/station-abbesses-768x576.jpg 768w, https:\/\/www.paris-ancien.fr\/metro-guimard\/wp-content\/uploads\/2025\/12\/station-abbesses-1536x1152.jpg 1536w, https:\/\/www.paris-ancien.fr\/metro-guimard\/wp-content\/uploads\/2025\/12\/station-abbesses.jpg 1600w\" sizes=\"(max-width: 300px) 100vw, 300px\" \/>\t\t\t\t\t\t\t\t\t\t\t\t\t\t\t<\/div>\n\t\t\t\t<\/div>\n\t\t<div class=\"elementor-element elementor-element-f9f9b28 e-con-full e-flex e-con e-child\" data-id=\"f9f9b28\" data-element_type=\"container\" data-e-type=\"container\">\n\t\t\t\t<div class=\"elementor-element elementor-element-6816c4d elementor-widget elementor-widget-image\" data-id=\"6816c4d\" data-element_type=\"widget\" data-e-type=\"widget\" data-widget_type=\"image.default\">\n\t\t\t\t\t\t\t\t\t\t\t\t\t\t\t<img alt=\"\" loading=\"lazy\" decoding=\"async\" width=\"300\" height=\"225\" src=\"https:\/\/www.paris-ancien.fr\/metro-guimard\/wp-content\/uploads\/2025\/12\/station-chatelet-opportune-300x225.jpg\" class=\"attachment-medium size-medium wp-image-156\" alt=\"\" srcset=\"https:\/\/www.paris-ancien.fr\/metro-guimard\/wp-content\/uploads\/2025\/12\/station-chatelet-opportune-300x225.jpg 300w, https:\/\/www.paris-ancien.fr\/metro-guimard\/wp-content\/uploads\/2025\/12\/station-chatelet-opportune-1024x768.jpg 1024w, https:\/\/www.paris-ancien.fr\/metro-guimard\/wp-content\/uploads\/2025\/12\/station-chatelet-opportune-768x576.jpg 768w, https:\/\/www.paris-ancien.fr\/metro-guimard\/wp-content\/uploads\/2025\/12\/station-chatelet-opportune-1536x1152.jpg 1536w, https:\/\/www.paris-ancien.fr\/metro-guimard\/wp-content\/uploads\/2025\/12\/station-chatelet-opportune.jpg 1600w\" sizes=\"(max-width: 300px) 100vw, 300px\" \/>\t\t\t\t\t\t\t\t\t\t\t\t\t\t\t<\/div>\n\t\t\t\t<\/div>\n\t\t\t\t\t<\/div>\n\t\t\t\t<\/div>\n\t\t<div class=\"elementor-element elementor-element-67f12ab e-flex e-con-boxed e-con e-parent\" data-id=\"67f12ab\" data-element_type=\"container\" data-e-type=\"container\">\n\t\t\t\t\t<div class=\"e-con-inner\">\n\t\t\t\t<div class=\"elementor-element elementor-element-44feecf elementor-widget elementor-widget-spacer\" data-id=\"44feecf\" data-element_type=\"widget\" data-e-type=\"widget\" data-widget_type=\"spacer.default\">\n\t\t\t\t\t\t\t<div class=\"elementor-spacer\">\n\t\t\t<div class=\"elementor-spacer-inner\"><\/div>\n\t\t<\/div>\n\t\t\t\t\t\t<\/div>\n\t\t\t\t\t<\/div>\n\t\t\t\t<\/div>\n\t\t\t\t<\/div>\n\t\t","protected":false},"excerpt":{"rendered":"<p>Biographie d&rsquo;Hector Guimard Hector Germain Guimard est n\u00e9 le 10 mars 1867 \u00e0 Lyon. Il est admis le 11 octobre [&hellip;]<\/p>\n","protected":false},"author":1,"featured_media":0,"parent":0,"menu_order":0,"comment_status":"closed","ping_status":"closed","template":"elementor_header_footer","meta":{"_seopress_robots_primary_cat":"","_seopress_titles_title":"","_seopress_titles_desc":"Hector Guimard - Entr\u00e9es de M\u00e9tro Parisien , Edicules, marquises , pagode, style nouille, villas art nouveau paris et ailleurs - Biographie","_seopress_robots_index":"","_monsterinsights_skip_tracking":false,"_monsterinsights_sitenote_active":false,"_monsterinsights_sitenote_note":"","_monsterinsights_sitenote_category":0,"site-sidebar-layout":"no-sidebar","site-content-layout":"","ast-site-content-layout":"full-width-container","site-content-style":"default","site-sidebar-style":"default","ast-global-header-display":"","ast-banner-title-visibility":"","ast-main-header-display":"","ast-hfb-above-header-display":"","ast-hfb-below-header-display":"","ast-hfb-mobile-header-display":"","site-post-title":"disabled","ast-breadcrumbs-content":"","ast-featured-img":"disabled","footer-sml-layout":"","ast-disable-related-posts":"","theme-transparent-header-meta":"","adv-header-id-meta":"","stick-header-meta":"","header-above-stick-meta":"","header-main-stick-meta":"","header-below-stick-meta":"","astra-migrate-meta-layouts":"default","ast-page-background-enabled":"default","ast-page-background-meta":{"desktop":{"background-color":"var(--ast-global-color-5)","background-image":"","background-repeat":"repeat","background-position":"center center","background-size":"auto","background-attachment":"scroll","background-type":"","background-media":"","overlay-type":"","overlay-color":"","overlay-opacity":"","overlay-gradient":""},"tablet":{"background-color":"","background-image":"","background-repeat":"repeat","background-position":"center center","background-size":"auto","background-attachment":"scroll","background-type":"","background-media":"","overlay-type":"","overlay-color":"","overlay-opacity":"","overlay-gradient":""},"mobile":{"background-color":"","background-image":"","background-repeat":"repeat","background-position":"center center","background-size":"auto","background-attachment":"scroll","background-type":"","background-media":"","overlay-type":"","overlay-color":"","overlay-opacity":"","overlay-gradient":""}},"ast-content-background-meta":{"desktop":{"background-color":"var(--ast-global-color-4)","background-image":"","background-repeat":"repeat","background-position":"center center","background-size":"auto","background-attachment":"scroll","background-type":"","background-media":"","overlay-type":"","overlay-color":"","overlay-opacity":"","overlay-gradient":""},"tablet":{"background-color":"var(--ast-global-color-4)","background-image":"","background-repeat":"repeat","background-position":"center center","background-size":"auto","background-attachment":"scroll","background-type":"","background-media":"","overlay-type":"","overlay-color":"","overlay-opacity":"","overlay-gradient":""},"mobile":{"background-color":"var(--ast-global-color-4)","background-image":"","background-repeat":"repeat","background-position":"center center","background-size":"auto","background-attachment":"scroll","background-type":"","background-media":"","overlay-type":"","overlay-color":"","overlay-opacity":"","overlay-gradient":""}},"footnotes":""},"class_list":["post-54","page","type-page","status-publish","hentry"],"_links":{"self":[{"href":"https:\/\/www.paris-ancien.fr\/metro-guimard\/wp-json\/wp\/v2\/pages\/54","targetHints":{"allow":["GET"]}}],"collection":[{"href":"https:\/\/www.paris-ancien.fr\/metro-guimard\/wp-json\/wp\/v2\/pages"}],"about":[{"href":"https:\/\/www.paris-ancien.fr\/metro-guimard\/wp-json\/wp\/v2\/types\/page"}],"author":[{"embeddable":true,"href":"https:\/\/www.paris-ancien.fr\/metro-guimard\/wp-json\/wp\/v2\/users\/1"}],"replies":[{"embeddable":true,"href":"https:\/\/www.paris-ancien.fr\/metro-guimard\/wp-json\/wp\/v2\/comments?post=54"}],"version-history":[{"count":35,"href":"https:\/\/www.paris-ancien.fr\/metro-guimard\/wp-json\/wp\/v2\/pages\/54\/revisions"}],"predecessor-version":[{"id":1017,"href":"https:\/\/www.paris-ancien.fr\/metro-guimard\/wp-json\/wp\/v2\/pages\/54\/revisions\/1017"}],"wp:attachment":[{"href":"https:\/\/www.paris-ancien.fr\/metro-guimard\/wp-json\/wp\/v2\/media?parent=54"}],"curies":[{"name":"wp","href":"https:\/\/api.w.org\/{rel}","templated":true}]}}