{"id":39,"date":"2025-12-29T21:54:11","date_gmt":"2025-12-29T20:54:11","guid":{"rendered":"https:\/\/www.paris-ancien.fr\/cadrans-solaires\/?page_id=39"},"modified":"2025-12-31T22:22:27","modified_gmt":"2025-12-31T21:22:27","slug":"16e-arrondissement","status":"publish","type":"page","link":"https:\/\/www.paris-ancien.fr\/cadrans-solaires\/16e-arrondissement\/","title":{"rendered":"16e Arrondissement"},"content":{"rendered":"\t\t<div data-elementor-type=\"wp-page\" data-elementor-id=\"39\" class=\"elementor elementor-39\">\n\t\t\t\t<div class=\"elementor-element elementor-element-f9f24c1 e-flex e-con-boxed e-con e-parent\" data-id=\"f9f24c1\" data-element_type=\"container\" data-e-type=\"container\">\n\t\t\t\t\t<div class=\"e-con-inner\">\n\t\t\t\t<div class=\"elementor-element elementor-element-eddcafe elementor-widget elementor-widget-heading\" data-id=\"eddcafe\" data-element_type=\"widget\" data-e-type=\"widget\" data-widget_type=\"heading.default\">\n\t\t\t\t\t<h2 class=\"elementor-heading-title elementor-size-default\">16e Arrondissement<\/h2>\t\t\t\t<\/div>\n\t\t\t\t\t<\/div>\n\t\t\t\t<\/div>\n\t\t<div class=\"elementor-element elementor-element-fa915a1 e-flex e-con-boxed e-con e-parent\" data-id=\"fa915a1\" data-element_type=\"container\" data-e-type=\"container\">\n\t\t\t\t\t<div class=\"e-con-inner\">\n\t\t\t\t<div class=\"elementor-element elementor-element-acccbcb elementor-widget elementor-widget-heading\" data-id=\"acccbcb\" data-element_type=\"widget\" data-e-type=\"widget\" data-widget_type=\"heading.default\">\n\t\t\t\t\t<h4 class=\"elementor-heading-title elementor-size-default\">Square Lamartine<\/h4>\t\t\t\t<\/div>\n\t\t\t\t\t<\/div>\n\t\t\t\t<\/div>\n\t\t<div class=\"elementor-element elementor-element-772f26b e-flex e-con-boxed e-con e-parent\" data-id=\"772f26b\" data-element_type=\"container\" data-e-type=\"container\">\n\t\t\t\t\t<div class=\"e-con-inner\">\n\t\t\t\t<div class=\"elementor-element elementor-element-baa5c1d elementor-widget elementor-widget-text-editor\" data-id=\"baa5c1d\" data-element_type=\"widget\" data-e-type=\"widget\" data-widget_type=\"text-editor.default\">\n\t\t\t\t\t\t\t\t\t<p>Cadran solaire proche du Square Lamartine s\u2019appelant pr\u00e9c\u00e9demment Square Victor Hugo. Ce square est sur l\u2019emplacement d\u2019un ancien puits art\u00e9sien. Les signes du zodiaque sont visibles sur ce cadran solaire. Cadran solaire orient\u00e9 sud ouest.<\/p>\t\t\t\t\t\t\t\t<\/div>\n\t\t\t\t\t<\/div>\n\t\t\t\t<\/div>\n\t\t<div class=\"elementor-element elementor-element-fab70b4 e-flex e-con-boxed e-con e-parent\" data-id=\"fab70b4\" data-element_type=\"container\" data-e-type=\"container\">\n\t\t\t\t\t<div class=\"e-con-inner\">\n\t\t<div class=\"elementor-element elementor-element-3d4a0a1 e-con-full e-flex e-con e-child\" data-id=\"3d4a0a1\" data-element_type=\"container\" data-e-type=\"container\">\n\t\t\t\t<div class=\"elementor-element elementor-element-1c939a7 elementor-widget elementor-widget-google_maps\" data-id=\"1c939a7\" data-element_type=\"widget\" data-e-type=\"widget\" data-widget_type=\"google_maps.default\">\n\t\t\t\t\t\t\t<div class=\"elementor-custom-embed\">\n\t\t\t<iframe loading=\"lazy\"\n\t\t\t\t\tsrc=\"https:\/\/maps.google.com\/maps?q=48.864470347907066%2C%202.27524473179904&#038;t=m&#038;z=15&#038;output=embed&#038;iwloc=near\"\n\t\t\t\t\ttitle=\"48.864470347907066, 2.27524473179904\"\n\t\t\t\t\taria-label=\"48.864470347907066, 2.27524473179904\"\n\t\t\t><\/iframe>\n\t\t<\/div>\n\t\t\t\t\t\t<\/div>\n\t\t\t\t<\/div>\n\t\t<div class=\"elementor-element elementor-element-ebf90eb e-con-full e-flex e-con e-child\" data-id=\"ebf90eb\" data-element_type=\"container\" data-e-type=\"container\">\n\t\t\t\t<div class=\"elementor-element elementor-element-e924a5c elementor-widget elementor-widget-image\" data-id=\"e924a5c\" data-element_type=\"widget\" data-e-type=\"widget\" data-widget_type=\"image.default\">\n\t\t\t\t\t\t\t\t\t\t\t\t\t\t\t\t<a href=\"https:\/\/www.paris-ancien.fr\/cadrans-solaires\/wp-content\/uploads\/2025\/12\/square-lamartine-1.jpg\" data-elementor-open-lightbox=\"yes\" data-elementor-lightbox-title=\"square-lamartine\" data-e-action-hash=\"#elementor-action%3Aaction%3Dlightbox%26settings%3DeyJpZCI6MjgwLCJ1cmwiOiJodHRwczpcL1wvd3d3LnBhcmlzLWFuY2llbi5mclwvY2FkcmFucy1zb2xhaXJlc1wvd3AtY29udGVudFwvdXBsb2Fkc1wvMjAyNVwvMTJcL3NxdWFyZS1sYW1hcnRpbmUtMS5qcGcifQ%3D%3D\">\n\t\t\t\t\t\t\t<img alt=\"\" fetchpriority=\"high\" decoding=\"async\" width=\"768\" height=\"576\" src=\"https:\/\/www.paris-ancien.fr\/cadrans-solaires\/wp-content\/uploads\/2025\/12\/square-lamartine-1-768x576.jpg\" class=\"attachment-medium_large size-medium_large wp-image-280\" alt=\"\" srcset=\"https:\/\/www.paris-ancien.fr\/cadrans-solaires\/wp-content\/uploads\/2025\/12\/square-lamartine-1-768x576.jpg 768w, https:\/\/www.paris-ancien.fr\/cadrans-solaires\/wp-content\/uploads\/2025\/12\/square-lamartine-1-300x225.jpg 300w, https:\/\/www.paris-ancien.fr\/cadrans-solaires\/wp-content\/uploads\/2025\/12\/square-lamartine-1-1024x768.jpg 1024w, https:\/\/www.paris-ancien.fr\/cadrans-solaires\/wp-content\/uploads\/2025\/12\/square-lamartine-1-1536x1152.jpg 1536w, https:\/\/www.paris-ancien.fr\/cadrans-solaires\/wp-content\/uploads\/2025\/12\/square-lamartine-1.jpg 1600w\" sizes=\"(max-width: 768px) 100vw, 768px\" \/>\t\t\t\t\t\t\t\t<\/a>\n\t\t\t\t\t\t\t\t\t\t\t\t\t\t\t<\/div>\n\t\t\t\t<\/div>\n\t\t\t\t\t<\/div>\n\t\t\t\t<\/div>\n\t\t<div class=\"elementor-element elementor-element-a59b4b9 e-flex e-con-boxed e-con e-parent\" data-id=\"a59b4b9\" data-element_type=\"container\" data-e-type=\"container\">\n\t\t\t\t\t<div class=\"e-con-inner\">\n\t\t\t\t<div class=\"elementor-element elementor-element-b17f310 elementor-widget elementor-widget-heading\" data-id=\"b17f310\" data-element_type=\"widget\" data-e-type=\"widget\" data-widget_type=\"heading.default\">\n\t\t\t\t\t<h4 class=\"elementor-heading-title elementor-size-default\">17 Rue Boileau<\/h4>\t\t\t\t<\/div>\n\t\t\t\t\t<\/div>\n\t\t\t\t<\/div>\n\t\t<div class=\"elementor-element elementor-element-0145832 e-flex e-con-boxed e-con e-parent\" data-id=\"0145832\" data-element_type=\"container\" data-e-type=\"container\">\n\t\t\t\t\t<div class=\"e-con-inner\">\n\t\t\t\t<div class=\"elementor-element elementor-element-42a4dc9 elementor-widget elementor-widget-text-editor\" data-id=\"42a4dc9\" data-element_type=\"widget\" data-e-type=\"widget\" data-widget_type=\"text-editor.default\">\n\t\t\t\t\t\t\t\t\t<p>Cadran solaire grav\u00e9 en 1997 dans la cour d\u2019une \u00e9cole. Le cadran a \u00e9t\u00e9 fabriqu\u00e9 par les \u00e9l\u00e8ves de cette \u00e9cole. Gravures de plan\u00e8tes autour du cadran. Cadran orient\u00e9 vers l\u2019ouest. Cadran enlev\u00e9 r\u00e9cemment.<\/p>\t\t\t\t\t\t\t\t<\/div>\n\t\t\t\t\t<\/div>\n\t\t\t\t<\/div>\n\t\t<div class=\"elementor-element elementor-element-b8dd3c0 e-flex e-con-boxed e-con e-parent\" data-id=\"b8dd3c0\" data-element_type=\"container\" data-e-type=\"container\">\n\t\t\t\t\t<div class=\"e-con-inner\">\n\t\t<div class=\"elementor-element elementor-element-f02b54f e-con-full e-flex e-con e-child\" data-id=\"f02b54f\" data-element_type=\"container\" data-e-type=\"container\">\n\t\t\t\t<div class=\"elementor-element elementor-element-34ee444 elementor-widget elementor-widget-google_maps\" data-id=\"34ee444\" data-element_type=\"widget\" data-e-type=\"widget\" data-widget_type=\"google_maps.default\">\n\t\t\t\t\t\t\t<div class=\"elementor-custom-embed\">\n\t\t\t<iframe loading=\"lazy\"\n\t\t\t\t\tsrc=\"https:\/\/maps.google.com\/maps?q=17%20Rue%20Boileau%20%2C%20Paris&#038;t=m&#038;z=15&#038;output=embed&#038;iwloc=near\"\n\t\t\t\t\ttitle=\"17 Rue Boileau , Paris\"\n\t\t\t\t\taria-label=\"17 Rue Boileau , Paris\"\n\t\t\t><\/iframe>\n\t\t<\/div>\n\t\t\t\t\t\t<\/div>\n\t\t\t\t<\/div>\n\t\t<div class=\"elementor-element elementor-element-df1294e e-con-full e-flex e-con e-child\" data-id=\"df1294e\" data-element_type=\"container\" data-e-type=\"container\">\n\t\t\t\t<div class=\"elementor-element elementor-element-c51394a elementor-widget elementor-widget-image\" data-id=\"c51394a\" data-element_type=\"widget\" data-e-type=\"widget\" data-widget_type=\"image.default\">\n\t\t\t\t\t\t\t\t\t\t\t\t\t\t\t\t<a href=\"https:\/\/www.paris-ancien.fr\/cadrans-solaires\/wp-content\/uploads\/2025\/12\/rue-boileau.jpg\" data-elementor-open-lightbox=\"yes\" data-elementor-lightbox-title=\"rue-boileau\" data-e-action-hash=\"#elementor-action%3Aaction%3Dlightbox%26settings%3DeyJpZCI6Mjg0LCJ1cmwiOiJodHRwczpcL1wvd3d3LnBhcmlzLWFuY2llbi5mclwvY2FkcmFucy1zb2xhaXJlc1wvd3AtY29udGVudFwvdXBsb2Fkc1wvMjAyNVwvMTJcL3J1ZS1ib2lsZWF1LmpwZyJ9\">\n\t\t\t\t\t\t\t<img alt=\"\" decoding=\"async\" width=\"768\" height=\"576\" src=\"https:\/\/www.paris-ancien.fr\/cadrans-solaires\/wp-content\/uploads\/2025\/12\/rue-boileau-768x576.jpg\" class=\"attachment-medium_large size-medium_large wp-image-284\" alt=\"\" srcset=\"https:\/\/www.paris-ancien.fr\/cadrans-solaires\/wp-content\/uploads\/2025\/12\/rue-boileau-768x576.jpg 768w, https:\/\/www.paris-ancien.fr\/cadrans-solaires\/wp-content\/uploads\/2025\/12\/rue-boileau-300x225.jpg 300w, https:\/\/www.paris-ancien.fr\/cadrans-solaires\/wp-content\/uploads\/2025\/12\/rue-boileau-1024x768.jpg 1024w, https:\/\/www.paris-ancien.fr\/cadrans-solaires\/wp-content\/uploads\/2025\/12\/rue-boileau-1536x1152.jpg 1536w, https:\/\/www.paris-ancien.fr\/cadrans-solaires\/wp-content\/uploads\/2025\/12\/rue-boileau.jpg 1600w\" sizes=\"(max-width: 768px) 100vw, 768px\" \/>\t\t\t\t\t\t\t\t<\/a>\n\t\t\t\t\t\t\t\t\t\t\t\t\t\t\t<\/div>\n\t\t\t\t<\/div>\n\t\t\t\t\t<\/div>\n\t\t\t\t<\/div>\n\t\t<div class=\"elementor-element elementor-element-90fcde8 e-flex e-con-boxed e-con e-parent\" data-id=\"90fcde8\" data-element_type=\"container\" data-e-type=\"container\">\n\t\t\t\t\t<div class=\"e-con-inner\">\n\t\t\t\t<div class=\"elementor-element elementor-element-feb926d elementor-widget elementor-widget-spacer\" data-id=\"feb926d\" data-element_type=\"widget\" data-e-type=\"widget\" data-widget_type=\"spacer.default\">\n\t\t\t\t\t\t\t<div class=\"elementor-spacer\">\n\t\t\t<div class=\"elementor-spacer-inner\"><\/div>\n\t\t<\/div>\n\t\t\t\t\t\t<\/div>\n\t\t\t\t\t<\/div>\n\t\t\t\t<\/div>\n\t\t\t\t<\/div>\n\t\t","protected":false},"excerpt":{"rendered":"<p>16e Arrondissement Square Lamartine Cadran solaire proche du Square Lamartine s\u2019appelant pr\u00e9c\u00e9demment Square Victor Hugo. Ce square est sur l\u2019emplacement [&hellip;]<\/p>\n","protected":false},"author":1,"featured_media":0,"parent":0,"menu_order":0,"comment_status":"closed","ping_status":"closed","template":"","meta":{"_seopress_robots_primary_cat":"","_seopress_titles_title":"","_seopress_titles_desc":"Cadrans Solaires de Paris, m\u00e9ridiennes, gnomon, cadrans historiques, batiments historiques , vieux paris, facade, position du soleil - 16e arrondissement","_seopress_robots_index":"","_monsterinsights_skip_tracking":false,"_monsterinsights_sitenote_active":false,"_monsterinsights_sitenote_note":"","_monsterinsights_sitenote_category":0,"site-sidebar-layout":"no-sidebar","site-content-layout":"","ast-site-content-layout":"full-width-container","site-content-style":"default","site-sidebar-style":"default","ast-global-header-display":"","ast-banner-title-visibility":"","ast-main-header-display":"","ast-hfb-above-header-display":"","ast-hfb-below-header-display":"","ast-hfb-mobile-header-display":"","site-post-title":"disabled","ast-breadcrumbs-content":"","ast-featured-img":"disabled","footer-sml-layout":"","ast-disable-related-posts":"","theme-transparent-header-meta":"","adv-header-id-meta":"","stick-header-meta":"","header-above-stick-meta":"","header-main-stick-meta":"","header-below-stick-meta":"","astra-migrate-meta-layouts":"default","ast-page-background-enabled":"default","ast-page-background-meta":{"desktop":{"background-color":"var(--ast-global-color-5)","background-image":"","background-repeat":"repeat","background-position":"center center","background-size":"auto","background-attachment":"scroll","background-type":"","background-media":"","overlay-type":"","overlay-color":"","overlay-opacity":"","overlay-gradient":""},"tablet":{"background-color":"","background-image":"","background-repeat":"repeat","background-position":"center center","background-size":"auto","background-attachment":"scroll","background-type":"","background-media":"","overlay-type":"","overlay-color":"","overlay-opacity":"","overlay-gradient":""},"mobile":{"background-color":"","background-image":"","background-repeat":"repeat","background-position":"center center","background-size":"auto","background-attachment":"scroll","background-type":"","background-media":"","overlay-type":"","overlay-color":"","overlay-opacity":"","overlay-gradient":""}},"ast-content-background-meta":{"desktop":{"background-color":"var(--ast-global-color-4)","background-image":"","background-repeat":"repeat","background-position":"center center","background-size":"auto","background-attachment":"scroll","background-type":"","background-media":"","overlay-type":"","overlay-color":"","overlay-opacity":"","overlay-gradient":""},"tablet":{"background-color":"var(--ast-global-color-4)","background-image":"","background-repeat":"repeat","background-position":"center center","background-size":"auto","background-attachment":"scroll","background-type":"","background-media":"","overlay-type":"","overlay-color":"","overlay-opacity":"","overlay-gradient":""},"mobile":{"background-color":"var(--ast-global-color-4)","background-image":"","background-repeat":"repeat","background-position":"center center","background-size":"auto","background-attachment":"scroll","background-type":"","background-media":"","overlay-type":"","overlay-color":"","overlay-opacity":"","overlay-gradient":""}},"footnotes":""},"class_list":["post-39","page","type-page","status-publish","hentry"],"_links":{"self":[{"href":"https:\/\/www.paris-ancien.fr\/cadrans-solaires\/wp-json\/wp\/v2\/pages\/39","targetHints":{"allow":["GET"]}}],"collection":[{"href":"https:\/\/www.paris-ancien.fr\/cadrans-solaires\/wp-json\/wp\/v2\/pages"}],"about":[{"href":"https:\/\/www.paris-ancien.fr\/cadrans-solaires\/wp-json\/wp\/v2\/types\/page"}],"author":[{"embeddable":true,"href":"https:\/\/www.paris-ancien.fr\/cadrans-solaires\/wp-json\/wp\/v2\/users\/1"}],"replies":[{"embeddable":true,"href":"https:\/\/www.paris-ancien.fr\/cadrans-solaires\/wp-json\/wp\/v2\/comments?post=39"}],"version-history":[{"count":26,"href":"https:\/\/www.paris-ancien.fr\/cadrans-solaires\/wp-json\/wp\/v2\/pages\/39\/revisions"}],"predecessor-version":[{"id":961,"href":"https:\/\/www.paris-ancien.fr\/cadrans-solaires\/wp-json\/wp\/v2\/pages\/39\/revisions\/961"}],"wp:attachment":[{"href":"https:\/\/www.paris-ancien.fr\/cadrans-solaires\/wp-json\/wp\/v2\/media?parent=39"}],"curies":[{"name":"wp","href":"https:\/\/api.w.org\/{rel}","templated":true}]}}