{"id":33,"date":"2025-12-29T21:53:19","date_gmt":"2025-12-29T20:53:19","guid":{"rendered":"https:\/\/www.paris-ancien.fr\/cadrans-solaires\/?page_id=33"},"modified":"2025-12-31T22:17:15","modified_gmt":"2025-12-31T21:17:15","slug":"13e-arrondissement","status":"publish","type":"page","link":"https:\/\/www.paris-ancien.fr\/cadrans-solaires\/13e-arrondissement\/","title":{"rendered":"13e Arrondissement"},"content":{"rendered":"\t\t<div data-elementor-type=\"wp-page\" data-elementor-id=\"33\" class=\"elementor elementor-33\">\n\t\t\t\t<div class=\"elementor-element elementor-element-b6cc254 e-flex e-con-boxed e-con e-parent\" data-id=\"b6cc254\" data-element_type=\"container\" data-e-type=\"container\">\n\t\t\t\t\t<div class=\"e-con-inner\">\n\t\t\t\t<div class=\"elementor-element elementor-element-2e2d147 elementor-widget elementor-widget-heading\" data-id=\"2e2d147\" data-element_type=\"widget\" data-e-type=\"widget\" data-widget_type=\"heading.default\">\n\t\t\t\t\t<h2 class=\"elementor-heading-title elementor-size-default\">13e Arrondissement<\/h2>\t\t\t\t<\/div>\n\t\t\t\t\t<\/div>\n\t\t\t\t<\/div>\n\t\t<div class=\"elementor-element elementor-element-cd12423 e-flex e-con-boxed e-con e-parent\" data-id=\"cd12423\" data-element_type=\"container\" data-e-type=\"container\">\n\t\t\t\t\t<div class=\"e-con-inner\">\n\t\t\t\t<div class=\"elementor-element elementor-element-966313d elementor-widget elementor-widget-heading\" data-id=\"966313d\" data-element_type=\"widget\" data-e-type=\"widget\" data-widget_type=\"heading.default\">\n\t\t\t\t\t<h4 class=\"elementor-heading-title elementor-size-default\">Chapelle, H\u00f4pital de la Piti\u00e9-Salp\u00e9tri\u00e8re<\/h4>\t\t\t\t<\/div>\n\t\t\t\t\t<\/div>\n\t\t\t\t<\/div>\n\t\t<div class=\"elementor-element elementor-element-709e86b e-flex e-con-boxed e-con e-parent\" data-id=\"709e86b\" data-element_type=\"container\" data-e-type=\"container\">\n\t\t\t\t\t<div class=\"e-con-inner\">\n\t\t\t\t<div class=\"elementor-element elementor-element-a397f7a elementor-widget elementor-widget-text-editor\" data-id=\"a397f7a\" data-element_type=\"widget\" data-e-type=\"widget\" data-widget_type=\"text-editor.default\">\n\t\t\t\t\t\t\t\t\t<p>M\u00e9ridienne situ\u00e9 sur la facade sud de la chapelle.<\/p>\t\t\t\t\t\t\t\t<\/div>\n\t\t\t\t\t<\/div>\n\t\t\t\t<\/div>\n\t\t<div class=\"elementor-element elementor-element-5aa54e5 e-flex e-con-boxed e-con e-parent\" data-id=\"5aa54e5\" data-element_type=\"container\" data-e-type=\"container\">\n\t\t\t\t\t<div class=\"e-con-inner\">\n\t\t<div class=\"elementor-element elementor-element-e65924f e-con-full e-flex e-con e-child\" data-id=\"e65924f\" data-element_type=\"container\" data-e-type=\"container\">\n\t\t\t\t<div class=\"elementor-element elementor-element-720d106 elementor-widget elementor-widget-google_maps\" data-id=\"720d106\" data-element_type=\"widget\" data-e-type=\"widget\" data-widget_type=\"google_maps.default\">\n\t\t\t\t\t\t\t<div class=\"elementor-custom-embed\">\n\t\t\t<iframe loading=\"lazy\"\n\t\t\t\t\tsrc=\"https:\/\/maps.google.com\/maps?q=Chapelle%2C%20H%C3%B4pital%20de%20la%20Piti%C3%A9-Salp%C3%A9tri%C3%A8re%2C%20Paris&#038;t=m&#038;z=15&#038;output=embed&#038;iwloc=near\"\n\t\t\t\t\ttitle=\"Chapelle, H\u00f4pital de la Piti\u00e9-Salp\u00e9tri\u00e8re, Paris\"\n\t\t\t\t\taria-label=\"Chapelle, H\u00f4pital de la Piti\u00e9-Salp\u00e9tri\u00e8re, Paris\"\n\t\t\t><\/iframe>\n\t\t<\/div>\n\t\t\t\t\t\t<\/div>\n\t\t\t\t<\/div>\n\t\t<div class=\"elementor-element elementor-element-0a477a8 e-con-full e-flex e-con e-child\" data-id=\"0a477a8\" data-element_type=\"container\" data-e-type=\"container\">\n\t\t\t\t<div class=\"elementor-element elementor-element-4f3c05f elementor-widget elementor-widget-image\" data-id=\"4f3c05f\" data-element_type=\"widget\" data-e-type=\"widget\" data-widget_type=\"image.default\">\n\t\t\t\t\t\t\t\t\t\t\t\t\t\t\t\t<a href=\"https:\/\/www.paris-ancien.fr\/cadrans-solaires\/wp-content\/uploads\/2025\/12\/meridienne-salpetriere.jpg\" data-elementor-open-lightbox=\"yes\" data-elementor-lightbox-title=\"meridienne-salpetriere\" data-e-action-hash=\"#elementor-action%3Aaction%3Dlightbox%26settings%3DeyJpZCI6MTc3LCJ1cmwiOiJodHRwczpcL1wvd3d3LnBhcmlzLWFuY2llbi5mclwvY2FkcmFucy1zb2xhaXJlc1wvd3AtY29udGVudFwvdXBsb2Fkc1wvMjAyNVwvMTJcL21lcmlkaWVubmUtc2FscGV0cmllcmUuanBnIn0%3D\">\n\t\t\t\t\t\t\t<img alt=\"\" fetchpriority=\"high\" decoding=\"async\" width=\"768\" height=\"576\" src=\"https:\/\/www.paris-ancien.fr\/cadrans-solaires\/wp-content\/uploads\/2025\/12\/meridienne-salpetriere-768x576.jpg\" class=\"attachment-medium_large size-medium_large wp-image-177\" alt=\"\" srcset=\"https:\/\/www.paris-ancien.fr\/cadrans-solaires\/wp-content\/uploads\/2025\/12\/meridienne-salpetriere-768x576.jpg 768w, https:\/\/www.paris-ancien.fr\/cadrans-solaires\/wp-content\/uploads\/2025\/12\/meridienne-salpetriere-300x225.jpg 300w, https:\/\/www.paris-ancien.fr\/cadrans-solaires\/wp-content\/uploads\/2025\/12\/meridienne-salpetriere-1024x768.jpg 1024w, https:\/\/www.paris-ancien.fr\/cadrans-solaires\/wp-content\/uploads\/2025\/12\/meridienne-salpetriere-1536x1152.jpg 1536w, https:\/\/www.paris-ancien.fr\/cadrans-solaires\/wp-content\/uploads\/2025\/12\/meridienne-salpetriere.jpg 1600w\" sizes=\"(max-width: 768px) 100vw, 768px\" \/>\t\t\t\t\t\t\t\t<\/a>\n\t\t\t\t\t\t\t\t\t\t\t\t\t\t\t<\/div>\n\t\t\t\t<\/div>\n\t\t\t\t\t<\/div>\n\t\t\t\t<\/div>\n\t\t<div class=\"elementor-element elementor-element-f118ac4 e-flex e-con-boxed e-con e-parent\" data-id=\"f118ac4\" data-element_type=\"container\" data-e-type=\"container\">\n\t\t\t\t\t<div class=\"e-con-inner\">\n\t\t\t\t<div class=\"elementor-element elementor-element-d634800 elementor-widget elementor-widget-spacer\" data-id=\"d634800\" data-element_type=\"widget\" data-e-type=\"widget\" data-widget_type=\"spacer.default\">\n\t\t\t\t\t\t\t<div class=\"elementor-spacer\">\n\t\t\t<div class=\"elementor-spacer-inner\"><\/div>\n\t\t<\/div>\n\t\t\t\t\t\t<\/div>\n\t\t\t\t\t<\/div>\n\t\t\t\t<\/div>\n\t\t\t\t<\/div>\n\t\t","protected":false},"excerpt":{"rendered":"<p>13e Arrondissement Chapelle, H\u00f4pital de la Piti\u00e9-Salp\u00e9tri\u00e8re M\u00e9ridienne situ\u00e9 sur la facade sud de la chapelle.<\/p>\n","protected":false},"author":1,"featured_media":0,"parent":0,"menu_order":0,"comment_status":"closed","ping_status":"closed","template":"","meta":{"_seopress_robots_primary_cat":"","_seopress_titles_title":"","_seopress_titles_desc":"Cadrans Solaires de Paris, m\u00e9ridiennes, gnomon, cadrans historiques, batiments historiques , vieux paris, facade, position du soleil - 13e arrondissement","_seopress_robots_index":"","_monsterinsights_skip_tracking":false,"_monsterinsights_sitenote_active":false,"_monsterinsights_sitenote_note":"","_monsterinsights_sitenote_category":0,"site-sidebar-layout":"no-sidebar","site-content-layout":"","ast-site-content-layout":"full-width-container","site-content-style":"default","site-sidebar-style":"default","ast-global-header-display":"","ast-banner-title-visibility":"","ast-main-header-display":"","ast-hfb-above-header-display":"","ast-hfb-below-header-display":"","ast-hfb-mobile-header-display":"","site-post-title":"disabled","ast-breadcrumbs-content":"","ast-featured-img":"disabled","footer-sml-layout":"","ast-disable-related-posts":"","theme-transparent-header-meta":"","adv-header-id-meta":"","stick-header-meta":"","header-above-stick-meta":"","header-main-stick-meta":"","header-below-stick-meta":"","astra-migrate-meta-layouts":"default","ast-page-background-enabled":"default","ast-page-background-meta":{"desktop":{"background-color":"var(--ast-global-color-5)","background-image":"","background-repeat":"repeat","background-position":"center center","background-size":"auto","background-attachment":"scroll","background-type":"","background-media":"","overlay-type":"","overlay-color":"","overlay-opacity":"","overlay-gradient":""},"tablet":{"background-color":"","background-image":"","background-repeat":"repeat","background-position":"center center","background-size":"auto","background-attachment":"scroll","background-type":"","background-media":"","overlay-type":"","overlay-color":"","overlay-opacity":"","overlay-gradient":""},"mobile":{"background-color":"","background-image":"","background-repeat":"repeat","background-position":"center center","background-size":"auto","background-attachment":"scroll","background-type":"","background-media":"","overlay-type":"","overlay-color":"","overlay-opacity":"","overlay-gradient":""}},"ast-content-background-meta":{"desktop":{"background-color":"var(--ast-global-color-4)","background-image":"","background-repeat":"repeat","background-position":"center center","background-size":"auto","background-attachment":"scroll","background-type":"","background-media":"","overlay-type":"","overlay-color":"","overlay-opacity":"","overlay-gradient":""},"tablet":{"background-color":"var(--ast-global-color-4)","background-image":"","background-repeat":"repeat","background-position":"center center","background-size":"auto","background-attachment":"scroll","background-type":"","background-media":"","overlay-type":"","overlay-color":"","overlay-opacity":"","overlay-gradient":""},"mobile":{"background-color":"var(--ast-global-color-4)","background-image":"","background-repeat":"repeat","background-position":"center center","background-size":"auto","background-attachment":"scroll","background-type":"","background-media":"","overlay-type":"","overlay-color":"","overlay-opacity":"","overlay-gradient":""}},"footnotes":""},"class_list":["post-33","page","type-page","status-publish","hentry"],"_links":{"self":[{"href":"https:\/\/www.paris-ancien.fr\/cadrans-solaires\/wp-json\/wp\/v2\/pages\/33","targetHints":{"allow":["GET"]}}],"collection":[{"href":"https:\/\/www.paris-ancien.fr\/cadrans-solaires\/wp-json\/wp\/v2\/pages"}],"about":[{"href":"https:\/\/www.paris-ancien.fr\/cadrans-solaires\/wp-json\/wp\/v2\/types\/page"}],"author":[{"embeddable":true,"href":"https:\/\/www.paris-ancien.fr\/cadrans-solaires\/wp-json\/wp\/v2\/users\/1"}],"replies":[{"embeddable":true,"href":"https:\/\/www.paris-ancien.fr\/cadrans-solaires\/wp-json\/wp\/v2\/comments?post=33"}],"version-history":[{"count":17,"href":"https:\/\/www.paris-ancien.fr\/cadrans-solaires\/wp-json\/wp\/v2\/pages\/33\/revisions"}],"predecessor-version":[{"id":945,"href":"https:\/\/www.paris-ancien.fr\/cadrans-solaires\/wp-json\/wp\/v2\/pages\/33\/revisions\/945"}],"wp:attachment":[{"href":"https:\/\/www.paris-ancien.fr\/cadrans-solaires\/wp-json\/wp\/v2\/media?parent=33"}],"curies":[{"name":"wp","href":"https:\/\/api.w.org\/{rel}","templated":true}]}}