{"id":29,"date":"2025-12-29T21:52:47","date_gmt":"2025-12-29T20:52:47","guid":{"rendered":"https:\/\/www.paris-ancien.fr\/cadrans-solaires\/?page_id=29"},"modified":"2025-12-31T22:11:37","modified_gmt":"2025-12-31T21:11:37","slug":"11e-arrondissement","status":"publish","type":"page","link":"https:\/\/www.paris-ancien.fr\/cadrans-solaires\/11e-arrondissement\/","title":{"rendered":"11e Arrondissement"},"content":{"rendered":"\t\t<div data-elementor-type=\"wp-page\" data-elementor-id=\"29\" class=\"elementor elementor-29\">\n\t\t\t\t<div class=\"elementor-element elementor-element-20e189f e-flex e-con-boxed e-con e-parent\" data-id=\"20e189f\" data-element_type=\"container\" data-e-type=\"container\">\n\t\t\t\t\t<div class=\"e-con-inner\">\n\t\t\t\t<div class=\"elementor-element elementor-element-77fed34 elementor-widget elementor-widget-heading\" data-id=\"77fed34\" data-element_type=\"widget\" data-e-type=\"widget\" data-widget_type=\"heading.default\">\n\t\t\t\t\t<h2 class=\"elementor-heading-title elementor-size-default\">11e Arrondissement<\/h2>\t\t\t\t<\/div>\n\t\t\t\t\t<\/div>\n\t\t\t\t<\/div>\n\t\t<div class=\"elementor-element elementor-element-266c989 e-flex e-con-boxed e-con e-parent\" data-id=\"266c989\" data-element_type=\"container\" data-e-type=\"container\">\n\t\t\t\t\t<div class=\"e-con-inner\">\n\t\t\t\t<div class=\"elementor-element elementor-element-778d468 elementor-widget elementor-widget-heading\" data-id=\"778d468\" data-element_type=\"widget\" data-e-type=\"widget\" data-widget_type=\"heading.default\">\n\t\t\t\t\t<h4 class=\"elementor-heading-title elementor-size-default\">46, Rue du Faubourg du Temple<\/h4>\t\t\t\t<\/div>\n\t\t\t\t\t<\/div>\n\t\t\t\t<\/div>\n\t\t<div class=\"elementor-element elementor-element-92e6148 e-flex e-con-boxed e-con e-parent\" data-id=\"92e6148\" data-element_type=\"container\" data-e-type=\"container\">\n\t\t\t\t\t<div class=\"e-con-inner\">\n\t\t\t\t<div class=\"elementor-element elementor-element-068b519 elementor-widget elementor-widget-text-editor\" data-id=\"068b519\" data-element_type=\"widget\" data-e-type=\"widget\" data-widget_type=\"text-editor.default\">\n\t\t\t\t\t\t\t\t\t<p>Cadran solaire construit en 1850 en m\u00eame temps que les immeubles de cette rue. Le cadran se trouve \u00e0 l\u2019int\u00e9rieur d\u2019une cour. cadran orn\u00e9 de 2 anneaux. Les lignes repr\u00e9sentant les demi-heures et heures forment un \u00e9ventail. Cadran l\u00e9g\u00e8rement orient\u00e9 vers l\u2019est. \u00a9 JPD<\/p>\t\t\t\t\t\t\t\t<\/div>\n\t\t\t\t\t<\/div>\n\t\t\t\t<\/div>\n\t\t<div class=\"elementor-element elementor-element-5003a88 e-flex e-con-boxed e-con e-parent\" data-id=\"5003a88\" data-element_type=\"container\" data-e-type=\"container\">\n\t\t\t\t\t<div class=\"e-con-inner\">\n\t\t<div class=\"elementor-element elementor-element-95ea9ec e-con-full e-flex e-con e-child\" data-id=\"95ea9ec\" data-element_type=\"container\" data-e-type=\"container\">\n\t\t\t\t<div class=\"elementor-element elementor-element-0dd1ee7 elementor-widget elementor-widget-google_maps\" data-id=\"0dd1ee7\" data-element_type=\"widget\" data-e-type=\"widget\" data-widget_type=\"google_maps.default\">\n\t\t\t\t\t\t\t<div class=\"elementor-custom-embed\">\n\t\t\t<iframe loading=\"lazy\"\n\t\t\t\t\tsrc=\"https:\/\/maps.google.com\/maps?q=12%20RUe%20Louis%20Blanc%2C%20Paris&#038;t=m&#038;z=15&#038;output=embed&#038;iwloc=near\"\n\t\t\t\t\ttitle=\"12 RUe Louis Blanc, Paris\"\n\t\t\t\t\taria-label=\"12 RUe Louis Blanc, Paris\"\n\t\t\t><\/iframe>\n\t\t<\/div>\n\t\t\t\t\t\t<\/div>\n\t\t\t\t<\/div>\n\t\t<div class=\"elementor-element elementor-element-102fe8a e-con-full e-flex e-con e-child\" data-id=\"102fe8a\" data-element_type=\"container\" data-e-type=\"container\">\n\t\t\t\t<div class=\"elementor-element elementor-element-c23b8e2 elementor-widget elementor-widget-image\" data-id=\"c23b8e2\" data-element_type=\"widget\" data-e-type=\"widget\" data-widget_type=\"image.default\">\n\t\t\t\t\t\t\t\t\t\t\t\t\t\t\t\t<a href=\"https:\/\/www.paris-ancien.fr\/cadrans-solaires\/wp-content\/uploads\/2025\/12\/cadran-faubourgdutemple.jpg\" data-elementor-open-lightbox=\"yes\" data-elementor-lightbox-title=\"cadran-faubourgdutemple\" data-e-action-hash=\"#elementor-action%3Aaction%3Dlightbox%26settings%3DeyJpZCI6MTI4LCJ1cmwiOiJodHRwczpcL1wvd3d3LnBhcmlzLWFuY2llbi5mclwvY2FkcmFucy1zb2xhaXJlc1wvd3AtY29udGVudFwvdXBsb2Fkc1wvMjAyNVwvMTJcL2NhZHJhbi1mYXVib3VyZ2R1dGVtcGxlLmpwZyJ9\">\n\t\t\t\t\t\t\t<img alt=\"\" fetchpriority=\"high\" decoding=\"async\" width=\"768\" height=\"576\" src=\"https:\/\/www.paris-ancien.fr\/cadrans-solaires\/wp-content\/uploads\/2025\/12\/cadran-faubourgdutemple-768x576.jpg\" class=\"attachment-medium_large size-medium_large wp-image-128\" alt=\"\" srcset=\"https:\/\/www.paris-ancien.fr\/cadrans-solaires\/wp-content\/uploads\/2025\/12\/cadran-faubourgdutemple-768x576.jpg 768w, https:\/\/www.paris-ancien.fr\/cadrans-solaires\/wp-content\/uploads\/2025\/12\/cadran-faubourgdutemple-300x225.jpg 300w, https:\/\/www.paris-ancien.fr\/cadrans-solaires\/wp-content\/uploads\/2025\/12\/cadran-faubourgdutemple.jpg 1024w\" sizes=\"(max-width: 768px) 100vw, 768px\" \/>\t\t\t\t\t\t\t\t<\/a>\n\t\t\t\t\t\t\t\t\t\t\t\t\t\t\t<\/div>\n\t\t\t\t<\/div>\n\t\t\t\t\t<\/div>\n\t\t\t\t<\/div>\n\t\t<div class=\"elementor-element elementor-element-35a7090 e-flex e-con-boxed e-con e-parent\" data-id=\"35a7090\" data-element_type=\"container\" data-e-type=\"container\">\n\t\t\t\t\t<div class=\"e-con-inner\">\n\t\t\t\t<div class=\"elementor-element elementor-element-ddd9023 elementor-widget elementor-widget-heading\" data-id=\"ddd9023\" data-element_type=\"widget\" data-e-type=\"widget\" data-widget_type=\"heading.default\">\n\t\t\t\t\t<h4 class=\"elementor-heading-title elementor-size-default\">Cour de l'Etoile d'Or<\/h4>\t\t\t\t<\/div>\n\t\t\t\t\t<\/div>\n\t\t\t\t<\/div>\n\t\t<div class=\"elementor-element elementor-element-58804fd e-flex e-con-boxed e-con e-parent\" data-id=\"58804fd\" data-element_type=\"container\" data-e-type=\"container\">\n\t\t\t\t\t<div class=\"e-con-inner\">\n\t\t\t\t<div class=\"elementor-element elementor-element-3b00c60 elementor-widget elementor-widget-text-editor\" data-id=\"3b00c60\" data-element_type=\"widget\" data-e-type=\"widget\" data-widget_type=\"text-editor.default\">\n\t\t\t\t\t\t\t\t\t<p>Cadran au bout d\u2019une cour dans le quartier du Faubourg St Antoine. Ce cadran est plac\u00e9 assez haut. Le nom de cette cour vient d\u2019un ancien cabaret qui se trouvait dans ce passage. Ce quartier comporte de nombreuses cours. Cadran datant de 1751 et l\u00e9g\u00e8rement orient\u00e9 vers l\u2019ouest.<\/p>\t\t\t\t\t\t\t\t<\/div>\n\t\t\t\t\t<\/div>\n\t\t\t\t<\/div>\n\t\t<div class=\"elementor-element elementor-element-c8b5367 e-flex e-con-boxed e-con e-parent\" data-id=\"c8b5367\" data-element_type=\"container\" data-e-type=\"container\">\n\t\t\t\t\t<div class=\"e-con-inner\">\n\t\t<div class=\"elementor-element elementor-element-10d3359 e-con-full e-flex e-con e-child\" data-id=\"10d3359\" data-element_type=\"container\" data-e-type=\"container\">\n\t\t\t\t<div class=\"elementor-element elementor-element-07a11e3 elementor-widget elementor-widget-google_maps\" data-id=\"07a11e3\" data-element_type=\"widget\" data-e-type=\"widget\" data-widget_type=\"google_maps.default\">\n\t\t\t\t\t\t\t<div class=\"elementor-custom-embed\">\n\t\t\t<iframe loading=\"lazy\"\n\t\t\t\t\tsrc=\"https:\/\/maps.google.com\/maps?q=cour%20de%20l%27%C3%A9toile%20d%27or%2C%20Paris&#038;t=m&#038;z=15&#038;output=embed&#038;iwloc=near\"\n\t\t\t\t\ttitle=\"cour de l&#039;\u00e9toile d&#039;or, Paris\"\n\t\t\t\t\taria-label=\"cour de l&#039;\u00e9toile d&#039;or, Paris\"\n\t\t\t><\/iframe>\n\t\t<\/div>\n\t\t\t\t\t\t<\/div>\n\t\t\t\t<\/div>\n\t\t<div class=\"elementor-element elementor-element-3cbbb21 e-con-full e-flex e-con e-child\" data-id=\"3cbbb21\" data-element_type=\"container\" data-e-type=\"container\">\n\t\t\t\t<div class=\"elementor-element elementor-element-13d174f elementor-widget elementor-widget-image\" data-id=\"13d174f\" data-element_type=\"widget\" data-e-type=\"widget\" data-widget_type=\"image.default\">\n\t\t\t\t\t\t\t\t\t\t\t\t\t\t\t\t<a href=\"https:\/\/www.paris-ancien.fr\/cadrans-solaires\/wp-content\/uploads\/2025\/12\/cour-etoileor.jpg\" data-elementor-open-lightbox=\"yes\" data-elementor-lightbox-title=\"cour-etoileor\" data-e-action-hash=\"#elementor-action%3Aaction%3Dlightbox%26settings%3DeyJpZCI6MTMzLCJ1cmwiOiJodHRwczpcL1wvd3d3LnBhcmlzLWFuY2llbi5mclwvY2FkcmFucy1zb2xhaXJlc1wvd3AtY29udGVudFwvdXBsb2Fkc1wvMjAyNVwvMTJcL2NvdXItZXRvaWxlb3IuanBnIn0%3D\">\n\t\t\t\t\t\t\t<img alt=\"\" decoding=\"async\" width=\"768\" height=\"576\" src=\"https:\/\/www.paris-ancien.fr\/cadrans-solaires\/wp-content\/uploads\/2025\/12\/cour-etoileor-768x576.jpg\" class=\"attachment-medium_large size-medium_large wp-image-133\" alt=\"\" srcset=\"https:\/\/www.paris-ancien.fr\/cadrans-solaires\/wp-content\/uploads\/2025\/12\/cour-etoileor-768x576.jpg 768w, https:\/\/www.paris-ancien.fr\/cadrans-solaires\/wp-content\/uploads\/2025\/12\/cour-etoileor-300x225.jpg 300w, https:\/\/www.paris-ancien.fr\/cadrans-solaires\/wp-content\/uploads\/2025\/12\/cour-etoileor-1024x768.jpg 1024w, https:\/\/www.paris-ancien.fr\/cadrans-solaires\/wp-content\/uploads\/2025\/12\/cour-etoileor-1536x1152.jpg 1536w, https:\/\/www.paris-ancien.fr\/cadrans-solaires\/wp-content\/uploads\/2025\/12\/cour-etoileor.jpg 1600w\" sizes=\"(max-width: 768px) 100vw, 768px\" \/>\t\t\t\t\t\t\t\t<\/a>\n\t\t\t\t\t\t\t\t\t\t\t\t\t\t\t<\/div>\n\t\t\t\t<\/div>\n\t\t\t\t\t<\/div>\n\t\t\t\t<\/div>\n\t\t<div class=\"elementor-element elementor-element-2b3d21f e-flex e-con-boxed e-con e-parent\" data-id=\"2b3d21f\" data-element_type=\"container\" data-e-type=\"container\">\n\t\t\t\t\t<div class=\"e-con-inner\">\n\t\t\t\t<div class=\"elementor-element elementor-element-fc08a75 elementor-widget elementor-widget-heading\" data-id=\"fc08a75\" data-element_type=\"widget\" data-e-type=\"widget\" data-widget_type=\"heading.default\">\n\t\t\t\t\t<h4 class=\"elementor-heading-title elementor-size-default\">Square Beauharnais<\/h4>\t\t\t\t<\/div>\n\t\t\t\t\t<\/div>\n\t\t\t\t<\/div>\n\t\t<div class=\"elementor-element elementor-element-b488397 e-flex e-con-boxed e-con e-parent\" data-id=\"b488397\" data-element_type=\"container\" data-e-type=\"container\">\n\t\t\t\t\t<div class=\"e-con-inner\">\n\t\t\t\t<div class=\"elementor-element elementor-element-db383e8 elementor-widget elementor-widget-text-editor\" data-id=\"db383e8\" data-element_type=\"widget\" data-e-type=\"widget\" data-widget_type=\"text-editor.default\">\n\t\t\t\t\t\t\t\t\t<p>Cadran construit en 1985 dans le square. Il s\u2019agit d\u2019un des plus grands d\u2019europe. Le square se trouve sur l\u2019emplacement d\u2019une ancienne cour. Le cadran est situ\u00e9 dans un petit amphith\u00e9atre. Le gnomon va jusqu\u2019a plus de 5 m\u00e8tres du sol. Ce cadran est orient\u00e9 plein sud.<\/p>\t\t\t\t\t\t\t\t<\/div>\n\t\t\t\t\t<\/div>\n\t\t\t\t<\/div>\n\t\t<div class=\"elementor-element elementor-element-655fc53 e-flex e-con-boxed e-con e-parent\" data-id=\"655fc53\" data-element_type=\"container\" data-e-type=\"container\">\n\t\t\t\t\t<div class=\"e-con-inner\">\n\t\t<div class=\"elementor-element elementor-element-900947b e-con-full e-flex e-con e-child\" data-id=\"900947b\" data-element_type=\"container\" data-e-type=\"container\">\n\t\t\t\t<div class=\"elementor-element elementor-element-acfc4ef elementor-widget elementor-widget-google_maps\" data-id=\"acfc4ef\" data-element_type=\"widget\" data-e-type=\"widget\" data-widget_type=\"google_maps.default\">\n\t\t\t\t\t\t\t<div class=\"elementor-custom-embed\">\n\t\t\t<iframe loading=\"lazy\"\n\t\t\t\t\tsrc=\"https:\/\/maps.google.com\/maps?q=jardin%20emile%20gall%C3%A9%2C%20Paris&#038;t=m&#038;z=15&#038;output=embed&#038;iwloc=near\"\n\t\t\t\t\ttitle=\"jardin emile gall\u00e9, Paris\"\n\t\t\t\t\taria-label=\"jardin emile gall\u00e9, Paris\"\n\t\t\t><\/iframe>\n\t\t<\/div>\n\t\t\t\t\t\t<\/div>\n\t\t\t\t<\/div>\n\t\t<div class=\"elementor-element elementor-element-fd65a9c e-con-full e-flex e-con e-child\" data-id=\"fd65a9c\" data-element_type=\"container\" data-e-type=\"container\">\n\t\t\t\t<div class=\"elementor-element elementor-element-d448475 elementor-widget elementor-widget-image\" data-id=\"d448475\" data-element_type=\"widget\" data-e-type=\"widget\" data-widget_type=\"image.default\">\n\t\t\t\t\t\t\t\t\t\t\t\t\t\t\t\t<a href=\"https:\/\/www.paris-ancien.fr\/cadrans-solaires\/wp-content\/uploads\/2025\/12\/square-beauharnais.jpg\" data-elementor-open-lightbox=\"yes\" data-elementor-lightbox-title=\"square-beauharnais\" data-e-action-hash=\"#elementor-action%3Aaction%3Dlightbox%26settings%3DeyJpZCI6MTQwLCJ1cmwiOiJodHRwczpcL1wvd3d3LnBhcmlzLWFuY2llbi5mclwvY2FkcmFucy1zb2xhaXJlc1wvd3AtY29udGVudFwvdXBsb2Fkc1wvMjAyNVwvMTJcL3NxdWFyZS1iZWF1aGFybmFpcy5qcGcifQ%3D%3D\">\n\t\t\t\t\t\t\t<img alt=\"\" decoding=\"async\" width=\"768\" height=\"576\" src=\"https:\/\/www.paris-ancien.fr\/cadrans-solaires\/wp-content\/uploads\/2025\/12\/square-beauharnais-768x576.jpg\" class=\"attachment-medium_large size-medium_large wp-image-140\" alt=\"\" srcset=\"https:\/\/www.paris-ancien.fr\/cadrans-solaires\/wp-content\/uploads\/2025\/12\/square-beauharnais-768x576.jpg 768w, https:\/\/www.paris-ancien.fr\/cadrans-solaires\/wp-content\/uploads\/2025\/12\/square-beauharnais-300x225.jpg 300w, https:\/\/www.paris-ancien.fr\/cadrans-solaires\/wp-content\/uploads\/2025\/12\/square-beauharnais-1024x768.jpg 1024w, https:\/\/www.paris-ancien.fr\/cadrans-solaires\/wp-content\/uploads\/2025\/12\/square-beauharnais-1536x1152.jpg 1536w, https:\/\/www.paris-ancien.fr\/cadrans-solaires\/wp-content\/uploads\/2025\/12\/square-beauharnais.jpg 1600w\" sizes=\"(max-width: 768px) 100vw, 768px\" \/>\t\t\t\t\t\t\t\t<\/a>\n\t\t\t\t\t\t\t\t\t\t\t\t\t\t\t<\/div>\n\t\t\t\t<\/div>\n\t\t\t\t\t<\/div>\n\t\t\t\t<\/div>\n\t\t<div class=\"elementor-element elementor-element-7a15ba4 e-flex e-con-boxed e-con e-parent\" data-id=\"7a15ba4\" data-element_type=\"container\" data-e-type=\"container\">\n\t\t\t\t\t<div class=\"e-con-inner\">\n\t\t\t\t<div class=\"elementor-element elementor-element-cdaa96a elementor-widget elementor-widget-heading\" data-id=\"cdaa96a\" data-element_type=\"widget\" data-e-type=\"widget\" data-widget_type=\"heading.default\">\n\t\t\t\t\t<h4 class=\"elementor-heading-title elementor-size-default\">59, Rue de Charonne<\/h4>\t\t\t\t<\/div>\n\t\t\t\t\t<\/div>\n\t\t\t\t<\/div>\n\t\t<div class=\"elementor-element elementor-element-489f87d e-flex e-con-boxed e-con e-parent\" data-id=\"489f87d\" data-element_type=\"container\" data-e-type=\"container\">\n\t\t\t\t\t<div class=\"e-con-inner\">\n\t\t\t\t<div class=\"elementor-element elementor-element-acbce31 elementor-widget elementor-widget-text-editor\" data-id=\"acbce31\" data-element_type=\"widget\" data-e-type=\"widget\" data-widget_type=\"text-editor.default\">\n\t\t\t\t\t\t\t\t\t<p>Cadran au 2e \u00e9tage d\u2019un immeuble dans une cour. Cet immeuble se situe dans une cit\u00e9 d\u2019artistes.<\/p>\t\t\t\t\t\t\t\t<\/div>\n\t\t\t\t\t<\/div>\n\t\t\t\t<\/div>\n\t\t<div class=\"elementor-element elementor-element-1988807 e-flex e-con-boxed e-con e-parent\" data-id=\"1988807\" data-element_type=\"container\" data-e-type=\"container\">\n\t\t\t\t\t<div class=\"e-con-inner\">\n\t\t<div class=\"elementor-element elementor-element-87b2698 e-con-full e-flex e-con e-child\" data-id=\"87b2698\" data-element_type=\"container\" data-e-type=\"container\">\n\t\t\t\t<div class=\"elementor-element elementor-element-3333507 elementor-widget elementor-widget-google_maps\" data-id=\"3333507\" data-element_type=\"widget\" data-e-type=\"widget\" data-widget_type=\"google_maps.default\">\n\t\t\t\t\t\t\t<div class=\"elementor-custom-embed\">\n\t\t\t<iframe loading=\"lazy\"\n\t\t\t\t\tsrc=\"https:\/\/maps.google.com\/maps?q=12%20RUe%20Louis%20Blanc%2C%20Paris&#038;t=m&#038;z=15&#038;output=embed&#038;iwloc=near\"\n\t\t\t\t\ttitle=\"12 RUe Louis Blanc, Paris\"\n\t\t\t\t\taria-label=\"12 RUe Louis Blanc, Paris\"\n\t\t\t><\/iframe>\n\t\t<\/div>\n\t\t\t\t\t\t<\/div>\n\t\t\t\t<\/div>\n\t\t<div class=\"elementor-element elementor-element-7f7ddd4 e-con-full e-flex e-con e-child\" data-id=\"7f7ddd4\" data-element_type=\"container\" data-e-type=\"container\">\n\t\t\t\t<div class=\"elementor-element elementor-element-0ad11db elementor-widget elementor-widget-image\" data-id=\"0ad11db\" data-element_type=\"widget\" data-e-type=\"widget\" data-widget_type=\"image.default\">\n\t\t\t\t\t\t\t\t\t\t\t\t\t\t\t\t<a href=\"https:\/\/www.paris-ancien.fr\/cadrans-solaires\/wp-content\/uploads\/2025\/12\/rue-charonne.jpg\" data-elementor-open-lightbox=\"yes\" data-elementor-lightbox-title=\"rue-charonne\" data-e-action-hash=\"#elementor-action%3Aaction%3Dlightbox%26settings%3DeyJpZCI6MTQ1LCJ1cmwiOiJodHRwczpcL1wvd3d3LnBhcmlzLWFuY2llbi5mclwvY2FkcmFucy1zb2xhaXJlc1wvd3AtY29udGVudFwvdXBsb2Fkc1wvMjAyNVwvMTJcL3J1ZS1jaGFyb25uZS5qcGcifQ%3D%3D\">\n\t\t\t\t\t\t\t<img alt=\"\" loading=\"lazy\" decoding=\"async\" width=\"768\" height=\"576\" src=\"https:\/\/www.paris-ancien.fr\/cadrans-solaires\/wp-content\/uploads\/2025\/12\/rue-charonne-768x576.jpg\" class=\"attachment-medium_large size-medium_large wp-image-145\" alt=\"\" srcset=\"https:\/\/www.paris-ancien.fr\/cadrans-solaires\/wp-content\/uploads\/2025\/12\/rue-charonne-768x576.jpg 768w, https:\/\/www.paris-ancien.fr\/cadrans-solaires\/wp-content\/uploads\/2025\/12\/rue-charonne-300x225.jpg 300w, https:\/\/www.paris-ancien.fr\/cadrans-solaires\/wp-content\/uploads\/2025\/12\/rue-charonne-1024x768.jpg 1024w, https:\/\/www.paris-ancien.fr\/cadrans-solaires\/wp-content\/uploads\/2025\/12\/rue-charonne-1536x1152.jpg 1536w, https:\/\/www.paris-ancien.fr\/cadrans-solaires\/wp-content\/uploads\/2025\/12\/rue-charonne.jpg 1600w\" sizes=\"(max-width: 768px) 100vw, 768px\" \/>\t\t\t\t\t\t\t\t<\/a>\n\t\t\t\t\t\t\t\t\t\t\t\t\t\t\t<\/div>\n\t\t\t\t<\/div>\n\t\t\t\t\t<\/div>\n\t\t\t\t<\/div>\n\t\t<div class=\"elementor-element elementor-element-18831b1 e-flex e-con-boxed e-con e-parent\" data-id=\"18831b1\" data-element_type=\"container\" data-e-type=\"container\">\n\t\t\t\t\t<div class=\"e-con-inner\">\n\t\t\t\t<div class=\"elementor-element elementor-element-5306b03 elementor-widget elementor-widget-spacer\" data-id=\"5306b03\" data-element_type=\"widget\" data-e-type=\"widget\" data-widget_type=\"spacer.default\">\n\t\t\t\t\t\t\t<div class=\"elementor-spacer\">\n\t\t\t<div class=\"elementor-spacer-inner\"><\/div>\n\t\t<\/div>\n\t\t\t\t\t\t<\/div>\n\t\t\t\t\t<\/div>\n\t\t\t\t<\/div>\n\t\t\t\t<\/div>\n\t\t","protected":false},"excerpt":{"rendered":"<p>11e Arrondissement 46, Rue du Faubourg du Temple Cadran solaire construit en 1850 en m\u00eame temps que les immeubles de [&hellip;]<\/p>\n","protected":false},"author":1,"featured_media":0,"parent":0,"menu_order":0,"comment_status":"closed","ping_status":"closed","template":"","meta":{"_seopress_robots_primary_cat":"","_seopress_titles_title":"","_seopress_titles_desc":"Cadrans Solaires de Paris, m\u00e9ridiennes, gnomon, cadrans historiques, batiments historiques , vieux paris, facade, position du soleil - 11e arrondissement","_seopress_robots_index":"","_monsterinsights_skip_tracking":false,"_monsterinsights_sitenote_active":false,"_monsterinsights_sitenote_note":"","_monsterinsights_sitenote_category":0,"site-sidebar-layout":"no-sidebar","site-content-layout":"","ast-site-content-layout":"full-width-container","site-content-style":"default","site-sidebar-style":"default","ast-global-header-display":"","ast-banner-title-visibility":"","ast-main-header-display":"","ast-hfb-above-header-display":"","ast-hfb-below-header-display":"","ast-hfb-mobile-header-display":"","site-post-title":"disabled","ast-breadcrumbs-content":"","ast-featured-img":"disabled","footer-sml-layout":"","ast-disable-related-posts":"","theme-transparent-header-meta":"","adv-header-id-meta":"","stick-header-meta":"","header-above-stick-meta":"","header-main-stick-meta":"","header-below-stick-meta":"","astra-migrate-meta-layouts":"default","ast-page-background-enabled":"default","ast-page-background-meta":{"desktop":{"background-color":"var(--ast-global-color-5)","background-image":"","background-repeat":"repeat","background-position":"center center","background-size":"auto","background-attachment":"scroll","background-type":"","background-media":"","overlay-type":"","overlay-color":"","overlay-opacity":"","overlay-gradient":""},"tablet":{"background-color":"","background-image":"","background-repeat":"repeat","background-position":"center center","background-size":"auto","background-attachment":"scroll","background-type":"","background-media":"","overlay-type":"","overlay-color":"","overlay-opacity":"","overlay-gradient":""},"mobile":{"background-color":"","background-image":"","background-repeat":"repeat","background-position":"center center","background-size":"auto","background-attachment":"scroll","background-type":"","background-media":"","overlay-type":"","overlay-color":"","overlay-opacity":"","overlay-gradient":""}},"ast-content-background-meta":{"desktop":{"background-color":"var(--ast-global-color-4)","background-image":"","background-repeat":"repeat","background-position":"center center","background-size":"auto","background-attachment":"scroll","background-type":"","background-media":"","overlay-type":"","overlay-color":"","overlay-opacity":"","overlay-gradient":""},"tablet":{"background-color":"var(--ast-global-color-4)","background-image":"","background-repeat":"repeat","background-position":"center center","background-size":"auto","background-attachment":"scroll","background-type":"","background-media":"","overlay-type":"","overlay-color":"","overlay-opacity":"","overlay-gradient":""},"mobile":{"background-color":"var(--ast-global-color-4)","background-image":"","background-repeat":"repeat","background-position":"center center","background-size":"auto","background-attachment":"scroll","background-type":"","background-media":"","overlay-type":"","overlay-color":"","overlay-opacity":"","overlay-gradient":""}},"footnotes":""},"class_list":["post-29","page","type-page","status-publish","hentry"],"_links":{"self":[{"href":"https:\/\/www.paris-ancien.fr\/cadrans-solaires\/wp-json\/wp\/v2\/pages\/29","targetHints":{"allow":["GET"]}}],"collection":[{"href":"https:\/\/www.paris-ancien.fr\/cadrans-solaires\/wp-json\/wp\/v2\/pages"}],"about":[{"href":"https:\/\/www.paris-ancien.fr\/cadrans-solaires\/wp-json\/wp\/v2\/types\/page"}],"author":[{"embeddable":true,"href":"https:\/\/www.paris-ancien.fr\/cadrans-solaires\/wp-json\/wp\/v2\/users\/1"}],"replies":[{"embeddable":true,"href":"https:\/\/www.paris-ancien.fr\/cadrans-solaires\/wp-json\/wp\/v2\/comments?post=29"}],"version-history":[{"count":35,"href":"https:\/\/www.paris-ancien.fr\/cadrans-solaires\/wp-json\/wp\/v2\/pages\/29\/revisions"}],"predecessor-version":[{"id":930,"href":"https:\/\/www.paris-ancien.fr\/cadrans-solaires\/wp-json\/wp\/v2\/pages\/29\/revisions\/930"}],"wp:attachment":[{"href":"https:\/\/www.paris-ancien.fr\/cadrans-solaires\/wp-json\/wp\/v2\/media?parent=29"}],"curies":[{"name":"wp","href":"https:\/\/api.w.org\/{rel}","templated":true}]}}