{"id":23,"date":"2025-12-29T21:51:44","date_gmt":"2025-12-29T20:51:44","guid":{"rendered":"https:\/\/www.paris-ancien.fr\/cadrans-solaires\/?page_id=23"},"modified":"2026-01-01T10:47:12","modified_gmt":"2026-01-01T09:47:12","slug":"8e-arrondissement","status":"publish","type":"page","link":"https:\/\/www.paris-ancien.fr\/cadrans-solaires\/8e-arrondissement\/","title":{"rendered":"8e Arrondissement"},"content":{"rendered":"\t\t<div data-elementor-type=\"wp-page\" data-elementor-id=\"23\" class=\"elementor elementor-23\">\n\t\t\t\t<div class=\"elementor-element elementor-element-30049b1 e-flex e-con-boxed e-con e-parent\" data-id=\"30049b1\" data-element_type=\"container\" data-e-type=\"container\">\n\t\t\t\t\t<div class=\"e-con-inner\">\n\t\t\t\t<div class=\"elementor-element elementor-element-7560a7b elementor-widget elementor-widget-heading\" data-id=\"7560a7b\" data-element_type=\"widget\" data-e-type=\"widget\" data-widget_type=\"heading.default\">\n\t\t\t\t\t<h2 class=\"elementor-heading-title elementor-size-default\">8e Arrondissement<\/h2>\t\t\t\t<\/div>\n\t\t\t\t\t<\/div>\n\t\t\t\t<\/div>\n\t\t<div class=\"elementor-element elementor-element-a73d159 e-flex e-con-boxed e-con e-parent\" data-id=\"a73d159\" data-element_type=\"container\" data-e-type=\"container\">\n\t\t\t\t\t<div class=\"e-con-inner\">\n\t\t\t\t<div class=\"elementor-element elementor-element-4367774 elementor-widget elementor-widget-heading\" data-id=\"4367774\" data-element_type=\"widget\" data-e-type=\"widget\" data-widget_type=\"heading.default\">\n\t\t\t\t\t<h4 class=\"elementor-heading-title elementor-size-default\">Lyc\u00e9e Chaptal, cot\u00e9 Rue Bernouilli<\/h4>\t\t\t\t<\/div>\n\t\t\t\t\t<\/div>\n\t\t\t\t<\/div>\n\t\t<div class=\"elementor-element elementor-element-e904442 e-flex e-con-boxed e-con e-parent\" data-id=\"e904442\" data-element_type=\"container\" data-e-type=\"container\">\n\t\t\t\t\t<div class=\"e-con-inner\">\n\t\t\t\t<div class=\"elementor-element elementor-element-f324032 elementor-widget elementor-widget-text-editor\" data-id=\"f324032\" data-element_type=\"widget\" data-e-type=\"widget\" data-widget_type=\"text-editor.default\">\n\t\t\t\t\t\t\t\t\t<p>Magnifique m\u00e9ridienne construit sur l\u2019une des facades de la cour du lycee. Ce lyc\u00e9e date de 1820 et fut appel\u00e9 Institution St Victor puis Ecole Francois 1er avant de s\u2019appeler coll\u00e8ge Chaptal. Les 12 signes du zodiaque sont grav\u00e9s ainsi que la correction de temps \u00e0 effectuer pour obtenir l\u2019heure l\u00e9gale par rapport \u00e0 l\u2019heure solaire. Orient\u00e9 l\u00e9g\u00e8rement vers l\u2019est.<\/p>\t\t\t\t\t\t\t\t<\/div>\n\t\t\t\t\t<\/div>\n\t\t\t\t<\/div>\n\t\t<div class=\"elementor-element elementor-element-f05a565 e-flex e-con-boxed e-con e-parent\" data-id=\"f05a565\" data-element_type=\"container\" data-e-type=\"container\">\n\t\t\t\t\t<div class=\"e-con-inner\">\n\t\t<div class=\"elementor-element elementor-element-d56e0b2 e-con-full e-flex e-con e-child\" data-id=\"d56e0b2\" data-element_type=\"container\" data-e-type=\"container\">\n\t\t\t\t<div class=\"elementor-element elementor-element-fd9078f elementor-widget elementor-widget-google_maps\" data-id=\"fd9078f\" data-element_type=\"widget\" data-e-type=\"widget\" data-widget_type=\"google_maps.default\">\n\t\t\t\t\t\t\t<div class=\"elementor-custom-embed\">\n\t\t\t<iframe loading=\"lazy\"\n\t\t\t\t\tsrc=\"https:\/\/maps.google.com\/maps?q=48.88073205435431%2C%202.3202550146538465&#038;t=m&#038;z=15&#038;output=embed&#038;iwloc=near\"\n\t\t\t\t\ttitle=\"48.88073205435431, 2.3202550146538465\"\n\t\t\t\t\taria-label=\"48.88073205435431, 2.3202550146538465\"\n\t\t\t><\/iframe>\n\t\t<\/div>\n\t\t\t\t\t\t<\/div>\n\t\t\t\t<\/div>\n\t\t<div class=\"elementor-element elementor-element-9e0e538 e-con-full e-flex e-con e-child\" data-id=\"9e0e538\" data-element_type=\"container\" data-e-type=\"container\">\n\t\t\t\t<div class=\"elementor-element elementor-element-1ca13bc elementor-widget elementor-widget-image\" data-id=\"1ca13bc\" data-element_type=\"widget\" data-e-type=\"widget\" data-widget_type=\"image.default\">\n\t\t\t\t\t\t\t\t\t\t\t\t\t\t\t\t<a href=\"https:\/\/www.paris-ancien.fr\/cadrans-solaires\/wp-content\/uploads\/2025\/12\/lycee-chaptal.jpg\" data-elementor-open-lightbox=\"yes\" data-elementor-lightbox-title=\"lycee-chaptal\" data-e-action-hash=\"#elementor-action%3Aaction%3Dlightbox%26settings%3DeyJpZCI6ODgzLCJ1cmwiOiJodHRwczpcL1wvd3d3LnBhcmlzLWFuY2llbi5mclwvY2FkcmFucy1zb2xhaXJlc1wvd3AtY29udGVudFwvdXBsb2Fkc1wvMjAyNVwvMTJcL2x5Y2VlLWNoYXB0YWwuanBnIn0%3D\">\n\t\t\t\t\t\t\t<img alt=\"\" fetchpriority=\"high\" decoding=\"async\" width=\"768\" height=\"576\" src=\"https:\/\/www.paris-ancien.fr\/cadrans-solaires\/wp-content\/uploads\/2025\/12\/lycee-chaptal-768x576.jpg\" class=\"attachment-medium_large size-medium_large wp-image-883\" alt=\"\" srcset=\"https:\/\/www.paris-ancien.fr\/cadrans-solaires\/wp-content\/uploads\/2025\/12\/lycee-chaptal-768x576.jpg 768w, https:\/\/www.paris-ancien.fr\/cadrans-solaires\/wp-content\/uploads\/2025\/12\/lycee-chaptal-300x225.jpg 300w, https:\/\/www.paris-ancien.fr\/cadrans-solaires\/wp-content\/uploads\/2025\/12\/lycee-chaptal-1024x768.jpg 1024w, https:\/\/www.paris-ancien.fr\/cadrans-solaires\/wp-content\/uploads\/2025\/12\/lycee-chaptal-1536x1152.jpg 1536w, https:\/\/www.paris-ancien.fr\/cadrans-solaires\/wp-content\/uploads\/2025\/12\/lycee-chaptal.jpg 1600w\" sizes=\"(max-width: 768px) 100vw, 768px\" \/>\t\t\t\t\t\t\t\t<\/a>\n\t\t\t\t\t\t\t\t\t\t\t\t\t\t\t<\/div>\n\t\t\t\t<\/div>\n\t\t\t\t\t<\/div>\n\t\t\t\t<\/div>\n\t\t<div class=\"elementor-element elementor-element-ae6c85b e-flex e-con-boxed e-con e-parent\" data-id=\"ae6c85b\" data-element_type=\"container\" data-e-type=\"container\">\n\t\t\t\t\t<div class=\"e-con-inner\">\n\t\t\t\t<div class=\"elementor-element elementor-element-9d9e30c elementor-widget elementor-widget-heading\" data-id=\"9d9e30c\" data-element_type=\"widget\" data-e-type=\"widget\" data-widget_type=\"heading.default\">\n\t\t\t\t\t<h4 class=\"elementor-heading-title elementor-size-default\">H\u00f4tel Charost, 39 Rue Saint Honor\u00e9 <\/h4>\t\t\t\t<\/div>\n\t\t\t\t\t<\/div>\n\t\t\t\t<\/div>\n\t\t<div class=\"elementor-element elementor-element-50cbd29 e-flex e-con-boxed e-con e-parent\" data-id=\"50cbd29\" data-element_type=\"container\" data-e-type=\"container\">\n\t\t\t\t\t<div class=\"e-con-inner\">\n\t\t\t\t<div class=\"elementor-element elementor-element-403343b elementor-widget elementor-widget-text-editor\" data-id=\"403343b\" data-element_type=\"widget\" data-e-type=\"widget\" data-widget_type=\"text-editor.default\">\n\t\t\t\t\t\t\t\t\t<p>Cadrans se situant dans l\u2019enceinte de l\u2019h\u00f4tel Charost. L\u2019un est le cadran du matin et l\u2019autre de l\u2019apr\u00e8s midi. L\u2019h\u00f4tel date de 1723 et fut rachet\u00e9 plusieurs fois dont par Edouard VII. Les 2 cadrans sont \u00e0 l\u2019int\u00e9rieur de rectangles inclin\u00e9s. Le cadran de gauche est l\u00e9g\u00e8rement vers l\u2019est, l\u2019autre est pratiquement plein ouest. \u00a9 Commission des Cadrans solaires de la SAF A. Gotteland et G. Camus, \u00c9ditions du CNRS<\/p>\t\t\t\t\t\t\t\t<\/div>\n\t\t\t\t\t<\/div>\n\t\t\t\t<\/div>\n\t\t<div class=\"elementor-element elementor-element-c13c512 e-flex e-con-boxed e-con e-parent\" data-id=\"c13c512\" data-element_type=\"container\" data-e-type=\"container\">\n\t\t\t\t\t<div class=\"e-con-inner\">\n\t\t<div class=\"elementor-element elementor-element-3d56621 e-con-full e-flex e-con e-child\" data-id=\"3d56621\" data-element_type=\"container\" data-e-type=\"container\">\n\t\t\t\t<div class=\"elementor-element elementor-element-eec80ef elementor-widget elementor-widget-google_maps\" data-id=\"eec80ef\" data-element_type=\"widget\" data-e-type=\"widget\" data-widget_type=\"google_maps.default\">\n\t\t\t\t\t\t\t<div class=\"elementor-custom-embed\">\n\t\t\t<iframe loading=\"lazy\"\n\t\t\t\t\tsrc=\"https:\/\/maps.google.com\/maps?q=H%C3%B4tel%20Charost%2C%2039%20Rue%20Saint%20Honor%C3%A9%20%E2%80%8B%2C%20paris&#038;t=m&#038;z=15&#038;output=embed&#038;iwloc=near\"\n\t\t\t\t\ttitle=\"H\u00f4tel Charost, 39 Rue Saint Honor\u00e9 \u200b, paris\"\n\t\t\t\t\taria-label=\"H\u00f4tel Charost, 39 Rue Saint Honor\u00e9 \u200b, paris\"\n\t\t\t><\/iframe>\n\t\t<\/div>\n\t\t\t\t\t\t<\/div>\n\t\t\t\t<\/div>\n\t\t<div class=\"elementor-element elementor-element-c5d53e5 e-con-full e-flex e-con e-child\" data-id=\"c5d53e5\" data-element_type=\"container\" data-e-type=\"container\">\n\t\t\t\t<div class=\"elementor-element elementor-element-511d7a9 elementor-widget elementor-widget-image\" data-id=\"511d7a9\" data-element_type=\"widget\" data-e-type=\"widget\" data-widget_type=\"image.default\">\n\t\t\t\t\t\t\t\t\t\t\t\t\t\t\t\t<a href=\"https:\/\/www.paris-ancien.fr\/cadrans-solaires\/wp-content\/uploads\/2025\/12\/hotel-charost.jpg\" data-elementor-open-lightbox=\"yes\" data-elementor-lightbox-title=\"hotel-charost\" data-e-action-hash=\"#elementor-action%3Aaction%3Dlightbox%26settings%3DeyJpZCI6ODg1LCJ1cmwiOiJodHRwczpcL1wvd3d3LnBhcmlzLWFuY2llbi5mclwvY2FkcmFucy1zb2xhaXJlc1wvd3AtY29udGVudFwvdXBsb2Fkc1wvMjAyNVwvMTJcL2hvdGVsLWNoYXJvc3QuanBnIn0%3D\">\n\t\t\t\t\t\t\t<img alt=\"\" decoding=\"async\" width=\"768\" height=\"576\" src=\"https:\/\/www.paris-ancien.fr\/cadrans-solaires\/wp-content\/uploads\/2025\/12\/hotel-charost-768x576.jpg\" class=\"attachment-medium_large size-medium_large wp-image-885\" alt=\"\" srcset=\"https:\/\/www.paris-ancien.fr\/cadrans-solaires\/wp-content\/uploads\/2025\/12\/hotel-charost-768x576.jpg 768w, https:\/\/www.paris-ancien.fr\/cadrans-solaires\/wp-content\/uploads\/2025\/12\/hotel-charost-300x225.jpg 300w, https:\/\/www.paris-ancien.fr\/cadrans-solaires\/wp-content\/uploads\/2025\/12\/hotel-charost-1024x768.jpg 1024w, https:\/\/www.paris-ancien.fr\/cadrans-solaires\/wp-content\/uploads\/2025\/12\/hotel-charost-1536x1152.jpg 1536w, https:\/\/www.paris-ancien.fr\/cadrans-solaires\/wp-content\/uploads\/2025\/12\/hotel-charost.jpg 1600w\" sizes=\"(max-width: 768px) 100vw, 768px\" \/>\t\t\t\t\t\t\t\t<\/a>\n\t\t\t\t\t\t\t\t\t\t\t\t\t\t\t<\/div>\n\t\t\t\t<\/div>\n\t\t\t\t\t<\/div>\n\t\t\t\t<\/div>\n\t\t<div class=\"elementor-element elementor-element-60c92da e-flex e-con-boxed e-con e-parent\" data-id=\"60c92da\" data-element_type=\"container\" data-e-type=\"container\">\n\t\t\t\t\t<div class=\"e-con-inner\">\n\t\t\t\t<div class=\"elementor-element elementor-element-70dd268 elementor-widget elementor-widget-heading\" data-id=\"70dd268\" data-element_type=\"widget\" data-e-type=\"widget\" data-widget_type=\"heading.default\">\n\t\t\t\t\t<h4 class=\"elementor-heading-title elementor-size-default\">H\u00f4tel de Crillon, Place de la Concorde<\/h4>\t\t\t\t<\/div>\n\t\t\t\t\t<\/div>\n\t\t\t\t<\/div>\n\t\t<div class=\"elementor-element elementor-element-c884cdb e-flex e-con-boxed e-con e-parent\" data-id=\"c884cdb\" data-element_type=\"container\" data-e-type=\"container\">\n\t\t\t\t\t<div class=\"e-con-inner\">\n\t\t\t\t<div class=\"elementor-element elementor-element-12c12f2 elementor-widget elementor-widget-text-editor\" data-id=\"12c12f2\" data-element_type=\"widget\" data-e-type=\"widget\" data-widget_type=\"text-editor.default\">\n\t\t\t\t\t\t\t\t\t<p>M\u00e9ridienne se trouvant \u00e0 l\u2019int\u00e9rieur de la cour de cet h\u00f4tel. H\u00f4tel construit en 1777 de style Louis XVI. La m\u00e9ridienne est surmont\u00e9e d\u2019un angelot soutenant une sph\u00e8re c\u00e9leste. La m\u00e9ridienne a \u00e9t\u00e9 grav\u00e9e sur une plaque de marbre. Cette m\u00e9ridienne est l\u00e9g\u00e8rement orient\u00e9e vers l\u2019ouest.<\/p>\t\t\t\t\t\t\t\t<\/div>\n\t\t\t\t\t<\/div>\n\t\t\t\t<\/div>\n\t\t<div class=\"elementor-element elementor-element-b8105ab e-flex e-con-boxed e-con e-parent\" data-id=\"b8105ab\" data-element_type=\"container\" data-e-type=\"container\">\n\t\t\t\t\t<div class=\"e-con-inner\">\n\t\t<div class=\"elementor-element elementor-element-d3c935e e-con-full e-flex e-con e-child\" data-id=\"d3c935e\" data-element_type=\"container\" data-e-type=\"container\">\n\t\t\t\t<div class=\"elementor-element elementor-element-f8d7339 elementor-widget elementor-widget-google_maps\" data-id=\"f8d7339\" data-element_type=\"widget\" data-e-type=\"widget\" data-widget_type=\"google_maps.default\">\n\t\t\t\t\t\t\t<div class=\"elementor-custom-embed\">\n\t\t\t<iframe loading=\"lazy\"\n\t\t\t\t\tsrc=\"https:\/\/maps.google.com\/maps?q=hotel%20de%20Crillon%20%E2%80%8B%2C%20Paris%20&#038;t=m&#038;z=15&#038;output=embed&#038;iwloc=near\"\n\t\t\t\t\ttitle=\"hotel de Crillon \u200b, Paris \"\n\t\t\t\t\taria-label=\"hotel de Crillon \u200b, Paris \"\n\t\t\t><\/iframe>\n\t\t<\/div>\n\t\t\t\t\t\t<\/div>\n\t\t\t\t<\/div>\n\t\t<div class=\"elementor-element elementor-element-1fc34a3 e-con-full e-flex e-con e-child\" data-id=\"1fc34a3\" data-element_type=\"container\" data-e-type=\"container\">\n\t\t\t\t<div class=\"elementor-element elementor-element-562a477 elementor-widget elementor-widget-image\" data-id=\"562a477\" data-element_type=\"widget\" data-e-type=\"widget\" data-widget_type=\"image.default\">\n\t\t\t\t\t\t\t\t\t\t\t\t\t\t\t\t<a href=\"https:\/\/www.paris-ancien.fr\/cadrans-solaires\/wp-content\/uploads\/2025\/12\/crillon.jpg\" data-elementor-open-lightbox=\"yes\" data-elementor-lightbox-title=\"crillon\" data-e-action-hash=\"#elementor-action%3Aaction%3Dlightbox%26settings%3DeyJpZCI6ODg5LCJ1cmwiOiJodHRwczpcL1wvd3d3LnBhcmlzLWFuY2llbi5mclwvY2FkcmFucy1zb2xhaXJlc1wvd3AtY29udGVudFwvdXBsb2Fkc1wvMjAyNVwvMTJcL2NyaWxsb24uanBnIn0%3D\">\n\t\t\t\t\t\t\t<img alt=\"\" decoding=\"async\" width=\"768\" height=\"576\" src=\"https:\/\/www.paris-ancien.fr\/cadrans-solaires\/wp-content\/uploads\/2025\/12\/crillon-768x576.jpg\" class=\"attachment-medium_large size-medium_large wp-image-889\" alt=\"\" srcset=\"https:\/\/www.paris-ancien.fr\/cadrans-solaires\/wp-content\/uploads\/2025\/12\/crillon-768x576.jpg 768w, https:\/\/www.paris-ancien.fr\/cadrans-solaires\/wp-content\/uploads\/2025\/12\/crillon-300x225.jpg 300w, https:\/\/www.paris-ancien.fr\/cadrans-solaires\/wp-content\/uploads\/2025\/12\/crillon-1024x768.jpg 1024w, https:\/\/www.paris-ancien.fr\/cadrans-solaires\/wp-content\/uploads\/2025\/12\/crillon-1536x1152.jpg 1536w, https:\/\/www.paris-ancien.fr\/cadrans-solaires\/wp-content\/uploads\/2025\/12\/crillon.jpg 1600w\" sizes=\"(max-width: 768px) 100vw, 768px\" \/>\t\t\t\t\t\t\t\t<\/a>\n\t\t\t\t\t\t\t\t\t\t\t\t\t\t\t<\/div>\n\t\t\t\t<\/div>\n\t\t\t\t\t<\/div>\n\t\t\t\t<\/div>\n\t\t\t\t<\/div>\n\t\t","protected":false},"excerpt":{"rendered":"<p>8e Arrondissement Lyc\u00e9e Chaptal, cot\u00e9 Rue Bernouilli Magnifique m\u00e9ridienne construit sur l\u2019une des facades de la cour du lycee. Ce [&hellip;]<\/p>\n","protected":false},"author":1,"featured_media":0,"parent":0,"menu_order":0,"comment_status":"closed","ping_status":"closed","template":"","meta":{"_seopress_robots_primary_cat":"","_seopress_titles_title":"","_seopress_titles_desc":"Cadrans Solaires de Paris, m\u00e9ridiennes, gnomon, cadrans historiques, batiments historiques , vieux paris, facade, position du soleil - 8e arrondissement","_seopress_robots_index":"","_monsterinsights_skip_tracking":false,"_monsterinsights_sitenote_active":false,"_monsterinsights_sitenote_note":"","_monsterinsights_sitenote_category":0,"site-sidebar-layout":"no-sidebar","site-content-layout":"","ast-site-content-layout":"full-width-container","site-content-style":"default","site-sidebar-style":"default","ast-global-header-display":"","ast-banner-title-visibility":"","ast-main-header-display":"","ast-hfb-above-header-display":"","ast-hfb-below-header-display":"","ast-hfb-mobile-header-display":"","site-post-title":"disabled","ast-breadcrumbs-content":"","ast-featured-img":"disabled","footer-sml-layout":"","ast-disable-related-posts":"","theme-transparent-header-meta":"","adv-header-id-meta":"","stick-header-meta":"","header-above-stick-meta":"","header-main-stick-meta":"","header-below-stick-meta":"","astra-migrate-meta-layouts":"default","ast-page-background-enabled":"default","ast-page-background-meta":{"desktop":{"background-color":"var(--ast-global-color-5)","background-image":"","background-repeat":"repeat","background-position":"center center","background-size":"auto","background-attachment":"scroll","background-type":"","background-media":"","overlay-type":"","overlay-color":"","overlay-opacity":"","overlay-gradient":""},"tablet":{"background-color":"","background-image":"","background-repeat":"repeat","background-position":"center center","background-size":"auto","background-attachment":"scroll","background-type":"","background-media":"","overlay-type":"","overlay-color":"","overlay-opacity":"","overlay-gradient":""},"mobile":{"background-color":"","background-image":"","background-repeat":"repeat","background-position":"center center","background-size":"auto","background-attachment":"scroll","background-type":"","background-media":"","overlay-type":"","overlay-color":"","overlay-opacity":"","overlay-gradient":""}},"ast-content-background-meta":{"desktop":{"background-color":"var(--ast-global-color-4)","background-image":"","background-repeat":"repeat","background-position":"center center","background-size":"auto","background-attachment":"scroll","background-type":"","background-media":"","overlay-type":"","overlay-color":"","overlay-opacity":"","overlay-gradient":""},"tablet":{"background-color":"var(--ast-global-color-4)","background-image":"","background-repeat":"repeat","background-position":"center center","background-size":"auto","background-attachment":"scroll","background-type":"","background-media":"","overlay-type":"","overlay-color":"","overlay-opacity":"","overlay-gradient":""},"mobile":{"background-color":"var(--ast-global-color-4)","background-image":"","background-repeat":"repeat","background-position":"center center","background-size":"auto","background-attachment":"scroll","background-type":"","background-media":"","overlay-type":"","overlay-color":"","overlay-opacity":"","overlay-gradient":""}},"footnotes":""},"class_list":["post-23","page","type-page","status-publish","hentry"],"_links":{"self":[{"href":"https:\/\/www.paris-ancien.fr\/cadrans-solaires\/wp-json\/wp\/v2\/pages\/23","targetHints":{"allow":["GET"]}}],"collection":[{"href":"https:\/\/www.paris-ancien.fr\/cadrans-solaires\/wp-json\/wp\/v2\/pages"}],"about":[{"href":"https:\/\/www.paris-ancien.fr\/cadrans-solaires\/wp-json\/wp\/v2\/types\/page"}],"author":[{"embeddable":true,"href":"https:\/\/www.paris-ancien.fr\/cadrans-solaires\/wp-json\/wp\/v2\/users\/1"}],"replies":[{"embeddable":true,"href":"https:\/\/www.paris-ancien.fr\/cadrans-solaires\/wp-json\/wp\/v2\/comments?post=23"}],"version-history":[{"count":26,"href":"https:\/\/www.paris-ancien.fr\/cadrans-solaires\/wp-json\/wp\/v2\/pages\/23\/revisions"}],"predecessor-version":[{"id":1025,"href":"https:\/\/www.paris-ancien.fr\/cadrans-solaires\/wp-json\/wp\/v2\/pages\/23\/revisions\/1025"}],"wp:attachment":[{"href":"https:\/\/www.paris-ancien.fr\/cadrans-solaires\/wp-json\/wp\/v2\/media?parent=23"}],"curies":[{"name":"wp","href":"https:\/\/api.w.org\/{rel}","templated":true}]}}