{"id":11,"date":"2025-12-29T21:50:17","date_gmt":"2025-12-29T20:50:17","guid":{"rendered":"https:\/\/www.paris-ancien.fr\/cadrans-solaires\/?page_id=11"},"modified":"2025-12-31T22:30:03","modified_gmt":"2025-12-31T21:30:03","slug":"2e-arrondissement","status":"publish","type":"page","link":"https:\/\/www.paris-ancien.fr\/cadrans-solaires\/2e-arrondissement\/","title":{"rendered":"2e Arrondissement"},"content":{"rendered":"\t\t<div data-elementor-type=\"wp-page\" data-elementor-id=\"11\" class=\"elementor elementor-11\">\n\t\t\t\t<div class=\"elementor-element elementor-element-6692b9c e-flex e-con-boxed e-con e-parent\" data-id=\"6692b9c\" data-element_type=\"container\" data-e-type=\"container\">\n\t\t\t\t\t<div class=\"e-con-inner\">\n\t\t\t\t<div class=\"elementor-element elementor-element-8f20a91 elementor-widget elementor-widget-heading\" data-id=\"8f20a91\" data-element_type=\"widget\" data-e-type=\"widget\" data-widget_type=\"heading.default\">\n\t\t\t\t\t<h2 class=\"elementor-heading-title elementor-size-default\">2e Arrondissement<\/h2>\t\t\t\t<\/div>\n\t\t\t\t\t<\/div>\n\t\t\t\t<\/div>\n\t\t<div class=\"elementor-element elementor-element-212b841 e-flex e-con-boxed e-con e-parent\" data-id=\"212b841\" data-element_type=\"container\" data-e-type=\"container\">\n\t\t\t\t\t<div class=\"e-con-inner\">\n\t\t\t\t<div class=\"elementor-element elementor-element-ce3ed31 elementor-widget elementor-widget-heading\" data-id=\"ce3ed31\" data-element_type=\"widget\" data-e-type=\"widget\" data-widget_type=\"heading.default\">\n\t\t\t\t\t<h4 class=\"elementor-heading-title elementor-size-default\">H\u00f4tel Famini, 12 Rue Saint Sauveur<\/h4>\t\t\t\t<\/div>\n\t\t\t\t\t<\/div>\n\t\t\t\t<\/div>\n\t\t<div class=\"elementor-element elementor-element-010bec1 e-flex e-con-boxed e-con e-parent\" data-id=\"010bec1\" data-element_type=\"container\" data-e-type=\"container\">\n\t\t\t\t\t<div class=\"e-con-inner\">\n\t\t\t\t<div class=\"elementor-element elementor-element-85df638 elementor-widget elementor-widget-text-editor\" data-id=\"85df638\" data-element_type=\"widget\" data-e-type=\"widget\" data-widget_type=\"text-editor.default\">\n\t\t\t\t\t\t\t\t\t<p>Cadran solaire \u00e0 l\u2019angle des Rues Dussoubs et St Sauveur. Le cadran est us\u00e9 par le temps et les marques sont difficilement visibles. Il se trouve entre 2 fen\u00eatres. Cet h\u00f4tel date de 1774. La cour de cet h\u00f4tel servait d\u2019\u00e9curie. Cadran visible depuis la rue et orient\u00e9 l\u00e9g\u00e8rement vers l\u2019est.<\/p>\t\t\t\t\t\t\t\t<\/div>\n\t\t\t\t\t<\/div>\n\t\t\t\t<\/div>\n\t\t<div class=\"elementor-element elementor-element-58f6e95 e-flex e-con-boxed e-con e-parent\" data-id=\"58f6e95\" data-element_type=\"container\" data-e-type=\"container\">\n\t\t\t\t\t<div class=\"e-con-inner\">\n\t\t<div class=\"elementor-element elementor-element-e193b48 e-con-full e-flex e-con e-child\" data-id=\"e193b48\" data-element_type=\"container\" data-e-type=\"container\">\n\t\t\t\t<div class=\"elementor-element elementor-element-cebe3ca elementor-widget elementor-widget-google_maps\" data-id=\"cebe3ca\" data-element_type=\"widget\" data-e-type=\"widget\" data-widget_type=\"google_maps.default\">\n\t\t\t\t\t\t\t<div class=\"elementor-custom-embed\">\n\t\t\t<iframe loading=\"lazy\"\n\t\t\t\t\tsrc=\"https:\/\/maps.google.com\/maps?q=12%20Rue%20Saint%20Sauveur%2C%20paris%20&#038;t=m&#038;z=15&#038;output=embed&#038;iwloc=near\"\n\t\t\t\t\ttitle=\"12 Rue Saint Sauveur, paris \"\n\t\t\t\t\taria-label=\"12 Rue Saint Sauveur, paris \"\n\t\t\t><\/iframe>\n\t\t<\/div>\n\t\t\t\t\t\t<\/div>\n\t\t\t\t<\/div>\n\t\t<div class=\"elementor-element elementor-element-2d9f18e e-con-full e-flex e-con e-child\" data-id=\"2d9f18e\" data-element_type=\"container\" data-e-type=\"container\">\n\t\t\t\t<div class=\"elementor-element elementor-element-2e6b685 elementor-widget elementor-widget-image\" data-id=\"2e6b685\" data-element_type=\"widget\" data-e-type=\"widget\" data-widget_type=\"image.default\">\n\t\t\t\t\t\t\t\t\t\t\t\t\t\t\t\t<a href=\"https:\/\/www.paris-ancien.fr\/cadrans-solaires\/wp-content\/uploads\/2025\/12\/rue-stsauveur.jpg\" data-elementor-open-lightbox=\"yes\" data-elementor-lightbox-title=\"rue-stsauveur\" data-e-action-hash=\"#elementor-action%3Aaction%3Dlightbox%26settings%3DeyJpZCI6NDEwLCJ1cmwiOiJodHRwczpcL1wvd3d3LnBhcmlzLWFuY2llbi5mclwvY2FkcmFucy1zb2xhaXJlc1wvd3AtY29udGVudFwvdXBsb2Fkc1wvMjAyNVwvMTJcL3J1ZS1zdHNhdXZldXIuanBnIn0%3D\">\n\t\t\t\t\t\t\t<img alt=\"\" fetchpriority=\"high\" decoding=\"async\" width=\"768\" height=\"576\" src=\"https:\/\/www.paris-ancien.fr\/cadrans-solaires\/wp-content\/uploads\/2025\/12\/rue-stsauveur-768x576.jpg\" class=\"attachment-medium_large size-medium_large wp-image-410\" alt=\"\" srcset=\"https:\/\/www.paris-ancien.fr\/cadrans-solaires\/wp-content\/uploads\/2025\/12\/rue-stsauveur-768x576.jpg 768w, https:\/\/www.paris-ancien.fr\/cadrans-solaires\/wp-content\/uploads\/2025\/12\/rue-stsauveur-300x225.jpg 300w, https:\/\/www.paris-ancien.fr\/cadrans-solaires\/wp-content\/uploads\/2025\/12\/rue-stsauveur-1024x768.jpg 1024w, https:\/\/www.paris-ancien.fr\/cadrans-solaires\/wp-content\/uploads\/2025\/12\/rue-stsauveur-1536x1152.jpg 1536w, https:\/\/www.paris-ancien.fr\/cadrans-solaires\/wp-content\/uploads\/2025\/12\/rue-stsauveur.jpg 1600w\" sizes=\"(max-width: 768px) 100vw, 768px\" \/>\t\t\t\t\t\t\t\t<\/a>\n\t\t\t\t\t\t\t\t\t\t\t\t\t\t\t<\/div>\n\t\t\t\t<\/div>\n\t\t\t\t\t<\/div>\n\t\t\t\t<\/div>\n\t\t<div class=\"elementor-element elementor-element-5591965 e-flex e-con-boxed e-con e-parent\" data-id=\"5591965\" data-element_type=\"container\" data-e-type=\"container\">\n\t\t\t\t\t<div class=\"e-con-inner\">\n\t\t\t\t<div class=\"elementor-element elementor-element-fde1f90 elementor-widget elementor-widget-spacer\" data-id=\"fde1f90\" data-element_type=\"widget\" data-e-type=\"widget\" data-widget_type=\"spacer.default\">\n\t\t\t\t\t\t\t<div class=\"elementor-spacer\">\n\t\t\t<div class=\"elementor-spacer-inner\"><\/div>\n\t\t<\/div>\n\t\t\t\t\t\t<\/div>\n\t\t\t\t\t<\/div>\n\t\t\t\t<\/div>\n\t\t\t\t<\/div>\n\t\t","protected":false},"excerpt":{"rendered":"<p>2e Arrondissement H\u00f4tel Famini, 12 Rue Saint Sauveur Cadran solaire \u00e0 l\u2019angle des Rues Dussoubs et St Sauveur. Le cadran [&hellip;]<\/p>\n","protected":false},"author":1,"featured_media":0,"parent":0,"menu_order":0,"comment_status":"closed","ping_status":"closed","template":"","meta":{"_seopress_robots_primary_cat":"","_seopress_titles_title":"","_seopress_titles_desc":"Cadrans Solaires de Paris, m\u00e9ridiennes, gnomon, cadrans historiques, batiments historiques , vieux paris, facade, position du soleil - 2e arrondissement","_seopress_robots_index":"","_monsterinsights_skip_tracking":false,"_monsterinsights_sitenote_active":false,"_monsterinsights_sitenote_note":"","_monsterinsights_sitenote_category":0,"site-sidebar-layout":"no-sidebar","site-content-layout":"","ast-site-content-layout":"full-width-container","site-content-style":"default","site-sidebar-style":"default","ast-global-header-display":"","ast-banner-title-visibility":"","ast-main-header-display":"","ast-hfb-above-header-display":"","ast-hfb-below-header-display":"","ast-hfb-mobile-header-display":"","site-post-title":"disabled","ast-breadcrumbs-content":"","ast-featured-img":"disabled","footer-sml-layout":"","ast-disable-related-posts":"","theme-transparent-header-meta":"","adv-header-id-meta":"","stick-header-meta":"","header-above-stick-meta":"","header-main-stick-meta":"","header-below-stick-meta":"","astra-migrate-meta-layouts":"default","ast-page-background-enabled":"default","ast-page-background-meta":{"desktop":{"background-color":"var(--ast-global-color-5)","background-image":"","background-repeat":"repeat","background-position":"center center","background-size":"auto","background-attachment":"scroll","background-type":"","background-media":"","overlay-type":"","overlay-color":"","overlay-opacity":"","overlay-gradient":""},"tablet":{"background-color":"","background-image":"","background-repeat":"repeat","background-position":"center center","background-size":"auto","background-attachment":"scroll","background-type":"","background-media":"","overlay-type":"","overlay-color":"","overlay-opacity":"","overlay-gradient":""},"mobile":{"background-color":"","background-image":"","background-repeat":"repeat","background-position":"center center","background-size":"auto","background-attachment":"scroll","background-type":"","background-media":"","overlay-type":"","overlay-color":"","overlay-opacity":"","overlay-gradient":""}},"ast-content-background-meta":{"desktop":{"background-color":"var(--ast-global-color-4)","background-image":"","background-repeat":"repeat","background-position":"center center","background-size":"auto","background-attachment":"scroll","background-type":"","background-media":"","overlay-type":"","overlay-color":"","overlay-opacity":"","overlay-gradient":""},"tablet":{"background-color":"var(--ast-global-color-4)","background-image":"","background-repeat":"repeat","background-position":"center center","background-size":"auto","background-attachment":"scroll","background-type":"","background-media":"","overlay-type":"","overlay-color":"","overlay-opacity":"","overlay-gradient":""},"mobile":{"background-color":"var(--ast-global-color-4)","background-image":"","background-repeat":"repeat","background-position":"center center","background-size":"auto","background-attachment":"scroll","background-type":"","background-media":"","overlay-type":"","overlay-color":"","overlay-opacity":"","overlay-gradient":""}},"footnotes":""},"class_list":["post-11","page","type-page","status-publish","hentry"],"_links":{"self":[{"href":"https:\/\/www.paris-ancien.fr\/cadrans-solaires\/wp-json\/wp\/v2\/pages\/11","targetHints":{"allow":["GET"]}}],"collection":[{"href":"https:\/\/www.paris-ancien.fr\/cadrans-solaires\/wp-json\/wp\/v2\/pages"}],"about":[{"href":"https:\/\/www.paris-ancien.fr\/cadrans-solaires\/wp-json\/wp\/v2\/types\/page"}],"author":[{"embeddable":true,"href":"https:\/\/www.paris-ancien.fr\/cadrans-solaires\/wp-json\/wp\/v2\/users\/1"}],"replies":[{"embeddable":true,"href":"https:\/\/www.paris-ancien.fr\/cadrans-solaires\/wp-json\/wp\/v2\/comments?post=11"}],"version-history":[{"count":17,"href":"https:\/\/www.paris-ancien.fr\/cadrans-solaires\/wp-json\/wp\/v2\/pages\/11\/revisions"}],"predecessor-version":[{"id":996,"href":"https:\/\/www.paris-ancien.fr\/cadrans-solaires\/wp-json\/wp\/v2\/pages\/11\/revisions\/996"}],"wp:attachment":[{"href":"https:\/\/www.paris-ancien.fr\/cadrans-solaires\/wp-json\/wp\/v2\/media?parent=11"}],"curies":[{"name":"wp","href":"https:\/\/api.w.org\/{rel}","templated":true}]}}