{"id":589,"date":"2026-01-03T14:43:52","date_gmt":"2026-01-03T13:43:52","guid":{"rendered":"https:\/\/www.paris-ancien.fr\/balades-decouverte\/?page_id=589"},"modified":"2026-02-20T17:08:08","modified_gmt":"2026-02-20T16:08:08","slug":"parcours-23-peupliers","status":"publish","type":"page","link":"https:\/\/www.paris-ancien.fr\/balades-decouverte\/parcours-23-peupliers\/","title":{"rendered":"Parcours 23 &#8211; Peupliers"},"content":{"rendered":"\t\t<div data-elementor-type=\"wp-page\" data-elementor-id=\"589\" class=\"elementor elementor-589\">\n\t\t\t\t<div class=\"elementor-element elementor-element-7bf137a e-flex e-con-boxed e-con e-parent\" data-id=\"7bf137a\" data-element_type=\"container\" data-e-type=\"container\">\n\t\t\t\t\t<div class=\"e-con-inner\">\n\t\t\t\t<div class=\"elementor-element elementor-element-18b56a8 elementor-widget elementor-widget-heading\" data-id=\"18b56a8\" data-element_type=\"widget\" data-e-type=\"widget\" data-widget_type=\"heading.default\">\n\t\t\t\t\t<h2 class=\"elementor-heading-title elementor-size-default\">Parcours 23 - Bi\u00e8vre \u00e0 Paris - Peupliers<\/h2>\t\t\t\t<\/div>\n\t\t\t\t\t<\/div>\n\t\t\t\t<\/div>\n\t\t<div class=\"elementor-element elementor-element-1834c98 e-flex e-con-boxed e-con e-parent\" data-id=\"1834c98\" data-element_type=\"container\" data-e-type=\"container\">\n\t\t\t\t\t<div class=\"e-con-inner\">\n\t\t<div class=\"elementor-element elementor-element-6f18e84 e-con-full e-flex e-con e-child\" data-id=\"6f18e84\" data-element_type=\"container\" data-e-type=\"container\">\n\t\t\t\t<div class=\"elementor-element elementor-element-f246034 elementor-widget elementor-widget-image\" data-id=\"f246034\" data-element_type=\"widget\" data-e-type=\"widget\" data-widget_type=\"image.default\">\n\t\t\t\t\t\t\t\t\t\t\t\t\t\t\t\t<a href=\"https:\/\/www.paris-ancien.fr\/balades-decouverte\/wp-content\/uploads\/2026\/01\/abbe-henocque.jpg\" data-elementor-open-lightbox=\"yes\" data-elementor-lightbox-title=\"abbe henocque\" data-e-action-hash=\"#elementor-action%3Aaction%3Dlightbox%26settings%3DeyJpZCI6MjUyNCwidXJsIjoiaHR0cHM6XC9cL3d3dy5wYXJpcy1hbmNpZW4uZnJcL2JhbGFkZXMtZGVjb3V2ZXJ0ZVwvd3AtY29udGVudFwvdXBsb2Fkc1wvMjAyNlwvMDFcL2FiYmUtaGVub2NxdWUuanBnIn0%3D\">\n\t\t\t\t\t\t\t<img fetchpriority=\"high\" decoding=\"async\" width=\"768\" height=\"576\" src=\"https:\/\/www.paris-ancien.fr\/balades-decouverte\/wp-content\/uploads\/2026\/01\/abbe-henocque-768x576.jpg\" class=\"attachment-medium_large size-medium_large wp-image-2524\" alt=\"abbe henocque\" srcset=\"https:\/\/www.paris-ancien.fr\/balades-decouverte\/wp-content\/uploads\/2026\/01\/abbe-henocque-768x576.jpg 768w, https:\/\/www.paris-ancien.fr\/balades-decouverte\/wp-content\/uploads\/2026\/01\/abbe-henocque-300x225.jpg 300w, https:\/\/www.paris-ancien.fr\/balades-decouverte\/wp-content\/uploads\/2026\/01\/abbe-henocque-1024x768.jpg 1024w, https:\/\/www.paris-ancien.fr\/balades-decouverte\/wp-content\/uploads\/2026\/01\/abbe-henocque-1536x1152.jpg 1536w, https:\/\/www.paris-ancien.fr\/balades-decouverte\/wp-content\/uploads\/2026\/01\/abbe-henocque.jpg 1600w\" sizes=\"(max-width: 768px) 100vw, 768px\" \/>\t\t\t\t\t\t\t\t<\/a>\n\t\t\t\t\t\t\t\t\t\t\t\t\t\t\t<\/div>\n\t\t\t\t<\/div>\n\t\t<div class=\"elementor-element elementor-element-06f56f2 e-con-full e-flex e-con e-child\" data-id=\"06f56f2\" data-element_type=\"container\" data-e-type=\"container\">\n\t\t\t\t<div class=\"elementor-element elementor-element-7ce9eb4 elementor-widget elementor-widget-image\" data-id=\"7ce9eb4\" data-element_type=\"widget\" data-e-type=\"widget\" data-widget_type=\"image.default\">\n\t\t\t\t\t\t\t\t\t\t\t\t\t\t\t\t<a href=\"https:\/\/www.paris-ancien.fr\/balades-decouverte\/wp-content\/uploads\/2026\/01\/rue-dieulafoy.jpg\" data-elementor-open-lightbox=\"yes\" data-elementor-lightbox-title=\"rue dieulafoy\" data-e-action-hash=\"#elementor-action%3Aaction%3Dlightbox%26settings%3DeyJpZCI6MjUzNSwidXJsIjoiaHR0cHM6XC9cL3d3dy5wYXJpcy1hbmNpZW4uZnJcL2JhbGFkZXMtZGVjb3V2ZXJ0ZVwvd3AtY29udGVudFwvdXBsb2Fkc1wvMjAyNlwvMDFcL3J1ZS1kaWV1bGFmb3kuanBnIn0%3D\">\n\t\t\t\t\t\t\t<img decoding=\"async\" width=\"768\" height=\"576\" src=\"https:\/\/www.paris-ancien.fr\/balades-decouverte\/wp-content\/uploads\/2026\/01\/rue-dieulafoy-768x576.jpg\" class=\"attachment-medium_large size-medium_large wp-image-2535\" alt=\"rue dieulafoy\" srcset=\"https:\/\/www.paris-ancien.fr\/balades-decouverte\/wp-content\/uploads\/2026\/01\/rue-dieulafoy-768x576.jpg 768w, https:\/\/www.paris-ancien.fr\/balades-decouverte\/wp-content\/uploads\/2026\/01\/rue-dieulafoy-300x225.jpg 300w, https:\/\/www.paris-ancien.fr\/balades-decouverte\/wp-content\/uploads\/2026\/01\/rue-dieulafoy-1024x768.jpg 1024w, https:\/\/www.paris-ancien.fr\/balades-decouverte\/wp-content\/uploads\/2026\/01\/rue-dieulafoy-1536x1152.jpg 1536w, https:\/\/www.paris-ancien.fr\/balades-decouverte\/wp-content\/uploads\/2026\/01\/rue-dieulafoy.jpg 1600w\" sizes=\"(max-width: 768px) 100vw, 768px\" \/>\t\t\t\t\t\t\t\t<\/a>\n\t\t\t\t\t\t\t\t\t\t\t\t\t\t\t<\/div>\n\t\t\t\t<\/div>\n\t\t<div class=\"elementor-element elementor-element-ac614f8 e-con-full e-flex e-con e-child\" data-id=\"ac614f8\" data-element_type=\"container\" data-e-type=\"container\">\n\t\t\t\t<div class=\"elementor-element elementor-element-799e2aa elementor-widget elementor-widget-text-editor\" data-id=\"799e2aa\" data-element_type=\"widget\" data-e-type=\"widget\" data-widget_type=\"text-editor.default\">\n\t\t\t\t\t\t\t\t\t<p>Prendre la Rue de la colonie sur la droite. Arriver\u00a0<b>Place de l&rsquo;Abb\u00e9 H\u00e9nocque<\/b>. Prendre la Rue Henri Pape l\u00e9g\u00e8rement \u00e0 droite puis la\u00a0<b>Rue Dieulafoy<\/b>\u00a0sur la droite.<\/p>\t\t\t\t\t\t\t\t<\/div>\n\t\t\t\t<\/div>\n\t\t\t\t\t<\/div>\n\t\t\t\t<\/div>\n\t\t<div class=\"elementor-element elementor-element-9a9f029 e-flex e-con-boxed e-con e-parent\" data-id=\"9a9f029\" data-element_type=\"container\" data-e-type=\"container\">\n\t\t\t\t\t<div class=\"e-con-inner\">\n\t\t<div class=\"elementor-element elementor-element-a4efa5e e-con-full e-flex e-con e-child\" data-id=\"a4efa5e\" data-element_type=\"container\" data-e-type=\"container\">\n\t\t\t\t<div class=\"elementor-element elementor-element-207d003 elementor-widget elementor-widget-image\" data-id=\"207d003\" data-element_type=\"widget\" data-e-type=\"widget\" data-widget_type=\"image.default\">\n\t\t\t\t\t\t\t\t\t\t\t\t\t\t\t\t<a href=\"https:\/\/www.paris-ancien.fr\/balades-decouverte\/wp-content\/uploads\/2026\/01\/rue-docteur-leray.jpg\" data-elementor-open-lightbox=\"yes\" data-elementor-lightbox-title=\"rue docteur leray\" data-e-action-hash=\"#elementor-action%3Aaction%3Dlightbox%26settings%3DeyJpZCI6MjU0NCwidXJsIjoiaHR0cHM6XC9cL3d3dy5wYXJpcy1hbmNpZW4uZnJcL2JhbGFkZXMtZGVjb3V2ZXJ0ZVwvd3AtY29udGVudFwvdXBsb2Fkc1wvMjAyNlwvMDFcL3J1ZS1kb2N0ZXVyLWxlcmF5LmpwZyJ9\">\n\t\t\t\t\t\t\t<img decoding=\"async\" width=\"768\" height=\"576\" src=\"https:\/\/www.paris-ancien.fr\/balades-decouverte\/wp-content\/uploads\/2026\/01\/rue-docteur-leray-768x576.jpg\" class=\"attachment-medium_large size-medium_large wp-image-2544\" alt=\"rue docteur leray\" srcset=\"https:\/\/www.paris-ancien.fr\/balades-decouverte\/wp-content\/uploads\/2026\/01\/rue-docteur-leray-768x576.jpg 768w, https:\/\/www.paris-ancien.fr\/balades-decouverte\/wp-content\/uploads\/2026\/01\/rue-docteur-leray-300x225.jpg 300w, https:\/\/www.paris-ancien.fr\/balades-decouverte\/wp-content\/uploads\/2026\/01\/rue-docteur-leray-1024x768.jpg 1024w, https:\/\/www.paris-ancien.fr\/balades-decouverte\/wp-content\/uploads\/2026\/01\/rue-docteur-leray-1536x1152.jpg 1536w, https:\/\/www.paris-ancien.fr\/balades-decouverte\/wp-content\/uploads\/2026\/01\/rue-docteur-leray.jpg 1600w\" sizes=\"(max-width: 768px) 100vw, 768px\" \/>\t\t\t\t\t\t\t\t<\/a>\n\t\t\t\t\t\t\t\t\t\t\t\t\t\t\t<\/div>\n\t\t\t\t<\/div>\n\t\t<div class=\"elementor-element elementor-element-13d9794 e-con-full e-flex e-con e-child\" data-id=\"13d9794\" data-element_type=\"container\" data-e-type=\"container\">\n\t\t\t\t<div class=\"elementor-element elementor-element-7d1cdf1 elementor-widget elementor-widget-image\" data-id=\"7d1cdf1\" data-element_type=\"widget\" data-e-type=\"widget\" data-widget_type=\"image.default\">\n\t\t\t\t\t\t\t\t\t\t\t\t\t\t\t\t<a href=\"https:\/\/www.paris-ancien.fr\/balades-decouverte\/wp-content\/uploads\/2026\/01\/championniere.jpg\" data-elementor-open-lightbox=\"yes\" data-elementor-lightbox-title=\"championniere\" data-e-action-hash=\"#elementor-action%3Aaction%3Dlightbox%26settings%3DeyJpZCI6MjUzOSwidXJsIjoiaHR0cHM6XC9cL3d3dy5wYXJpcy1hbmNpZW4uZnJcL2JhbGFkZXMtZGVjb3V2ZXJ0ZVwvd3AtY29udGVudFwvdXBsb2Fkc1wvMjAyNlwvMDFcL2NoYW1waW9ubmllcmUuanBnIn0%3D\">\n\t\t\t\t\t\t\t<img loading=\"lazy\" decoding=\"async\" width=\"768\" height=\"576\" src=\"https:\/\/www.paris-ancien.fr\/balades-decouverte\/wp-content\/uploads\/2026\/01\/championniere-768x576.jpg\" class=\"attachment-medium_large size-medium_large wp-image-2539\" alt=\"championniere\" srcset=\"https:\/\/www.paris-ancien.fr\/balades-decouverte\/wp-content\/uploads\/2026\/01\/championniere-768x576.jpg 768w, https:\/\/www.paris-ancien.fr\/balades-decouverte\/wp-content\/uploads\/2026\/01\/championniere-300x225.jpg 300w, https:\/\/www.paris-ancien.fr\/balades-decouverte\/wp-content\/uploads\/2026\/01\/championniere-1024x768.jpg 1024w, https:\/\/www.paris-ancien.fr\/balades-decouverte\/wp-content\/uploads\/2026\/01\/championniere-1536x1152.jpg 1536w, https:\/\/www.paris-ancien.fr\/balades-decouverte\/wp-content\/uploads\/2026\/01\/championniere.jpg 1600w\" sizes=\"(max-width: 768px) 100vw, 768px\" \/>\t\t\t\t\t\t\t\t<\/a>\n\t\t\t\t\t\t\t\t\t\t\t\t\t\t\t<\/div>\n\t\t\t\t<\/div>\n\t\t<div class=\"elementor-element elementor-element-aa4de98 e-con-full e-flex e-con e-child\" data-id=\"aa4de98\" data-element_type=\"container\" data-e-type=\"container\">\n\t\t\t\t<div class=\"elementor-element elementor-element-eb3b067 elementor-widget elementor-widget-text-editor\" data-id=\"eb3b067\" data-element_type=\"widget\" data-e-type=\"widget\" data-widget_type=\"text-editor.default\">\n\t\t\t\t\t\t\t\t\t<p>Reprendre la\u00a0<b>Rue du Docteur Leray<\/b>\u00a0en arri\u00e8re sur la droite puis la\u00a0<b>Rue du Dr Championni\u00e8re<\/b>\u00a0\u00e0 droite.<\/p>\t\t\t\t\t\t\t\t<\/div>\n\t\t\t\t<\/div>\n\t\t\t\t\t<\/div>\n\t\t\t\t<\/div>\n\t\t<div class=\"elementor-element elementor-element-8e3891d e-flex e-con-boxed e-con e-parent\" data-id=\"8e3891d\" data-element_type=\"container\" data-e-type=\"container\">\n\t\t\t\t\t<div class=\"e-con-inner\">\n\t\t<div class=\"elementor-element elementor-element-bb428b3 e-con-full e-flex e-con e-child\" data-id=\"bb428b3\" data-element_type=\"container\" data-e-type=\"container\">\n\t\t\t\t<div class=\"elementor-element elementor-element-cf1f3db elementor-widget elementor-widget-image\" data-id=\"cf1f3db\" data-element_type=\"widget\" data-e-type=\"widget\" data-widget_type=\"image.default\">\n\t\t\t\t\t\t\t\t\t\t\t\t\t\t\t\t<a href=\"https:\/\/www.paris-ancien.fr\/balades-decouverte\/wp-content\/uploads\/2026\/01\/impasse-damesme.jpg\" data-elementor-open-lightbox=\"yes\" data-elementor-lightbox-title=\"impasse damesme\" data-e-action-hash=\"#elementor-action%3Aaction%3Dlightbox%26settings%3DeyJpZCI6MjU0OCwidXJsIjoiaHR0cHM6XC9cL3d3dy5wYXJpcy1hbmNpZW4uZnJcL2JhbGFkZXMtZGVjb3V2ZXJ0ZVwvd3AtY29udGVudFwvdXBsb2Fkc1wvMjAyNlwvMDFcL2ltcGFzc2UtZGFtZXNtZS5qcGcifQ%3D%3D\">\n\t\t\t\t\t\t\t<img loading=\"lazy\" decoding=\"async\" width=\"768\" height=\"576\" src=\"https:\/\/www.paris-ancien.fr\/balades-decouverte\/wp-content\/uploads\/2026\/01\/impasse-damesme-768x576.jpg\" class=\"attachment-medium_large size-medium_large wp-image-2548\" alt=\"impasse damesme\" srcset=\"https:\/\/www.paris-ancien.fr\/balades-decouverte\/wp-content\/uploads\/2026\/01\/impasse-damesme-768x576.jpg 768w, https:\/\/www.paris-ancien.fr\/balades-decouverte\/wp-content\/uploads\/2026\/01\/impasse-damesme-300x225.jpg 300w, https:\/\/www.paris-ancien.fr\/balades-decouverte\/wp-content\/uploads\/2026\/01\/impasse-damesme-1024x768.jpg 1024w, https:\/\/www.paris-ancien.fr\/balades-decouverte\/wp-content\/uploads\/2026\/01\/impasse-damesme-1536x1152.jpg 1536w, https:\/\/www.paris-ancien.fr\/balades-decouverte\/wp-content\/uploads\/2026\/01\/impasse-damesme.jpg 1600w\" sizes=\"(max-width: 768px) 100vw, 768px\" \/>\t\t\t\t\t\t\t\t<\/a>\n\t\t\t\t\t\t\t\t\t\t\t\t\t\t\t<\/div>\n\t\t\t\t<\/div>\n\t\t<div class=\"elementor-element elementor-element-e6c3b49 e-con-full e-flex e-con e-child\" data-id=\"e6c3b49\" data-element_type=\"container\" data-e-type=\"container\">\n\t\t\t\t<div class=\"elementor-element elementor-element-433165c elementor-widget elementor-widget-image\" data-id=\"433165c\" data-element_type=\"widget\" data-e-type=\"widget\" data-widget_type=\"image.default\">\n\t\t\t\t\t\t\t\t\t\t\t\t\t\t\t\t<a href=\"https:\/\/www.paris-ancien.fr\/balades-decouverte\/wp-content\/uploads\/2026\/01\/square-poterne-peupliers.jpg\" data-elementor-open-lightbox=\"yes\" data-elementor-lightbox-title=\"square poterne peupliers\" data-e-action-hash=\"#elementor-action%3Aaction%3Dlightbox%26settings%3DeyJpZCI6MjU1NCwidXJsIjoiaHR0cHM6XC9cL3d3dy5wYXJpcy1hbmNpZW4uZnJcL2JhbGFkZXMtZGVjb3V2ZXJ0ZVwvd3AtY29udGVudFwvdXBsb2Fkc1wvMjAyNlwvMDFcL3NxdWFyZS1wb3Rlcm5lLXBldXBsaWVycy5qcGcifQ%3D%3D\">\n\t\t\t\t\t\t\t<img loading=\"lazy\" decoding=\"async\" width=\"768\" height=\"576\" src=\"https:\/\/www.paris-ancien.fr\/balades-decouverte\/wp-content\/uploads\/2026\/01\/square-poterne-peupliers-768x576.jpg\" class=\"attachment-medium_large size-medium_large wp-image-2554\" alt=\"square poterne peupliers\" srcset=\"https:\/\/www.paris-ancien.fr\/balades-decouverte\/wp-content\/uploads\/2026\/01\/square-poterne-peupliers-768x576.jpg 768w, https:\/\/www.paris-ancien.fr\/balades-decouverte\/wp-content\/uploads\/2026\/01\/square-poterne-peupliers-300x225.jpg 300w, https:\/\/www.paris-ancien.fr\/balades-decouverte\/wp-content\/uploads\/2026\/01\/square-poterne-peupliers-1024x768.jpg 1024w, https:\/\/www.paris-ancien.fr\/balades-decouverte\/wp-content\/uploads\/2026\/01\/square-poterne-peupliers-1536x1152.jpg 1536w, https:\/\/www.paris-ancien.fr\/balades-decouverte\/wp-content\/uploads\/2026\/01\/square-poterne-peupliers.jpg 1600w\" sizes=\"(max-width: 768px) 100vw, 768px\" \/>\t\t\t\t\t\t\t\t<\/a>\n\t\t\t\t\t\t\t\t\t\t\t\t\t\t\t<\/div>\n\t\t\t\t<\/div>\n\t\t<div class=\"elementor-element elementor-element-7c9292b e-con-full e-flex e-con e-child\" data-id=\"7c9292b\" data-element_type=\"container\" data-e-type=\"container\">\n\t\t\t\t<div class=\"elementor-element elementor-element-6a0b832 elementor-widget elementor-widget-text-editor\" data-id=\"6a0b832\" data-element_type=\"widget\" data-e-type=\"widget\" data-widget_type=\"text-editor.default\">\n\t\t\t\t\t\t\t\t\t<p>Arriver Rue Damesme.\u00a0<b>Impasse Damesme<\/b>\u00a0\u00e0 gauche. Prendre la Rue Damesme \u00e0 droite.\u00a0<b>Square<\/b>\u00a0sur la droite<\/p>\t\t\t\t\t\t\t\t<\/div>\n\t\t\t\t<\/div>\n\t\t\t\t\t<\/div>\n\t\t\t\t<\/div>\n\t\t<div class=\"elementor-element elementor-element-077d1ba e-flex e-con-boxed e-con e-parent\" data-id=\"077d1ba\" data-element_type=\"container\" data-e-type=\"container\">\n\t\t\t\t\t<div class=\"e-con-inner\">\n\t\t<div class=\"elementor-element elementor-element-992dbec e-con-full e-flex e-con e-child\" data-id=\"992dbec\" data-element_type=\"container\" data-e-type=\"container\">\n\t\t\t\t<div class=\"elementor-element elementor-element-752d5c3 elementor-widget elementor-widget-image\" data-id=\"752d5c3\" data-element_type=\"widget\" data-e-type=\"widget\" data-widget_type=\"image.default\">\n\t\t\t\t\t\t\t\t\t\t\t\t\t\t\t\t<a href=\"https:\/\/www.paris-ancien.fr\/balades-decouverte\/wp-content\/uploads\/2026\/01\/lieu-essais-meteor.jpg\" data-elementor-open-lightbox=\"yes\" data-elementor-lightbox-title=\"lieu essais meteor\" data-e-action-hash=\"#elementor-action%3Aaction%3Dlightbox%26settings%3DeyJpZCI6MjU1MCwidXJsIjoiaHR0cHM6XC9cL3d3dy5wYXJpcy1hbmNpZW4uZnJcL2JhbGFkZXMtZGVjb3V2ZXJ0ZVwvd3AtY29udGVudFwvdXBsb2Fkc1wvMjAyNlwvMDFcL2xpZXUtZXNzYWlzLW1ldGVvci5qcGcifQ%3D%3D\">\n\t\t\t\t\t\t\t<img loading=\"lazy\" decoding=\"async\" width=\"768\" height=\"576\" src=\"https:\/\/www.paris-ancien.fr\/balades-decouverte\/wp-content\/uploads\/2026\/01\/lieu-essais-meteor-768x576.jpg\" class=\"attachment-medium_large size-medium_large wp-image-2550\" alt=\"lieu essais meteor\" srcset=\"https:\/\/www.paris-ancien.fr\/balades-decouverte\/wp-content\/uploads\/2026\/01\/lieu-essais-meteor-768x576.jpg 768w, https:\/\/www.paris-ancien.fr\/balades-decouverte\/wp-content\/uploads\/2026\/01\/lieu-essais-meteor-300x225.jpg 300w, https:\/\/www.paris-ancien.fr\/balades-decouverte\/wp-content\/uploads\/2026\/01\/lieu-essais-meteor-1024x768.jpg 1024w, https:\/\/www.paris-ancien.fr\/balades-decouverte\/wp-content\/uploads\/2026\/01\/lieu-essais-meteor-1536x1152.jpg 1536w, https:\/\/www.paris-ancien.fr\/balades-decouverte\/wp-content\/uploads\/2026\/01\/lieu-essais-meteor.jpg 1600w\" sizes=\"(max-width: 768px) 100vw, 768px\" \/>\t\t\t\t\t\t\t\t<\/a>\n\t\t\t\t\t\t\t\t\t\t\t\t\t\t\t<\/div>\n\t\t\t\t<\/div>\n\t\t<div class=\"elementor-element elementor-element-96114f5 e-con-full e-flex e-con e-child\" data-id=\"96114f5\" data-element_type=\"container\" data-e-type=\"container\">\n\t\t\t\t<div class=\"elementor-element elementor-element-487bafb elementor-widget elementor-widget-image\" data-id=\"487bafb\" data-element_type=\"widget\" data-e-type=\"widget\" data-widget_type=\"image.default\">\n\t\t\t\t\t\t\t\t\t\t\t\t\t\t\t\t<a href=\"https:\/\/www.paris-ancien.fr\/balades-decouverte\/wp-content\/uploads\/2026\/01\/parc-kellermann.jpg\" data-elementor-open-lightbox=\"yes\" data-elementor-lightbox-title=\"parc kellermann\" data-e-action-hash=\"#elementor-action%3Aaction%3Dlightbox%26settings%3DeyJpZCI6MjU0MCwidXJsIjoiaHR0cHM6XC9cL3d3dy5wYXJpcy1hbmNpZW4uZnJcL2JhbGFkZXMtZGVjb3V2ZXJ0ZVwvd3AtY29udGVudFwvdXBsb2Fkc1wvMjAyNlwvMDFcL3BhcmMta2VsbGVybWFubi5qcGcifQ%3D%3D\">\n\t\t\t\t\t\t\t<img loading=\"lazy\" decoding=\"async\" width=\"768\" height=\"576\" src=\"https:\/\/www.paris-ancien.fr\/balades-decouverte\/wp-content\/uploads\/2026\/01\/parc-kellermann-768x576.jpg\" class=\"attachment-medium_large size-medium_large wp-image-2540\" alt=\"parc kellermann\" srcset=\"https:\/\/www.paris-ancien.fr\/balades-decouverte\/wp-content\/uploads\/2026\/01\/parc-kellermann-768x576.jpg 768w, https:\/\/www.paris-ancien.fr\/balades-decouverte\/wp-content\/uploads\/2026\/01\/parc-kellermann-300x225.jpg 300w, https:\/\/www.paris-ancien.fr\/balades-decouverte\/wp-content\/uploads\/2026\/01\/parc-kellermann-1024x768.jpg 1024w, https:\/\/www.paris-ancien.fr\/balades-decouverte\/wp-content\/uploads\/2026\/01\/parc-kellermann-1536x1152.jpg 1536w, https:\/\/www.paris-ancien.fr\/balades-decouverte\/wp-content\/uploads\/2026\/01\/parc-kellermann.jpg 1600w\" sizes=\"(max-width: 768px) 100vw, 768px\" \/>\t\t\t\t\t\t\t\t<\/a>\n\t\t\t\t\t\t\t\t\t\t\t\t\t\t\t<\/div>\n\t\t\t\t<\/div>\n\t\t<div class=\"elementor-element elementor-element-bc3671c e-con-full e-flex e-con e-child\" data-id=\"bc3671c\" data-element_type=\"container\" data-e-type=\"container\">\n\t\t\t\t<div class=\"elementor-element elementor-element-7acfa00 elementor-widget elementor-widget-text-editor\" data-id=\"7acfa00\" data-element_type=\"widget\" data-e-type=\"widget\" data-widget_type=\"text-editor.default\">\n\t\t\t\t\t\t\t\t\t ainsi que l&rsquo;<b>ancien lieu de test des rames M\u00e9t\u00e9or<\/b>. Traverser le Bd Kellermann et prendre la Rue du Professeur Renault en face. Entrer dans le\u00a0<b>Parc Kellermann<\/b>. Ressortir du parc par la gauche en montant les escaliers. Entrer en face dans le\u00a0square Ren\u00e9 Barjac\u00a0puis le\u00a0square H\u00e9l\u00e8ne Boucher\u00a0de l\u2019autre cot\u00e9 de l\u2019avenue pour arriver \u00e0 la Porte d\u2019Italie. \t\t\t\t\t\t\t\t<\/div>\n\t\t\t\t<\/div>\n\t\t\t\t\t<\/div>\n\t\t\t\t<\/div>\n\t\t<div class=\"elementor-element elementor-element-8c255b9 e-flex e-con-boxed e-con e-parent\" data-id=\"8c255b9\" data-element_type=\"container\" data-e-type=\"container\">\n\t\t\t\t\t<div class=\"e-con-inner\">\n\t\t\t\t<div class=\"elementor-element elementor-element-a2b87f7 elementor-widget elementor-widget-spacer\" data-id=\"a2b87f7\" data-element_type=\"widget\" data-e-type=\"widget\" data-widget_type=\"spacer.default\">\n\t\t\t\t\t\t\t<div class=\"elementor-spacer\">\n\t\t\t<div class=\"elementor-spacer-inner\"><\/div>\n\t\t<\/div>\n\t\t\t\t\t\t<\/div>\n\t\t\t\t\t<\/div>\n\t\t\t\t<\/div>\n\t\t\t\t<\/div>\n\t\t","protected":false},"excerpt":{"rendered":"<p>Parcours 23 &#8211; Bi\u00e8vre \u00e0 Paris &#8211; Peupliers Prendre la Rue de la colonie sur la droite. Arriver\u00a0Place de l&rsquo;Abb\u00e9 [&hellip;]<\/p>\n","protected":false},"author":1,"featured_media":0,"parent":0,"menu_order":0,"comment_status":"closed","ping_status":"closed","template":"","meta":{"_seopress_robots_primary_cat":"","_seopress_titles_title":"Parcours 23 - Peupliers - Balades d\u00e9couvertes dans Paris","_seopress_titles_desc":"Balades dans Paris, d\u00e9couverte de lieux insolites cach\u00e9s historiques, expos universelles, cadrans solaires, patrimoine - Parcours 23 - Peupliers","_seopress_robots_index":"","_monsterinsights_skip_tracking":false,"_monsterinsights_sitenote_active":false,"_monsterinsights_sitenote_note":"","_monsterinsights_sitenote_category":0,"site-sidebar-layout":"no-sidebar","site-content-layout":"","ast-site-content-layout":"full-width-container","site-content-style":"default","site-sidebar-style":"default","ast-global-header-display":"","ast-banner-title-visibility":"","ast-main-header-display":"","ast-hfb-above-header-display":"","ast-hfb-below-header-display":"","ast-hfb-mobile-header-display":"","site-post-title":"disabled","ast-breadcrumbs-content":"","ast-featured-img":"disabled","footer-sml-layout":"","ast-disable-related-posts":"","theme-transparent-header-meta":"","adv-header-id-meta":"","stick-header-meta":"","header-above-stick-meta":"","header-main-stick-meta":"","header-below-stick-meta":"","astra-migrate-meta-layouts":"default","ast-page-background-enabled":"default","ast-page-background-meta":{"desktop":{"background-color":"var(--ast-global-color-5)","background-image":"","background-repeat":"repeat","background-position":"center center","background-size":"auto","background-attachment":"scroll","background-type":"","background-media":"","overlay-type":"","overlay-color":"","overlay-opacity":"","overlay-gradient":""},"tablet":{"background-color":"","background-image":"","background-repeat":"repeat","background-position":"center center","background-size":"auto","background-attachment":"scroll","background-type":"","background-media":"","overlay-type":"","overlay-color":"","overlay-opacity":"","overlay-gradient":""},"mobile":{"background-color":"","background-image":"","background-repeat":"repeat","background-position":"center center","background-size":"auto","background-attachment":"scroll","background-type":"","background-media":"","overlay-type":"","overlay-color":"","overlay-opacity":"","overlay-gradient":""}},"ast-content-background-meta":{"desktop":{"background-color":"var(--ast-global-color-4)","background-image":"","background-repeat":"repeat","background-position":"center center","background-size":"auto","background-attachment":"scroll","background-type":"","background-media":"","overlay-type":"","overlay-color":"","overlay-opacity":"","overlay-gradient":""},"tablet":{"background-color":"var(--ast-global-color-4)","background-image":"","background-repeat":"repeat","background-position":"center center","background-size":"auto","background-attachment":"scroll","background-type":"","background-media":"","overlay-type":"","overlay-color":"","overlay-opacity":"","overlay-gradient":""},"mobile":{"background-color":"var(--ast-global-color-4)","background-image":"","background-repeat":"repeat","background-position":"center center","background-size":"auto","background-attachment":"scroll","background-type":"","background-media":"","overlay-type":"","overlay-color":"","overlay-opacity":"","overlay-gradient":""}},"footnotes":""},"class_list":["post-589","page","type-page","status-publish","hentry"],"_links":{"self":[{"href":"https:\/\/www.paris-ancien.fr\/balades-decouverte\/wp-json\/wp\/v2\/pages\/589","targetHints":{"allow":["GET"]}}],"collection":[{"href":"https:\/\/www.paris-ancien.fr\/balades-decouverte\/wp-json\/wp\/v2\/pages"}],"about":[{"href":"https:\/\/www.paris-ancien.fr\/balades-decouverte\/wp-json\/wp\/v2\/types\/page"}],"author":[{"embeddable":true,"href":"https:\/\/www.paris-ancien.fr\/balades-decouverte\/wp-json\/wp\/v2\/users\/1"}],"replies":[{"embeddable":true,"href":"https:\/\/www.paris-ancien.fr\/balades-decouverte\/wp-json\/wp\/v2\/comments?post=589"}],"version-history":[{"count":22,"href":"https:\/\/www.paris-ancien.fr\/balades-decouverte\/wp-json\/wp\/v2\/pages\/589\/revisions"}],"predecessor-version":[{"id":7555,"href":"https:\/\/www.paris-ancien.fr\/balades-decouverte\/wp-json\/wp\/v2\/pages\/589\/revisions\/7555"}],"wp:attachment":[{"href":"https:\/\/www.paris-ancien.fr\/balades-decouverte\/wp-json\/wp\/v2\/media?parent=589"}],"curies":[{"name":"wp","href":"https:\/\/api.w.org\/{rel}","templated":true}]}}