{"id":518,"date":"2026-01-03T14:15:36","date_gmt":"2026-01-03T13:15:36","guid":{"rendered":"https:\/\/www.paris-ancien.fr\/balades-decouverte\/?page_id=518"},"modified":"2026-02-20T15:21:37","modified_gmt":"2026-02-20T14:21:37","slug":"parcours-9-evangile","status":"publish","type":"page","link":"https:\/\/www.paris-ancien.fr\/balades-decouverte\/parcours-9-evangile\/","title":{"rendered":"Parcours 9 &#8211; Evangile"},"content":{"rendered":"\t\t<div data-elementor-type=\"wp-page\" data-elementor-id=\"518\" class=\"elementor elementor-518\">\n\t\t\t\t<div class=\"elementor-element elementor-element-846bc8e e-flex e-con-boxed e-con e-parent\" data-id=\"846bc8e\" data-element_type=\"container\" data-e-type=\"container\">\n\t\t\t\t\t<div class=\"e-con-inner\">\n\t\t\t\t<div class=\"elementor-element elementor-element-9741497 elementor-widget elementor-widget-heading\" data-id=\"9741497\" data-element_type=\"widget\" data-e-type=\"widget\" data-widget_type=\"heading.default\">\n\t\t\t\t\t<h2 class=\"elementor-heading-title elementor-size-default\">Parcours 9 - Petite Ceinture Nord - Evangile<\/h2>\t\t\t\t<\/div>\n\t\t\t\t\t<\/div>\n\t\t\t\t<\/div>\n\t\t<div class=\"elementor-element elementor-element-db2a950 e-flex e-con-boxed e-con e-parent\" data-id=\"db2a950\" data-element_type=\"container\" data-e-type=\"container\">\n\t\t\t\t\t<div class=\"e-con-inner\">\n\t\t<div class=\"elementor-element elementor-element-e099edd e-con-full e-flex e-con e-child\" data-id=\"e099edd\" data-element_type=\"container\" data-e-type=\"container\">\n\t\t\t\t<div class=\"elementor-element elementor-element-43c3719 elementor-widget elementor-widget-image\" data-id=\"43c3719\" data-element_type=\"widget\" data-e-type=\"widget\" data-widget_type=\"image.default\">\n\t\t\t\t\t\t\t\t\t\t\t\t\t\t\t\t<a href=\"https:\/\/www.paris-ancien.fr\/balades-decouverte\/wp-content\/uploads\/2026\/02\/passage-duhesme.jpg\" data-elementor-open-lightbox=\"yes\" data-elementor-lightbox-title=\"passage duhesme\" data-e-action-hash=\"#elementor-action%3Aaction%3Dlightbox%26settings%3DeyJpZCI6NDQzOSwidXJsIjoiaHR0cHM6XC9cL3d3dy5wYXJpcy1hbmNpZW4uZnJcL2JhbGFkZXMtZGVjb3V2ZXJ0ZVwvd3AtY29udGVudFwvdXBsb2Fkc1wvMjAyNlwvMDJcL3Bhc3NhZ2UtZHVoZXNtZS5qcGcifQ%3D%3D\">\n\t\t\t\t\t\t\t<img fetchpriority=\"high\" decoding=\"async\" width=\"768\" height=\"576\" src=\"https:\/\/www.paris-ancien.fr\/balades-decouverte\/wp-content\/uploads\/2026\/02\/passage-duhesme-768x576.jpg\" class=\"attachment-medium_large size-medium_large wp-image-4439\" alt=\"passage duhesme\" srcset=\"https:\/\/www.paris-ancien.fr\/balades-decouverte\/wp-content\/uploads\/2026\/02\/passage-duhesme-768x576.jpg 768w, https:\/\/www.paris-ancien.fr\/balades-decouverte\/wp-content\/uploads\/2026\/02\/passage-duhesme-300x225.jpg 300w, https:\/\/www.paris-ancien.fr\/balades-decouverte\/wp-content\/uploads\/2026\/02\/passage-duhesme-1024x768.jpg 1024w, https:\/\/www.paris-ancien.fr\/balades-decouverte\/wp-content\/uploads\/2026\/02\/passage-duhesme-1536x1152.jpg 1536w, https:\/\/www.paris-ancien.fr\/balades-decouverte\/wp-content\/uploads\/2026\/02\/passage-duhesme.jpg 1600w\" sizes=\"(max-width: 768px) 100vw, 768px\" \/>\t\t\t\t\t\t\t\t<\/a>\n\t\t\t\t\t\t\t\t\t\t\t\t\t\t\t<\/div>\n\t\t\t\t<\/div>\n\t\t<div class=\"elementor-element elementor-element-b89e015 e-con-full e-flex e-con e-child\" data-id=\"b89e015\" data-element_type=\"container\" data-e-type=\"container\">\n\t\t\t\t<div class=\"elementor-element elementor-element-c834729 elementor-widget elementor-widget-image\" data-id=\"c834729\" data-element_type=\"widget\" data-e-type=\"widget\" data-widget_type=\"image.default\">\n\t\t\t\t\t\t\t\t\t\t\t\t\t\t\t\t<a href=\"https:\/\/www.paris-ancien.fr\/balades-decouverte\/wp-content\/uploads\/2026\/02\/passage-kracher.jpg\" data-elementor-open-lightbox=\"yes\" data-elementor-lightbox-title=\"passage kracher\" data-e-action-hash=\"#elementor-action%3Aaction%3Dlightbox%26settings%3DeyJpZCI6NDQ0NiwidXJsIjoiaHR0cHM6XC9cL3d3dy5wYXJpcy1hbmNpZW4uZnJcL2JhbGFkZXMtZGVjb3V2ZXJ0ZVwvd3AtY29udGVudFwvdXBsb2Fkc1wvMjAyNlwvMDJcL3Bhc3NhZ2Uta3JhY2hlci5qcGcifQ%3D%3D\">\n\t\t\t\t\t\t\t<img decoding=\"async\" width=\"768\" height=\"576\" src=\"https:\/\/www.paris-ancien.fr\/balades-decouverte\/wp-content\/uploads\/2026\/02\/passage-kracher-768x576.jpg\" class=\"attachment-medium_large size-medium_large wp-image-4446\" alt=\"passage kracher\" srcset=\"https:\/\/www.paris-ancien.fr\/balades-decouverte\/wp-content\/uploads\/2026\/02\/passage-kracher-768x576.jpg 768w, https:\/\/www.paris-ancien.fr\/balades-decouverte\/wp-content\/uploads\/2026\/02\/passage-kracher-300x225.jpg 300w, https:\/\/www.paris-ancien.fr\/balades-decouverte\/wp-content\/uploads\/2026\/02\/passage-kracher-1024x768.jpg 1024w, https:\/\/www.paris-ancien.fr\/balades-decouverte\/wp-content\/uploads\/2026\/02\/passage-kracher-1536x1152.jpg 1536w, https:\/\/www.paris-ancien.fr\/balades-decouverte\/wp-content\/uploads\/2026\/02\/passage-kracher.jpg 1600w\" sizes=\"(max-width: 768px) 100vw, 768px\" \/>\t\t\t\t\t\t\t\t<\/a>\n\t\t\t\t\t\t\t\t\t\t\t\t\t\t\t<\/div>\n\t\t\t\t<\/div>\n\t\t<div class=\"elementor-element elementor-element-b1e288b e-con-full e-flex e-con e-child\" data-id=\"b1e288b\" data-element_type=\"container\" data-e-type=\"container\">\n\t\t\t\t<div class=\"elementor-element elementor-element-84f1304 elementor-widget elementor-widget-text-editor\" data-id=\"84f1304\" data-element_type=\"widget\" data-e-type=\"widget\" data-widget_type=\"text-editor.default\">\n\t\t\t\t\t\t\t\t\t<p>Prendre la Rue Letort \u00e0 gauche puis le Passage du Mont Cenis \u00e0 droite puis la Rue du Mont Cenis \u00e0 droite. Prendre le <strong>Passage Duhesme<\/strong> \u00e0 gauche. Continuer vers la droite dans la Rue Neuve de la Chardonni\u00e8re. Prendre le <strong>Passage Kracher<\/strong> \u00e0 gauche. Continuer en face dans la Rue des Amiraux.<\/p>\t\t\t\t\t\t\t\t<\/div>\n\t\t\t\t<\/div>\n\t\t\t\t\t<\/div>\n\t\t\t\t<\/div>\n\t\t<div class=\"elementor-element elementor-element-6ef838d e-flex e-con-boxed e-con e-parent\" data-id=\"6ef838d\" data-element_type=\"container\" data-e-type=\"container\">\n\t\t\t\t\t<div class=\"e-con-inner\">\n\t\t<div class=\"elementor-element elementor-element-aeedd9e e-con-full e-flex e-con e-child\" data-id=\"aeedd9e\" data-element_type=\"container\" data-e-type=\"container\">\n\t\t\t\t<div class=\"elementor-element elementor-element-eaafdb5 elementor-widget elementor-widget-image\" data-id=\"eaafdb5\" data-element_type=\"widget\" data-e-type=\"widget\" data-widget_type=\"image.default\">\n\t\t\t\t\t\t\t\t\t\t\t\t\t\t\t\t<a href=\"https:\/\/www.paris-ancien.fr\/balades-decouverte\/wp-content\/uploads\/2026\/02\/piscine-amiraux.jpg\" data-elementor-open-lightbox=\"yes\" data-elementor-lightbox-title=\"piscine amiraux\" data-e-action-hash=\"#elementor-action%3Aaction%3Dlightbox%26settings%3DeyJpZCI6NDQzNSwidXJsIjoiaHR0cHM6XC9cL3d3dy5wYXJpcy1hbmNpZW4uZnJcL2JhbGFkZXMtZGVjb3V2ZXJ0ZVwvd3AtY29udGVudFwvdXBsb2Fkc1wvMjAyNlwvMDJcL3Bpc2NpbmUtYW1pcmF1eC5qcGcifQ%3D%3D\">\n\t\t\t\t\t\t\t<img decoding=\"async\" width=\"768\" height=\"576\" src=\"https:\/\/www.paris-ancien.fr\/balades-decouverte\/wp-content\/uploads\/2026\/02\/piscine-amiraux-768x576.jpg\" class=\"attachment-medium_large size-medium_large wp-image-4435\" alt=\"piscine amiraux\" srcset=\"https:\/\/www.paris-ancien.fr\/balades-decouverte\/wp-content\/uploads\/2026\/02\/piscine-amiraux-768x576.jpg 768w, https:\/\/www.paris-ancien.fr\/balades-decouverte\/wp-content\/uploads\/2026\/02\/piscine-amiraux-300x225.jpg 300w, https:\/\/www.paris-ancien.fr\/balades-decouverte\/wp-content\/uploads\/2026\/02\/piscine-amiraux-1024x768.jpg 1024w, https:\/\/www.paris-ancien.fr\/balades-decouverte\/wp-content\/uploads\/2026\/02\/piscine-amiraux-1536x1152.jpg 1536w, https:\/\/www.paris-ancien.fr\/balades-decouverte\/wp-content\/uploads\/2026\/02\/piscine-amiraux.jpg 1600w\" sizes=\"(max-width: 768px) 100vw, 768px\" \/>\t\t\t\t\t\t\t\t<\/a>\n\t\t\t\t\t\t\t\t\t\t\t\t\t\t\t<\/div>\n\t\t\t\t<\/div>\n\t\t<div class=\"elementor-element elementor-element-1cb6344 e-con-full e-flex e-con e-child\" data-id=\"1cb6344\" data-element_type=\"container\" data-e-type=\"container\">\n\t\t\t\t<div class=\"elementor-element elementor-element-43fc8d5 elementor-widget elementor-widget-image\" data-id=\"43fc8d5\" data-element_type=\"widget\" data-e-type=\"widget\" data-widget_type=\"image.default\">\n\t\t\t\t\t\t\t\t\t\t\t\t\t\t\t\t<a href=\"https:\/\/www.paris-ancien.fr\/balades-decouverte\/wp-content\/uploads\/2026\/02\/pc-nord.jpg\" data-elementor-open-lightbox=\"yes\" data-elementor-lightbox-title=\"pc nord\" data-e-action-hash=\"#elementor-action%3Aaction%3Dlightbox%26settings%3DeyJpZCI6NDQ0OCwidXJsIjoiaHR0cHM6XC9cL3d3dy5wYXJpcy1hbmNpZW4uZnJcL2JhbGFkZXMtZGVjb3V2ZXJ0ZVwvd3AtY29udGVudFwvdXBsb2Fkc1wvMjAyNlwvMDJcL3BjLW5vcmQuanBnIn0%3D\">\n\t\t\t\t\t\t\t<img loading=\"lazy\" decoding=\"async\" width=\"768\" height=\"576\" src=\"https:\/\/www.paris-ancien.fr\/balades-decouverte\/wp-content\/uploads\/2026\/02\/pc-nord-768x576.jpg\" class=\"attachment-medium_large size-medium_large wp-image-4448\" alt=\"pc nord\" srcset=\"https:\/\/www.paris-ancien.fr\/balades-decouverte\/wp-content\/uploads\/2026\/02\/pc-nord-768x576.jpg 768w, https:\/\/www.paris-ancien.fr\/balades-decouverte\/wp-content\/uploads\/2026\/02\/pc-nord-300x225.jpg 300w, https:\/\/www.paris-ancien.fr\/balades-decouverte\/wp-content\/uploads\/2026\/02\/pc-nord-1024x768.jpg 1024w, https:\/\/www.paris-ancien.fr\/balades-decouverte\/wp-content\/uploads\/2026\/02\/pc-nord-1536x1152.jpg 1536w, https:\/\/www.paris-ancien.fr\/balades-decouverte\/wp-content\/uploads\/2026\/02\/pc-nord.jpg 1600w\" sizes=\"(max-width: 768px) 100vw, 768px\" \/>\t\t\t\t\t\t\t\t<\/a>\n\t\t\t\t\t\t\t\t\t\t\t\t\t\t\t<\/div>\n\t\t\t\t<\/div>\n\t\t<div class=\"elementor-element elementor-element-7ac3ee5 e-con-full e-flex e-con e-child\" data-id=\"7ac3ee5\" data-element_type=\"container\" data-e-type=\"container\">\n\t\t\t\t<div class=\"elementor-element elementor-element-e4abbcd elementor-widget elementor-widget-text-editor\" data-id=\"e4abbcd\" data-element_type=\"widget\" data-e-type=\"widget\" data-widget_type=\"text-editor.default\">\n\t\t\t\t\t\t\t\t\t<p>A gauche, N. D. du Bon conseil. Prendre la Rue H. La Chapelle \u00e0 droite , au 6 , <strong>Piscine des amiraux<\/strong> (construite en 1926 , ce b\u00e2timent aurait du \u00eatre un cin\u00e9ma). Prendre la Rue Boinod \u00e0 droite. Prendre la Rue F. Cha\u00eene \u00e0 gauche puis la Rue des Poissonniers \u00e0 droite. A gauche, All\u00e9e d&rsquo;Andr\u00e9zieux. Prendre \u00e0 gauche la Rue Ordener.Elle passe au-dessus des <strong>voies de la Gare du Nord.<\/strong> Prendre \u00e0 gauche la Rue Olive jusqu&rsquo;\u00e0 la Place de Torcy et prendre la Rue de l&rsquo;Evangile \u00e0 droite. Aller vers la gauche au Square de la Madone puis la Rue des Roses \u00e0 droite.<\/p>\t\t\t\t\t\t\t\t<\/div>\n\t\t\t\t<\/div>\n\t\t\t\t\t<\/div>\n\t\t\t\t<\/div>\n\t\t<div class=\"elementor-element elementor-element-1800373 e-flex e-con-boxed e-con e-parent\" data-id=\"1800373\" data-element_type=\"container\" data-e-type=\"container\">\n\t\t\t\t\t<div class=\"e-con-inner\">\n\t\t<div class=\"elementor-element elementor-element-42e318f e-con-full e-flex e-con e-child\" data-id=\"42e318f\" data-element_type=\"container\" data-e-type=\"container\">\n\t\t\t\t<div class=\"elementor-element elementor-element-3ec327c elementor-widget elementor-widget-image\" data-id=\"3ec327c\" data-element_type=\"widget\" data-e-type=\"widget\" data-widget_type=\"image.default\">\n\t\t\t\t\t\t\t\t\t\t\t\t\t\t\t\t<a href=\"https:\/\/www.paris-ancien.fr\/balades-decouverte\/wp-content\/uploads\/2026\/02\/estceinture.jpg\" data-elementor-open-lightbox=\"yes\" data-elementor-lightbox-title=\"estceinture\" data-e-action-hash=\"#elementor-action%3Aaction%3Dlightbox%26settings%3DeyJpZCI6NDQ0MSwidXJsIjoiaHR0cHM6XC9cL3d3dy5wYXJpcy1hbmNpZW4uZnJcL2JhbGFkZXMtZGVjb3V2ZXJ0ZVwvd3AtY29udGVudFwvdXBsb2Fkc1wvMjAyNlwvMDJcL2VzdGNlaW50dXJlLmpwZyJ9\">\n\t\t\t\t\t\t\t<img loading=\"lazy\" decoding=\"async\" width=\"768\" height=\"576\" src=\"https:\/\/www.paris-ancien.fr\/balades-decouverte\/wp-content\/uploads\/2026\/02\/estceinture-768x576.jpg\" class=\"attachment-medium_large size-medium_large wp-image-4441\" alt=\"estceinture\" srcset=\"https:\/\/www.paris-ancien.fr\/balades-decouverte\/wp-content\/uploads\/2026\/02\/estceinture-768x576.jpg 768w, https:\/\/www.paris-ancien.fr\/balades-decouverte\/wp-content\/uploads\/2026\/02\/estceinture-300x225.jpg 300w, https:\/\/www.paris-ancien.fr\/balades-decouverte\/wp-content\/uploads\/2026\/02\/estceinture-1024x768.jpg 1024w, https:\/\/www.paris-ancien.fr\/balades-decouverte\/wp-content\/uploads\/2026\/02\/estceinture-1536x1152.jpg 1536w, https:\/\/www.paris-ancien.fr\/balades-decouverte\/wp-content\/uploads\/2026\/02\/estceinture.jpg 1600w\" sizes=\"(max-width: 768px) 100vw, 768px\" \/>\t\t\t\t\t\t\t\t<\/a>\n\t\t\t\t\t\t\t\t\t\t\t\t\t\t\t<\/div>\n\t\t\t\t<\/div>\n\t\t<div class=\"elementor-element elementor-element-e5ce2d2 e-con-full e-flex e-con e-child\" data-id=\"e5ce2d2\" data-element_type=\"container\" data-e-type=\"container\">\n\t\t\t\t<div class=\"elementor-element elementor-element-b04eb61 elementor-widget elementor-widget-image\" data-id=\"b04eb61\" data-element_type=\"widget\" data-e-type=\"widget\" data-widget_type=\"image.default\">\n\t\t\t\t\t\t\t\t\t\t\t\t\t\t\t\t<a href=\"https:\/\/www.paris-ancien.fr\/balades-decouverte\/wp-content\/uploads\/2026\/02\/gare-pont-flandres.jpg\" data-elementor-open-lightbox=\"yes\" data-elementor-lightbox-title=\"gare pont flandres\" data-e-action-hash=\"#elementor-action%3Aaction%3Dlightbox%26settings%3DeyJpZCI6NDQ0MiwidXJsIjoiaHR0cHM6XC9cL3d3dy5wYXJpcy1hbmNpZW4uZnJcL2JhbGFkZXMtZGVjb3V2ZXJ0ZVwvd3AtY29udGVudFwvdXBsb2Fkc1wvMjAyNlwvMDJcL2dhcmUtcG9udC1mbGFuZHJlcy5qcGcifQ%3D%3D\">\n\t\t\t\t\t\t\t<img loading=\"lazy\" decoding=\"async\" width=\"768\" height=\"576\" src=\"https:\/\/www.paris-ancien.fr\/balades-decouverte\/wp-content\/uploads\/2026\/02\/gare-pont-flandres-768x576.jpg\" class=\"attachment-medium_large size-medium_large wp-image-4442\" alt=\"gare pont flandres\" srcset=\"https:\/\/www.paris-ancien.fr\/balades-decouverte\/wp-content\/uploads\/2026\/02\/gare-pont-flandres-768x576.jpg 768w, https:\/\/www.paris-ancien.fr\/balades-decouverte\/wp-content\/uploads\/2026\/02\/gare-pont-flandres-300x225.jpg 300w, https:\/\/www.paris-ancien.fr\/balades-decouverte\/wp-content\/uploads\/2026\/02\/gare-pont-flandres-1024x768.jpg 1024w, https:\/\/www.paris-ancien.fr\/balades-decouverte\/wp-content\/uploads\/2026\/02\/gare-pont-flandres-1536x1152.jpg 1536w, https:\/\/www.paris-ancien.fr\/balades-decouverte\/wp-content\/uploads\/2026\/02\/gare-pont-flandres.jpg 1600w\" sizes=\"(max-width: 768px) 100vw, 768px\" \/>\t\t\t\t\t\t\t\t<\/a>\n\t\t\t\t\t\t\t\t\t\t\t\t\t\t\t<\/div>\n\t\t\t\t<\/div>\n\t\t<div class=\"elementor-element elementor-element-285cd3c e-con-full e-flex e-con e-child\" data-id=\"285cd3c\" data-element_type=\"container\" data-e-type=\"container\">\n\t\t\t\t<div class=\"elementor-element elementor-element-9b78e83 elementor-widget elementor-widget-text-editor\" data-id=\"9b78e83\" data-element_type=\"widget\" data-e-type=\"widget\" data-widget_type=\"text-editor.default\">\n\t\t\t\t\t\t\t\t\t<p>Prendre la Rue des Fillettes \u00e0 gauche et arriver au Square Rachmaninov. Prendre la Rue Tristan Tzara \u00e0 droite puis la Rue de l&rsquo;Evangile \u00e0 gauche. Prendre la Rue Gaston Tessier \u00e0 gauche puis la Rue Curial. Sur la gauche, <strong>Gare de Rosa Parks \u00e0 l&#8217;emplacement de l&rsquo;ancienne entr\u00e9e de la gare \u00ab\u00a0Est Ceinture\u00a0\u00bb<\/strong> . Prendre la promenade de la Petite Ceinture jusqu&rsquo;au\u00a0 Sentier de la Station (<strong>Ancienne gare de Pont de Flandres<\/strong>).<\/p>\t\t\t\t\t\t\t\t<\/div>\n\t\t\t\t<\/div>\n\t\t\t\t\t<\/div>\n\t\t\t\t<\/div>\n\t\t<div class=\"elementor-element elementor-element-3cf3cd2 e-flex e-con-boxed e-con e-parent\" data-id=\"3cf3cd2\" data-element_type=\"container\" data-e-type=\"container\">\n\t\t\t\t\t<div class=\"e-con-inner\">\n\t\t\t\t<div class=\"elementor-element elementor-element-63ac3a2 elementor-widget elementor-widget-text-editor\" data-id=\"63ac3a2\" data-element_type=\"widget\" data-e-type=\"widget\" data-widget_type=\"text-editor.default\">\n\t\t\t\t\t\t\t\t\t<p><a href=\"https:\/\/www.paris-ancien.fr\/balades-decouverte\/parcours-9-la-villette\/\">Parcours 9 : La Villette &gt;&gt;&gt;<\/a><\/p>\t\t\t\t\t\t\t\t<\/div>\n\t\t\t\t\t<\/div>\n\t\t\t\t<\/div>\n\t\t<div class=\"elementor-element elementor-element-e01b5f9 e-flex e-con-boxed e-con e-parent\" data-id=\"e01b5f9\" data-element_type=\"container\" data-e-type=\"container\">\n\t\t\t\t\t<div class=\"e-con-inner\">\n\t\t\t\t<div class=\"elementor-element elementor-element-b60a894 elementor-widget elementor-widget-spacer\" data-id=\"b60a894\" data-element_type=\"widget\" data-e-type=\"widget\" data-widget_type=\"spacer.default\">\n\t\t\t\t\t\t\t<div class=\"elementor-spacer\">\n\t\t\t<div class=\"elementor-spacer-inner\"><\/div>\n\t\t<\/div>\n\t\t\t\t\t\t<\/div>\n\t\t\t\t\t<\/div>\n\t\t\t\t<\/div>\n\t\t\t\t<\/div>\n\t\t","protected":false},"excerpt":{"rendered":"<p>Parcours 9 &#8211; Petite Ceinture Nord &#8211; Evangile Prendre la Rue Letort \u00e0 gauche puis le Passage du Mont Cenis [&hellip;]<\/p>\n","protected":false},"author":1,"featured_media":0,"parent":0,"menu_order":0,"comment_status":"closed","ping_status":"closed","template":"","meta":{"_seopress_robots_primary_cat":"","_seopress_titles_title":"Parcours 9 - Evangile - Balades d\u00e9couvertes dans Paris","_seopress_titles_desc":"Balades dans Paris, d\u00e9couverte de lieux insolites cach\u00e9s historiques, expos universelles, cadrans solaires, patrimoine - Parcours 9 - Evangile","_seopress_robots_index":"","_monsterinsights_skip_tracking":false,"_monsterinsights_sitenote_active":false,"_monsterinsights_sitenote_note":"","_monsterinsights_sitenote_category":0,"site-sidebar-layout":"no-sidebar","site-content-layout":"","ast-site-content-layout":"full-width-container","site-content-style":"default","site-sidebar-style":"default","ast-global-header-display":"","ast-banner-title-visibility":"","ast-main-header-display":"","ast-hfb-above-header-display":"","ast-hfb-below-header-display":"","ast-hfb-mobile-header-display":"","site-post-title":"disabled","ast-breadcrumbs-content":"","ast-featured-img":"disabled","footer-sml-layout":"","ast-disable-related-posts":"","theme-transparent-header-meta":"","adv-header-id-meta":"","stick-header-meta":"","header-above-stick-meta":"","header-main-stick-meta":"","header-below-stick-meta":"","astra-migrate-meta-layouts":"default","ast-page-background-enabled":"default","ast-page-background-meta":{"desktop":{"background-color":"var(--ast-global-color-5)","background-image":"","background-repeat":"repeat","background-position":"center center","background-size":"auto","background-attachment":"scroll","background-type":"","background-media":"","overlay-type":"","overlay-color":"","overlay-opacity":"","overlay-gradient":""},"tablet":{"background-color":"","background-image":"","background-repeat":"repeat","background-position":"center center","background-size":"auto","background-attachment":"scroll","background-type":"","background-media":"","overlay-type":"","overlay-color":"","overlay-opacity":"","overlay-gradient":""},"mobile":{"background-color":"","background-image":"","background-repeat":"repeat","background-position":"center center","background-size":"auto","background-attachment":"scroll","background-type":"","background-media":"","overlay-type":"","overlay-color":"","overlay-opacity":"","overlay-gradient":""}},"ast-content-background-meta":{"desktop":{"background-color":"var(--ast-global-color-4)","background-image":"","background-repeat":"repeat","background-position":"center center","background-size":"auto","background-attachment":"scroll","background-type":"","background-media":"","overlay-type":"","overlay-color":"","overlay-opacity":"","overlay-gradient":""},"tablet":{"background-color":"var(--ast-global-color-4)","background-image":"","background-repeat":"repeat","background-position":"center center","background-size":"auto","background-attachment":"scroll","background-type":"","background-media":"","overlay-type":"","overlay-color":"","overlay-opacity":"","overlay-gradient":""},"mobile":{"background-color":"var(--ast-global-color-4)","background-image":"","background-repeat":"repeat","background-position":"center center","background-size":"auto","background-attachment":"scroll","background-type":"","background-media":"","overlay-type":"","overlay-color":"","overlay-opacity":"","overlay-gradient":""}},"footnotes":""},"class_list":["post-518","page","type-page","status-publish","hentry"],"_links":{"self":[{"href":"https:\/\/www.paris-ancien.fr\/balades-decouverte\/wp-json\/wp\/v2\/pages\/518","targetHints":{"allow":["GET"]}}],"collection":[{"href":"https:\/\/www.paris-ancien.fr\/balades-decouverte\/wp-json\/wp\/v2\/pages"}],"about":[{"href":"https:\/\/www.paris-ancien.fr\/balades-decouverte\/wp-json\/wp\/v2\/types\/page"}],"author":[{"embeddable":true,"href":"https:\/\/www.paris-ancien.fr\/balades-decouverte\/wp-json\/wp\/v2\/users\/1"}],"replies":[{"embeddable":true,"href":"https:\/\/www.paris-ancien.fr\/balades-decouverte\/wp-json\/wp\/v2\/comments?post=518"}],"version-history":[{"count":31,"href":"https:\/\/www.paris-ancien.fr\/balades-decouverte\/wp-json\/wp\/v2\/pages\/518\/revisions"}],"predecessor-version":[{"id":7336,"href":"https:\/\/www.paris-ancien.fr\/balades-decouverte\/wp-json\/wp\/v2\/pages\/518\/revisions\/7336"}],"wp:attachment":[{"href":"https:\/\/www.paris-ancien.fr\/balades-decouverte\/wp-json\/wp\/v2\/media?parent=518"}],"curies":[{"name":"wp","href":"https:\/\/api.w.org\/{rel}","templated":true}]}}