{"id":499,"date":"2026-01-03T14:10:40","date_gmt":"2026-01-03T13:10:40","guid":{"rendered":"https:\/\/www.paris-ancien.fr\/balades-decouverte\/?page_id=499"},"modified":"2026-02-20T11:32:00","modified_gmt":"2026-02-20T10:32:00","slug":"parcours-7-saint-paul","status":"publish","type":"page","link":"https:\/\/www.paris-ancien.fr\/balades-decouverte\/parcours-7-saint-paul\/","title":{"rendered":"Parcours 7 &#8211; Saint Paul"},"content":{"rendered":"\t\t<div data-elementor-type=\"wp-page\" data-elementor-id=\"499\" class=\"elementor elementor-499\">\n\t\t\t\t<div class=\"elementor-element elementor-element-4d4cb93 e-flex e-con-boxed e-con e-parent\" data-id=\"4d4cb93\" data-element_type=\"container\" data-e-type=\"container\">\n\t\t\t\t\t<div class=\"e-con-inner\">\n\t\t\t\t<div class=\"elementor-element elementor-element-18d0932 elementor-widget elementor-widget-heading\" data-id=\"18d0932\" data-element_type=\"widget\" data-e-type=\"widget\" data-widget_type=\"heading.default\">\n\t\t\t\t\t<h2 class=\"elementor-heading-title elementor-size-default\">Parcours 7 - Paris Cosmopolite - Saint Paul<\/h2>\t\t\t\t<\/div>\n\t\t\t\t\t<\/div>\n\t\t\t\t<\/div>\n\t\t<div class=\"elementor-element elementor-element-6cea15f e-flex e-con-boxed e-con e-parent\" data-id=\"6cea15f\" data-element_type=\"container\" data-e-type=\"container\">\n\t\t\t\t\t<div class=\"e-con-inner\">\n\t\t<div class=\"elementor-element elementor-element-207c712 e-con-full e-flex e-con e-child\" data-id=\"207c712\" data-element_type=\"container\" data-e-type=\"container\">\n\t\t\t\t<div class=\"elementor-element elementor-element-41e6fcd elementor-widget elementor-widget-image\" data-id=\"41e6fcd\" data-element_type=\"widget\" data-e-type=\"widget\" data-widget_type=\"image.default\">\n\t\t\t\t\t\t\t\t\t\t\t\t\t\t\t\t<a href=\"https:\/\/www.paris-ancien.fr\/balades-decouverte\/wp-content\/uploads\/2026\/01\/stgervaisstprotais.jpg\" data-elementor-open-lightbox=\"yes\" data-elementor-lightbox-title=\"stgervaisstprotais\" data-e-action-hash=\"#elementor-action%3Aaction%3Dlightbox%26settings%3DeyJpZCI6MTI2MiwidXJsIjoiaHR0cHM6XC9cL3d3dy5wYXJpcy1hbmNpZW4uZnJcL2JhbGFkZXMtZGVjb3V2ZXJ0ZVwvd3AtY29udGVudFwvdXBsb2Fkc1wvMjAyNlwvMDFcL3N0Z2VydmFpc3N0cHJvdGFpcy5qcGcifQ%3D%3D\">\n\t\t\t\t\t\t\t<img fetchpriority=\"high\" decoding=\"async\" width=\"768\" height=\"576\" src=\"https:\/\/www.paris-ancien.fr\/balades-decouverte\/wp-content\/uploads\/2026\/01\/stgervaisstprotais-768x576.jpg\" class=\"attachment-medium_large size-medium_large wp-image-1262\" alt=\"stgervaisstprotais\" srcset=\"https:\/\/www.paris-ancien.fr\/balades-decouverte\/wp-content\/uploads\/2026\/01\/stgervaisstprotais-768x576.jpg 768w, https:\/\/www.paris-ancien.fr\/balades-decouverte\/wp-content\/uploads\/2026\/01\/stgervaisstprotais-300x225.jpg 300w, https:\/\/www.paris-ancien.fr\/balades-decouverte\/wp-content\/uploads\/2026\/01\/stgervaisstprotais-1024x768.jpg 1024w, https:\/\/www.paris-ancien.fr\/balades-decouverte\/wp-content\/uploads\/2026\/01\/stgervaisstprotais-1536x1152.jpg 1536w, https:\/\/www.paris-ancien.fr\/balades-decouverte\/wp-content\/uploads\/2026\/01\/stgervaisstprotais.jpg 1600w\" sizes=\"(max-width: 768px) 100vw, 768px\" \/>\t\t\t\t\t\t\t\t<\/a>\n\t\t\t\t\t\t\t\t\t\t\t\t\t\t\t<\/div>\n\t\t\t\t<\/div>\n\t\t<div class=\"elementor-element elementor-element-efcfd15 e-con-full e-flex e-con e-child\" data-id=\"efcfd15\" data-element_type=\"container\" data-e-type=\"container\">\n\t\t\t\t<div class=\"elementor-element elementor-element-7d5d279 elementor-widget elementor-widget-image\" data-id=\"7d5d279\" data-element_type=\"widget\" data-e-type=\"widget\" data-widget_type=\"image.default\">\n\t\t\t\t\t\t\t\t\t\t\t\t\t\t\t\t<a href=\"https:\/\/www.paris-ancien.fr\/balades-decouverte\/wp-content\/uploads\/2026\/01\/jardin-13novembre.jpg\" data-elementor-open-lightbox=\"yes\" data-elementor-lightbox-title=\"jardin 13novembre\" data-e-action-hash=\"#elementor-action%3Aaction%3Dlightbox%26settings%3DeyJpZCI6MTIzNywidXJsIjoiaHR0cHM6XC9cL3d3dy5wYXJpcy1hbmNpZW4uZnJcL2JhbGFkZXMtZGVjb3V2ZXJ0ZVwvd3AtY29udGVudFwvdXBsb2Fkc1wvMjAyNlwvMDFcL2phcmRpbi0xM25vdmVtYnJlLmpwZyJ9\">\n\t\t\t\t\t\t\t<img decoding=\"async\" width=\"768\" height=\"576\" src=\"https:\/\/www.paris-ancien.fr\/balades-decouverte\/wp-content\/uploads\/2026\/01\/jardin-13novembre-768x576.jpg\" class=\"attachment-medium_large size-medium_large wp-image-1237\" alt=\"jardin 13novembre\" srcset=\"https:\/\/www.paris-ancien.fr\/balades-decouverte\/wp-content\/uploads\/2026\/01\/jardin-13novembre-768x576.jpg 768w, https:\/\/www.paris-ancien.fr\/balades-decouverte\/wp-content\/uploads\/2026\/01\/jardin-13novembre-300x225.jpg 300w, https:\/\/www.paris-ancien.fr\/balades-decouverte\/wp-content\/uploads\/2026\/01\/jardin-13novembre-1024x768.jpg 1024w, https:\/\/www.paris-ancien.fr\/balades-decouverte\/wp-content\/uploads\/2026\/01\/jardin-13novembre-1536x1152.jpg 1536w, https:\/\/www.paris-ancien.fr\/balades-decouverte\/wp-content\/uploads\/2026\/01\/jardin-13novembre.jpg 1600w\" sizes=\"(max-width: 768px) 100vw, 768px\" \/>\t\t\t\t\t\t\t\t<\/a>\n\t\t\t\t\t\t\t\t\t\t\t\t\t\t\t<\/div>\n\t\t\t\t<\/div>\n\t\t<div class=\"elementor-element elementor-element-13b652f e-con-full e-flex e-con e-child\" data-id=\"13b652f\" data-element_type=\"container\" data-e-type=\"container\">\n\t\t\t\t<div class=\"elementor-element elementor-element-2817fad elementor-widget elementor-widget-text-editor\" data-id=\"2817fad\" data-element_type=\"widget\" data-e-type=\"widget\" data-widget_type=\"text-editor.default\">\n\t\t\t\t\t\t\t\t\t<p>Prendre la Rue du Bellay vers la gauche et traverser le pont Louis Philippe. Tourner \u00e0 gauche dans la Rue de l&rsquo;H\u00f4tel de Ville , puis \u00e0 droite dans la Rue de Brosse. Arriver en face sur la Place St Gervais (<strong>Eglise St Gervais \/ St Protais<\/strong> , Nom de 2 officiers romains martyris\u00e9s par N\u00e9ron). Orme o\u00f9 est rendue la justice devant le <strong>jardin du Souvenir<\/strong> .<\/p>\t\t\t\t\t\t\t\t<\/div>\n\t\t\t\t<\/div>\n\t\t\t\t\t<\/div>\n\t\t\t\t<\/div>\n\t\t<div class=\"elementor-element elementor-element-6af29b0 e-flex e-con-boxed e-con e-parent\" data-id=\"6af29b0\" data-element_type=\"container\" data-e-type=\"container\">\n\t\t\t\t\t<div class=\"e-con-inner\">\n\t\t<div class=\"elementor-element elementor-element-80d3e53 e-con-full e-flex e-con e-child\" data-id=\"80d3e53\" data-element_type=\"container\" data-e-type=\"container\">\n\t\t\t\t<div class=\"elementor-element elementor-element-9afdb8f elementor-widget elementor-widget-image\" data-id=\"9afdb8f\" data-element_type=\"widget\" data-e-type=\"widget\" data-widget_type=\"image.default\">\n\t\t\t\t\t\t\t\t\t\t\t\t\t\t\t\t<a href=\"https:\/\/www.paris-ancien.fr\/balades-decouverte\/wp-content\/uploads\/2026\/01\/rue-francois-miron.jpg\" data-elementor-open-lightbox=\"yes\" data-elementor-lightbox-title=\"rue francois miron\" data-e-action-hash=\"#elementor-action%3Aaction%3Dlightbox%26settings%3DeyJpZCI6MTI1MywidXJsIjoiaHR0cHM6XC9cL3d3dy5wYXJpcy1hbmNpZW4uZnJcL2JhbGFkZXMtZGVjb3V2ZXJ0ZVwvd3AtY29udGVudFwvdXBsb2Fkc1wvMjAyNlwvMDFcL3J1ZS1mcmFuY29pcy1taXJvbi5qcGcifQ%3D%3D\">\n\t\t\t\t\t\t\t<img decoding=\"async\" width=\"768\" height=\"576\" src=\"https:\/\/www.paris-ancien.fr\/balades-decouverte\/wp-content\/uploads\/2026\/01\/rue-francois-miron-768x576.jpg\" class=\"attachment-medium_large size-medium_large wp-image-1253\" alt=\"rue francois miron\" srcset=\"https:\/\/www.paris-ancien.fr\/balades-decouverte\/wp-content\/uploads\/2026\/01\/rue-francois-miron-768x576.jpg 768w, https:\/\/www.paris-ancien.fr\/balades-decouverte\/wp-content\/uploads\/2026\/01\/rue-francois-miron-300x225.jpg 300w, https:\/\/www.paris-ancien.fr\/balades-decouverte\/wp-content\/uploads\/2026\/01\/rue-francois-miron-1024x768.jpg 1024w, https:\/\/www.paris-ancien.fr\/balades-decouverte\/wp-content\/uploads\/2026\/01\/rue-francois-miron-1536x1152.jpg 1536w, https:\/\/www.paris-ancien.fr\/balades-decouverte\/wp-content\/uploads\/2026\/01\/rue-francois-miron.jpg 1600w\" sizes=\"(max-width: 768px) 100vw, 768px\" \/>\t\t\t\t\t\t\t\t<\/a>\n\t\t\t\t\t\t\t\t\t\t\t\t\t\t\t<\/div>\n\t\t\t\t<\/div>\n\t\t<div class=\"elementor-element elementor-element-9b94ef0 e-con-full e-flex e-con e-child\" data-id=\"9b94ef0\" data-element_type=\"container\" data-e-type=\"container\">\n\t\t\t\t<div class=\"elementor-element elementor-element-23d90f7 elementor-widget elementor-widget-image\" data-id=\"23d90f7\" data-element_type=\"widget\" data-e-type=\"widget\" data-widget_type=\"image.default\">\n\t\t\t\t\t\t\t\t\t\t\t\t\t\t\t\t<a href=\"https:\/\/www.paris-ancien.fr\/balades-decouverte\/wp-content\/uploads\/2026\/01\/mariages-freres.jpg\" data-elementor-open-lightbox=\"yes\" data-elementor-lightbox-title=\"mariages freres\" data-e-action-hash=\"#elementor-action%3Aaction%3Dlightbox%26settings%3DeyJpZCI6MzQ2NCwidXJsIjoiaHR0cHM6XC9cL3d3dy5wYXJpcy1hbmNpZW4uZnJcL2JhbGFkZXMtZGVjb3V2ZXJ0ZVwvd3AtY29udGVudFwvdXBsb2Fkc1wvMjAyNlwvMDFcL21hcmlhZ2VzLWZyZXJlcy5qcGcifQ%3D%3D\">\n\t\t\t\t\t\t\t<img loading=\"lazy\" decoding=\"async\" width=\"768\" height=\"576\" src=\"https:\/\/www.paris-ancien.fr\/balades-decouverte\/wp-content\/uploads\/2026\/01\/mariages-freres-768x576.jpg\" class=\"attachment-medium_large size-medium_large wp-image-3464\" alt=\"mariages freres\" srcset=\"https:\/\/www.paris-ancien.fr\/balades-decouverte\/wp-content\/uploads\/2026\/01\/mariages-freres-768x576.jpg 768w, https:\/\/www.paris-ancien.fr\/balades-decouverte\/wp-content\/uploads\/2026\/01\/mariages-freres-300x225.jpg 300w, https:\/\/www.paris-ancien.fr\/balades-decouverte\/wp-content\/uploads\/2026\/01\/mariages-freres-1024x768.jpg 1024w, https:\/\/www.paris-ancien.fr\/balades-decouverte\/wp-content\/uploads\/2026\/01\/mariages-freres-1536x1152.jpg 1536w, https:\/\/www.paris-ancien.fr\/balades-decouverte\/wp-content\/uploads\/2026\/01\/mariages-freres.jpg 1600w\" sizes=\"(max-width: 768px) 100vw, 768px\" \/>\t\t\t\t\t\t\t\t<\/a>\n\t\t\t\t\t\t\t\t\t\t\t\t\t\t\t<\/div>\n\t\t\t\t<\/div>\n\t\t<div class=\"elementor-element elementor-element-d29d203 e-con-full e-flex e-con e-child\" data-id=\"d29d203\" data-element_type=\"container\" data-e-type=\"container\">\n\t\t\t\t<div class=\"elementor-element elementor-element-c9dd246 elementor-widget elementor-widget-text-editor\" data-id=\"c9dd246\" data-element_type=\"widget\" data-e-type=\"widget\" data-widget_type=\"text-editor.default\">\n\t\t\t\t\t\t\t\t\t<p>A gauche , H\u00f4tel de Ville (Ancienne Place de Gr\u00e8ve). Prendre la Rue Fran\u00e7ois Miron \u00e0 droite (<strong>Vieilles maisons<\/strong>). Passer sur la Place Baudoyer \u00e0 gauche. Traverser la Rue de Rivoli. Prendre en face dans la Rue du Bourg Tibourg (Au 30 , <strong>Maison du Th\u00e9 \u00ab\u00a0Mariage Fr\u00e8res\u00a0\u00bb). <\/strong><\/p>\t\t\t\t\t\t\t\t<\/div>\n\t\t\t\t<\/div>\n\t\t\t\t\t<\/div>\n\t\t\t\t<\/div>\n\t\t<div class=\"elementor-element elementor-element-890293f e-flex e-con-boxed e-con e-parent\" data-id=\"890293f\" data-element_type=\"container\" data-e-type=\"container\">\n\t\t\t\t\t<div class=\"e-con-inner\">\n\t\t<div class=\"elementor-element elementor-element-ea3b147 e-con-full e-flex e-con e-child\" data-id=\"ea3b147\" data-element_type=\"container\" data-e-type=\"container\">\n\t\t\t\t<div class=\"elementor-element elementor-element-199e6c8 elementor-widget elementor-widget-image\" data-id=\"199e6c8\" data-element_type=\"widget\" data-e-type=\"widget\" data-widget_type=\"image.default\">\n\t\t\t\t\t\t\t\t\t\t\t\t\t\t\t\t<a href=\"https:\/\/www.paris-ancien.fr\/balades-decouverte\/wp-content\/uploads\/2026\/01\/cloitre-billettes.jpg\" data-elementor-open-lightbox=\"yes\" data-elementor-lightbox-title=\"cloitre billettes\" data-e-action-hash=\"#elementor-action%3Aaction%3Dlightbox%26settings%3DeyJpZCI6MzQ1MywidXJsIjoiaHR0cHM6XC9cL3d3dy5wYXJpcy1hbmNpZW4uZnJcL2JhbGFkZXMtZGVjb3V2ZXJ0ZVwvd3AtY29udGVudFwvdXBsb2Fkc1wvMjAyNlwvMDFcL2Nsb2l0cmUtYmlsbGV0dGVzLmpwZyJ9\">\n\t\t\t\t\t\t\t<img loading=\"lazy\" decoding=\"async\" width=\"768\" height=\"576\" src=\"https:\/\/www.paris-ancien.fr\/balades-decouverte\/wp-content\/uploads\/2026\/01\/cloitre-billettes-768x576.jpg\" class=\"attachment-medium_large size-medium_large wp-image-3453\" alt=\"cloitre billettes\" srcset=\"https:\/\/www.paris-ancien.fr\/balades-decouverte\/wp-content\/uploads\/2026\/01\/cloitre-billettes-768x576.jpg 768w, https:\/\/www.paris-ancien.fr\/balades-decouverte\/wp-content\/uploads\/2026\/01\/cloitre-billettes-300x225.jpg 300w, https:\/\/www.paris-ancien.fr\/balades-decouverte\/wp-content\/uploads\/2026\/01\/cloitre-billettes-1024x768.jpg 1024w, https:\/\/www.paris-ancien.fr\/balades-decouverte\/wp-content\/uploads\/2026\/01\/cloitre-billettes-1536x1152.jpg 1536w, https:\/\/www.paris-ancien.fr\/balades-decouverte\/wp-content\/uploads\/2026\/01\/cloitre-billettes.jpg 1600w\" sizes=\"(max-width: 768px) 100vw, 768px\" \/>\t\t\t\t\t\t\t\t<\/a>\n\t\t\t\t\t\t\t\t\t\t\t\t\t\t\t<\/div>\n\t\t\t\t<\/div>\n\t\t<div class=\"elementor-element elementor-element-ac291d0 e-con-full e-flex e-con e-child\" data-id=\"ac291d0\" data-element_type=\"container\" data-e-type=\"container\">\n\t\t\t\t<div class=\"elementor-element elementor-element-d6dd95b elementor-widget elementor-widget-image\" data-id=\"d6dd95b\" data-element_type=\"widget\" data-e-type=\"widget\" data-widget_type=\"image.default\">\n\t\t\t\t\t\t\t\t\t\t\t\t\t\t\t\t<a href=\"https:\/\/www.paris-ancien.fr\/balades-decouverte\/wp-content\/uploads\/2026\/01\/theatre-essaion.jpg\" data-elementor-open-lightbox=\"yes\" data-elementor-lightbox-title=\"theatre essaion\" data-e-action-hash=\"#elementor-action%3Aaction%3Dlightbox%26settings%3DeyJpZCI6MjkxNiwidXJsIjoiaHR0cHM6XC9cL3d3dy5wYXJpcy1hbmNpZW4uZnJcL2JhbGFkZXMtZGVjb3V2ZXJ0ZVwvd3AtY29udGVudFwvdXBsb2Fkc1wvMjAyNlwvMDFcL3RoZWF0cmUtZXNzYWlvbi5qcGcifQ%3D%3D\">\n\t\t\t\t\t\t\t<img loading=\"lazy\" decoding=\"async\" width=\"768\" height=\"576\" src=\"https:\/\/www.paris-ancien.fr\/balades-decouverte\/wp-content\/uploads\/2026\/01\/theatre-essaion-768x576.jpg\" class=\"attachment-medium_large size-medium_large wp-image-2916\" alt=\"theatre essaion\" srcset=\"https:\/\/www.paris-ancien.fr\/balades-decouverte\/wp-content\/uploads\/2026\/01\/theatre-essaion-768x576.jpg 768w, https:\/\/www.paris-ancien.fr\/balades-decouverte\/wp-content\/uploads\/2026\/01\/theatre-essaion-300x225.jpg 300w, https:\/\/www.paris-ancien.fr\/balades-decouverte\/wp-content\/uploads\/2026\/01\/theatre-essaion-1024x768.jpg 1024w, https:\/\/www.paris-ancien.fr\/balades-decouverte\/wp-content\/uploads\/2026\/01\/theatre-essaion-1536x1152.jpg 1536w, https:\/\/www.paris-ancien.fr\/balades-decouverte\/wp-content\/uploads\/2026\/01\/theatre-essaion.jpg 1600w\" sizes=\"(max-width: 768px) 100vw, 768px\" \/>\t\t\t\t\t\t\t\t<\/a>\n\t\t\t\t\t\t\t\t\t\t\t\t\t\t\t<\/div>\n\t\t\t\t<\/div>\n\t\t<div class=\"elementor-element elementor-element-0c863c3 e-con-full e-flex e-con e-child\" data-id=\"0c863c3\" data-element_type=\"container\" data-e-type=\"container\">\n\t\t\t\t<div class=\"elementor-element elementor-element-5dedadf elementor-widget elementor-widget-text-editor\" data-id=\"5dedadf\" data-element_type=\"widget\" data-e-type=\"widget\" data-widget_type=\"text-editor.default\">\n\t\t\t\t\t\t\t\t\t<p>Tourner \u00e0 gauche dans la Rue de la Ste Croix de la Bretonnerie puis \u00e0 gauche dans la Rue des Archives. A gauche au 24 , <strong>Clo\u00eetre des Billettes<\/strong> (Clo\u00eetre m\u00e9di\u00e9val de 1350). Entrer \u00e0 droite dans le Square Ste Croix de la Bretonnerie. Revenir \u00e0 droite sur la Rue de la Ste Croix de la Bretonnerie. Continuer tout droit dans la Rue Ste Merri et prendre la Rue Pierre au Lard \u00e0 droite (<strong>Th\u00e9atre Essaion<\/strong> \u00e0 l&rsquo;angle)<\/p>\t\t\t\t\t\t\t\t<\/div>\n\t\t\t\t<\/div>\n\t\t\t\t\t<\/div>\n\t\t\t\t<\/div>\n\t\t<div class=\"elementor-element elementor-element-c1906c5 e-flex e-con-boxed e-con e-parent\" data-id=\"c1906c5\" data-element_type=\"container\" data-e-type=\"container\">\n\t\t\t\t\t<div class=\"e-con-inner\">\n\t\t<div class=\"elementor-element elementor-element-2a42685 e-con-full e-flex e-con e-child\" data-id=\"2a42685\" data-element_type=\"container\" data-e-type=\"container\">\n\t\t\t\t<div class=\"elementor-element elementor-element-be045ea elementor-widget elementor-widget-image\" data-id=\"be045ea\" data-element_type=\"widget\" data-e-type=\"widget\" data-widget_type=\"image.default\">\n\t\t\t\t\t\t\t\t\t\t\t\t\t\t\t\t<a href=\"https:\/\/www.paris-ancien.fr\/balades-decouverte\/wp-content\/uploads\/2026\/02\/eglise-ste-merri.jpg\" data-elementor-open-lightbox=\"yes\" data-elementor-lightbox-title=\"eglise ste merri\" data-e-action-hash=\"#elementor-action%3Aaction%3Dlightbox%26settings%3DeyJpZCI6MzkxNiwidXJsIjoiaHR0cHM6XC9cL3d3dy5wYXJpcy1hbmNpZW4uZnJcL2JhbGFkZXMtZGVjb3V2ZXJ0ZVwvd3AtY29udGVudFwvdXBsb2Fkc1wvMjAyNlwvMDJcL2VnbGlzZS1zdGUtbWVycmkuanBnIn0%3D\">\n\t\t\t\t\t\t\t<img loading=\"lazy\" decoding=\"async\" width=\"768\" height=\"576\" src=\"https:\/\/www.paris-ancien.fr\/balades-decouverte\/wp-content\/uploads\/2026\/02\/eglise-ste-merri-768x576.jpg\" class=\"attachment-medium_large size-medium_large wp-image-3916\" alt=\"eglise ste merri\" srcset=\"https:\/\/www.paris-ancien.fr\/balades-decouverte\/wp-content\/uploads\/2026\/02\/eglise-ste-merri-768x576.jpg 768w, https:\/\/www.paris-ancien.fr\/balades-decouverte\/wp-content\/uploads\/2026\/02\/eglise-ste-merri-300x225.jpg 300w, https:\/\/www.paris-ancien.fr\/balades-decouverte\/wp-content\/uploads\/2026\/02\/eglise-ste-merri-1024x768.jpg 1024w, https:\/\/www.paris-ancien.fr\/balades-decouverte\/wp-content\/uploads\/2026\/02\/eglise-ste-merri-1536x1152.jpg 1536w, https:\/\/www.paris-ancien.fr\/balades-decouverte\/wp-content\/uploads\/2026\/02\/eglise-ste-merri.jpg 1600w\" sizes=\"(max-width: 768px) 100vw, 768px\" \/>\t\t\t\t\t\t\t\t<\/a>\n\t\t\t\t\t\t\t\t\t\t\t\t\t\t\t<\/div>\n\t\t\t\t<\/div>\n\t\t<div class=\"elementor-element elementor-element-582cbf6 e-con-full e-flex e-con e-child\" data-id=\"582cbf6\" data-element_type=\"container\" data-e-type=\"container\">\n\t\t\t\t<div class=\"elementor-element elementor-element-97f6d60 elementor-widget elementor-widget-image\" data-id=\"97f6d60\" data-element_type=\"widget\" data-e-type=\"widget\" data-widget_type=\"image.default\">\n\t\t\t\t\t\t\t\t\t\t\t\t\t\t\t\t<a href=\"https:\/\/www.paris-ancien.fr\/balades-decouverte\/wp-content\/uploads\/2026\/01\/rue-quincampoix.jpg\" data-elementor-open-lightbox=\"yes\" data-elementor-lightbox-title=\"rue quincampoix\" data-e-action-hash=\"#elementor-action%3Aaction%3Dlightbox%26settings%3DeyJpZCI6Mjk2NywidXJsIjoiaHR0cHM6XC9cL3d3dy5wYXJpcy1hbmNpZW4uZnJcL2JhbGFkZXMtZGVjb3V2ZXJ0ZVwvd3AtY29udGVudFwvdXBsb2Fkc1wvMjAyNlwvMDFcL3J1ZS1xdWluY2FtcG9peC5qcGcifQ%3D%3D\">\n\t\t\t\t\t\t\t<img loading=\"lazy\" decoding=\"async\" width=\"768\" height=\"576\" src=\"https:\/\/www.paris-ancien.fr\/balades-decouverte\/wp-content\/uploads\/2026\/01\/rue-quincampoix-768x576.jpg\" class=\"attachment-medium_large size-medium_large wp-image-2967\" alt=\"rue quincampoix\" srcset=\"https:\/\/www.paris-ancien.fr\/balades-decouverte\/wp-content\/uploads\/2026\/01\/rue-quincampoix-768x576.jpg 768w, https:\/\/www.paris-ancien.fr\/balades-decouverte\/wp-content\/uploads\/2026\/01\/rue-quincampoix-300x225.jpg 300w, https:\/\/www.paris-ancien.fr\/balades-decouverte\/wp-content\/uploads\/2026\/01\/rue-quincampoix-1024x768.jpg 1024w, https:\/\/www.paris-ancien.fr\/balades-decouverte\/wp-content\/uploads\/2026\/01\/rue-quincampoix-1536x1152.jpg 1536w, https:\/\/www.paris-ancien.fr\/balades-decouverte\/wp-content\/uploads\/2026\/01\/rue-quincampoix.jpg 1600w\" sizes=\"(max-width: 768px) 100vw, 768px\" \/>\t\t\t\t\t\t\t\t<\/a>\n\t\t\t\t\t\t\t\t\t\t\t\t\t\t\t<\/div>\n\t\t\t\t<\/div>\n\t\t<div class=\"elementor-element elementor-element-7872b4e e-con-full e-flex e-con e-child\" data-id=\"7872b4e\" data-element_type=\"container\" data-e-type=\"container\">\n\t\t\t\t<div class=\"elementor-element elementor-element-6c8613a elementor-widget elementor-widget-text-editor\" data-id=\"6c8613a\" data-element_type=\"widget\" data-e-type=\"widget\" data-widget_type=\"text-editor.default\">\n\t\t\t\t\t\t\t\t\t<p>Tourner vers la gauche sur la Place Stravinsky. Tourner \u00e0 droite dans la Rue du Clo\u00eetre Ste Merri et longer l&rsquo;<strong>Eglise Ste Merri<\/strong>. Tourner \u00e0 droite dans la Rue St Martin puis \u00e0 gauche dans la Rue de la Reynie. Traverser le Bd de S\u00e9bastopol. Tourner \u00e0 gauche dans la<strong> Rue Quincampoix<\/strong>. Aux nos 10,12,13,14, Vieilles maisons avec fa\u00e7ades et balcons en fer forg\u00e9.<\/p>\t\t\t\t\t\t\t\t<\/div>\n\t\t\t\t<\/div>\n\t\t\t\t\t<\/div>\n\t\t\t\t<\/div>\n\t\t<div class=\"elementor-element elementor-element-4b1b2b8 e-flex e-con-boxed e-con e-parent\" data-id=\"4b1b2b8\" data-element_type=\"container\" data-e-type=\"container\">\n\t\t\t\t\t<div class=\"e-con-inner\">\n\t\t\t\t<div class=\"elementor-element elementor-element-e77a944 elementor-widget elementor-widget-text-editor\" data-id=\"e77a944\" data-element_type=\"widget\" data-e-type=\"widget\" data-widget_type=\"text-editor.default\">\n\t\t\t\t\t\t\t\t\t<p><a href=\"https:\/\/www.paris-ancien.fr\/balades-decouverte\/parcours-7-halles\/\">Parcours 7 : Halles &gt;&gt;&gt;<\/a><\/p>\t\t\t\t\t\t\t\t<\/div>\n\t\t\t\t\t<\/div>\n\t\t\t\t<\/div>\n\t\t<div class=\"elementor-element elementor-element-75c13ba e-flex e-con-boxed e-con e-parent\" data-id=\"75c13ba\" data-element_type=\"container\" data-e-type=\"container\">\n\t\t\t\t\t<div class=\"e-con-inner\">\n\t\t\t\t<div class=\"elementor-element elementor-element-581e10c elementor-widget elementor-widget-spacer\" data-id=\"581e10c\" data-element_type=\"widget\" data-e-type=\"widget\" data-widget_type=\"spacer.default\">\n\t\t\t\t\t\t\t<div class=\"elementor-spacer\">\n\t\t\t<div class=\"elementor-spacer-inner\"><\/div>\n\t\t<\/div>\n\t\t\t\t\t\t<\/div>\n\t\t\t\t\t<\/div>\n\t\t\t\t<\/div>\n\t\t\t\t<\/div>\n\t\t","protected":false},"excerpt":{"rendered":"<p>Parcours 7 &#8211; Paris Cosmopolite &#8211; Saint Paul Prendre la Rue du Bellay vers la gauche et traverser le pont [&hellip;]<\/p>\n","protected":false},"author":1,"featured_media":0,"parent":0,"menu_order":0,"comment_status":"closed","ping_status":"closed","template":"","meta":{"_seopress_robots_primary_cat":"","_seopress_titles_title":"Parcours 7 - Saint Paul - Balades d\u00e9couvertes dans Paris","_seopress_titles_desc":"Balades dans Paris, d\u00e9couverte de lieux insolites cach\u00e9s historiques, expos universelles, cadrans solaires, patrimoine - Parcours 7 - Saint Paul","_seopress_robots_index":"","_monsterinsights_skip_tracking":false,"_monsterinsights_sitenote_active":false,"_monsterinsights_sitenote_note":"","_monsterinsights_sitenote_category":0,"site-sidebar-layout":"no-sidebar","site-content-layout":"","ast-site-content-layout":"full-width-container","site-content-style":"default","site-sidebar-style":"default","ast-global-header-display":"","ast-banner-title-visibility":"","ast-main-header-display":"","ast-hfb-above-header-display":"","ast-hfb-below-header-display":"","ast-hfb-mobile-header-display":"","site-post-title":"disabled","ast-breadcrumbs-content":"","ast-featured-img":"disabled","footer-sml-layout":"","ast-disable-related-posts":"","theme-transparent-header-meta":"","adv-header-id-meta":"","stick-header-meta":"","header-above-stick-meta":"","header-main-stick-meta":"","header-below-stick-meta":"","astra-migrate-meta-layouts":"default","ast-page-background-enabled":"default","ast-page-background-meta":{"desktop":{"background-color":"var(--ast-global-color-5)","background-image":"","background-repeat":"repeat","background-position":"center center","background-size":"auto","background-attachment":"scroll","background-type":"","background-media":"","overlay-type":"","overlay-color":"","overlay-opacity":"","overlay-gradient":""},"tablet":{"background-color":"","background-image":"","background-repeat":"repeat","background-position":"center center","background-size":"auto","background-attachment":"scroll","background-type":"","background-media":"","overlay-type":"","overlay-color":"","overlay-opacity":"","overlay-gradient":""},"mobile":{"background-color":"","background-image":"","background-repeat":"repeat","background-position":"center center","background-size":"auto","background-attachment":"scroll","background-type":"","background-media":"","overlay-type":"","overlay-color":"","overlay-opacity":"","overlay-gradient":""}},"ast-content-background-meta":{"desktop":{"background-color":"var(--ast-global-color-4)","background-image":"","background-repeat":"repeat","background-position":"center center","background-size":"auto","background-attachment":"scroll","background-type":"","background-media":"","overlay-type":"","overlay-color":"","overlay-opacity":"","overlay-gradient":""},"tablet":{"background-color":"var(--ast-global-color-4)","background-image":"","background-repeat":"repeat","background-position":"center center","background-size":"auto","background-attachment":"scroll","background-type":"","background-media":"","overlay-type":"","overlay-color":"","overlay-opacity":"","overlay-gradient":""},"mobile":{"background-color":"var(--ast-global-color-4)","background-image":"","background-repeat":"repeat","background-position":"center center","background-size":"auto","background-attachment":"scroll","background-type":"","background-media":"","overlay-type":"","overlay-color":"","overlay-opacity":"","overlay-gradient":""}},"footnotes":""},"class_list":["post-499","page","type-page","status-publish","hentry"],"_links":{"self":[{"href":"https:\/\/www.paris-ancien.fr\/balades-decouverte\/wp-json\/wp\/v2\/pages\/499","targetHints":{"allow":["GET"]}}],"collection":[{"href":"https:\/\/www.paris-ancien.fr\/balades-decouverte\/wp-json\/wp\/v2\/pages"}],"about":[{"href":"https:\/\/www.paris-ancien.fr\/balades-decouverte\/wp-json\/wp\/v2\/types\/page"}],"author":[{"embeddable":true,"href":"https:\/\/www.paris-ancien.fr\/balades-decouverte\/wp-json\/wp\/v2\/users\/1"}],"replies":[{"embeddable":true,"href":"https:\/\/www.paris-ancien.fr\/balades-decouverte\/wp-json\/wp\/v2\/comments?post=499"}],"version-history":[{"count":28,"href":"https:\/\/www.paris-ancien.fr\/balades-decouverte\/wp-json\/wp\/v2\/pages\/499\/revisions"}],"predecessor-version":[{"id":7294,"href":"https:\/\/www.paris-ancien.fr\/balades-decouverte\/wp-json\/wp\/v2\/pages\/499\/revisions\/7294"}],"wp:attachment":[{"href":"https:\/\/www.paris-ancien.fr\/balades-decouverte\/wp-json\/wp\/v2\/media?parent=499"}],"curies":[{"name":"wp","href":"https:\/\/api.w.org\/{rel}","templated":true}]}}