{"id":495,"date":"2026-01-03T14:09:56","date_gmt":"2026-01-03T13:09:56","guid":{"rendered":"https:\/\/www.paris-ancien.fr\/balades-decouverte\/?page_id=495"},"modified":"2026-02-20T11:30:53","modified_gmt":"2026-02-20T10:30:53","slug":"parcours-7-orsay","status":"publish","type":"page","link":"https:\/\/www.paris-ancien.fr\/balades-decouverte\/parcours-7-orsay\/","title":{"rendered":"Parcours 7 &#8211; Orsay"},"content":{"rendered":"\t\t<div data-elementor-type=\"wp-page\" data-elementor-id=\"495\" class=\"elementor elementor-495\">\n\t\t\t\t<div class=\"elementor-element elementor-element-36a5557 e-flex e-con-boxed e-con e-parent\" data-id=\"36a5557\" data-element_type=\"container\" data-e-type=\"container\">\n\t\t\t\t\t<div class=\"e-con-inner\">\n\t\t\t\t<div class=\"elementor-element elementor-element-0af8c9e elementor-widget elementor-widget-heading\" data-id=\"0af8c9e\" data-element_type=\"widget\" data-e-type=\"widget\" data-widget_type=\"heading.default\">\n\t\t\t\t\t<h2 class=\"elementor-heading-title elementor-size-default\">Parcours 7 - Paris Cosmopolite - Orsay<\/h2>\t\t\t\t<\/div>\n\t\t\t\t\t<\/div>\n\t\t\t\t<\/div>\n\t\t<div class=\"elementor-element elementor-element-323600f e-flex e-con-boxed e-con e-parent\" data-id=\"323600f\" data-element_type=\"container\" data-e-type=\"container\">\n\t\t\t\t\t<div class=\"e-con-inner\">\n\t\t<div class=\"elementor-element elementor-element-799b4ba e-con-full e-flex e-con e-child\" data-id=\"799b4ba\" data-element_type=\"container\" data-e-type=\"container\">\n\t\t\t\t<div class=\"elementor-element elementor-element-e626deb elementor-widget elementor-widget-image\" data-id=\"e626deb\" data-element_type=\"widget\" data-e-type=\"widget\" data-widget_type=\"image.default\">\n\t\t\t\t\t\t\t\t\t\t\t\t\t\t\t\t<a href=\"https:\/\/www.paris-ancien.fr\/balades-decouverte\/wp-content\/uploads\/2026\/02\/ecole-beaux-arts.jpg\" data-elementor-open-lightbox=\"yes\" data-elementor-lightbox-title=\"ecole beaux arts\" data-e-action-hash=\"#elementor-action%3Aaction%3Dlightbox%26settings%3DeyJpZCI6MzgxMywidXJsIjoiaHR0cHM6XC9cL3d3dy5wYXJpcy1hbmNpZW4uZnJcL2JhbGFkZXMtZGVjb3V2ZXJ0ZVwvd3AtY29udGVudFwvdXBsb2Fkc1wvMjAyNlwvMDJcL2Vjb2xlLWJlYXV4LWFydHMuanBnIn0%3D\">\n\t\t\t\t\t\t\t<img fetchpriority=\"high\" decoding=\"async\" width=\"768\" height=\"576\" src=\"https:\/\/www.paris-ancien.fr\/balades-decouverte\/wp-content\/uploads\/2026\/02\/ecole-beaux-arts-768x576.jpg\" class=\"attachment-medium_large size-medium_large wp-image-3813\" alt=\"ecole beaux arts\" srcset=\"https:\/\/www.paris-ancien.fr\/balades-decouverte\/wp-content\/uploads\/2026\/02\/ecole-beaux-arts-768x576.jpg 768w, https:\/\/www.paris-ancien.fr\/balades-decouverte\/wp-content\/uploads\/2026\/02\/ecole-beaux-arts-300x225.jpg 300w, https:\/\/www.paris-ancien.fr\/balades-decouverte\/wp-content\/uploads\/2026\/02\/ecole-beaux-arts-1024x768.jpg 1024w, https:\/\/www.paris-ancien.fr\/balades-decouverte\/wp-content\/uploads\/2026\/02\/ecole-beaux-arts-1536x1152.jpg 1536w, https:\/\/www.paris-ancien.fr\/balades-decouverte\/wp-content\/uploads\/2026\/02\/ecole-beaux-arts.jpg 1600w\" sizes=\"(max-width: 768px) 100vw, 768px\" \/>\t\t\t\t\t\t\t\t<\/a>\n\t\t\t\t\t\t\t\t\t\t\t\t\t\t\t<\/div>\n\t\t\t\t<\/div>\n\t\t<div class=\"elementor-element elementor-element-e6c728f e-con-full e-flex e-con e-child\" data-id=\"e6c728f\" data-element_type=\"container\" data-e-type=\"container\">\n\t\t\t\t<div class=\"elementor-element elementor-element-3cb2b56 elementor-widget elementor-widget-image\" data-id=\"3cb2b56\" data-element_type=\"widget\" data-e-type=\"widget\" data-widget_type=\"image.default\">\n\t\t\t\t\t\t\t\t\t\t\t\t\t\t\t\t<a href=\"https:\/\/www.paris-ancien.fr\/balades-decouverte\/wp-content\/uploads\/2026\/02\/square-pierne.jpg\" data-elementor-open-lightbox=\"yes\" data-elementor-lightbox-title=\"square pierne\" data-e-action-hash=\"#elementor-action%3Aaction%3Dlightbox%26settings%3DeyJpZCI6MzgxNSwidXJsIjoiaHR0cHM6XC9cL3d3dy5wYXJpcy1hbmNpZW4uZnJcL2JhbGFkZXMtZGVjb3V2ZXJ0ZVwvd3AtY29udGVudFwvdXBsb2Fkc1wvMjAyNlwvMDJcL3NxdWFyZS1waWVybmUuanBnIn0%3D\">\n\t\t\t\t\t\t\t<img decoding=\"async\" width=\"768\" height=\"576\" src=\"https:\/\/www.paris-ancien.fr\/balades-decouverte\/wp-content\/uploads\/2026\/02\/square-pierne-768x576.jpg\" class=\"attachment-medium_large size-medium_large wp-image-3815\" alt=\"square pierne\" srcset=\"https:\/\/www.paris-ancien.fr\/balades-decouverte\/wp-content\/uploads\/2026\/02\/square-pierne-768x576.jpg 768w, https:\/\/www.paris-ancien.fr\/balades-decouverte\/wp-content\/uploads\/2026\/02\/square-pierne-300x225.jpg 300w, https:\/\/www.paris-ancien.fr\/balades-decouverte\/wp-content\/uploads\/2026\/02\/square-pierne-1024x768.jpg 1024w, https:\/\/www.paris-ancien.fr\/balades-decouverte\/wp-content\/uploads\/2026\/02\/square-pierne-1536x1152.jpg 1536w, https:\/\/www.paris-ancien.fr\/balades-decouverte\/wp-content\/uploads\/2026\/02\/square-pierne.jpg 1600w\" sizes=\"(max-width: 768px) 100vw, 768px\" \/>\t\t\t\t\t\t\t\t<\/a>\n\t\t\t\t\t\t\t\t\t\t\t\t\t\t\t<\/div>\n\t\t\t\t<\/div>\n\t\t<div class=\"elementor-element elementor-element-04892f9 e-con-full e-flex e-con e-child\" data-id=\"04892f9\" data-element_type=\"container\" data-e-type=\"container\">\n\t\t\t\t<div class=\"elementor-element elementor-element-e4f7add elementor-widget elementor-widget-text-editor\" data-id=\"e4f7add\" data-element_type=\"widget\" data-e-type=\"widget\" data-widget_type=\"text-editor.default\">\n\t\t\t\t\t\t\t\t\t<p>Traverser le Bd Raspail et prendre la Rue de Luynes en face. Traverser le Bd St Germain. Prendre la Rue Thomas d&rsquo;Aquin en face (vue sur l&rsquo;Eglise Thomas d&rsquo;Aquin). Tourner \u00e0 gauche dans la Rue de Gribeauval. Tourner \u00e0 droite dans la Rue Montalembert puis la Rue S. Bottin. Tourner \u00e0 droite dans la Rue de l&rsquo;Universit\u00e9. Passer devant l&rsquo;E.N.A. (Ancien H\u00f4tel).<br \/>Tourner \u00e0 droite dans la Rue du Pr\u00e9 aux Clercs puis \u00e0 gauche dans la Rue Perronet. Tourner \u00e0 gauche dans la Rue des Saints P\u00e8res. Belles cours au 12 ,19 , 30 ,40. Au 21 , Ecole Sciences Po (Avec jardin et H\u00f4tel du 17e si\u00e8cle). Tourner \u00e0 droite dans la Rue Jacob. A gauche , <strong>Jardin de l&rsquo;Ecole des Beaux Arts<\/strong> (Ancien Couvent des Sts Augustins datant du 17e si\u00e8cle). Tourner dans la Rue des Beaux Arts \u00e0 droite puis la Rue de Seine \u00e0 gauche. Au bout , <strong>Square Piern\u00e9<\/strong>.<\/p>\t\t\t\t\t\t\t\t<\/div>\n\t\t\t\t<\/div>\n\t\t\t\t\t<\/div>\n\t\t\t\t<\/div>\n\t\t<div class=\"elementor-element elementor-element-56e706b e-flex e-con-boxed e-con e-parent\" data-id=\"56e706b\" data-element_type=\"container\" data-e-type=\"container\">\n\t\t\t\t\t<div class=\"e-con-inner\">\n\t\t<div class=\"elementor-element elementor-element-5124e14 e-con-full e-flex e-con e-child\" data-id=\"5124e14\" data-element_type=\"container\" data-e-type=\"container\">\n\t\t\t\t<div class=\"elementor-element elementor-element-23c9c87 elementor-widget elementor-widget-image\" data-id=\"23c9c87\" data-element_type=\"widget\" data-e-type=\"widget\" data-widget_type=\"image.default\">\n\t\t\t\t\t\t\t\t\t\t\t\t\t\t\t\t<a href=\"https:\/\/www.paris-ancien.fr\/balades-decouverte\/wp-content\/uploads\/2026\/02\/hotel-pompes.jpg\" data-elementor-open-lightbox=\"yes\" data-elementor-lightbox-title=\"hotel pompes\" data-e-action-hash=\"#elementor-action%3Aaction%3Dlightbox%26settings%3DeyJpZCI6MzgyMSwidXJsIjoiaHR0cHM6XC9cL3d3dy5wYXJpcy1hbmNpZW4uZnJcL2JhbGFkZXMtZGVjb3V2ZXJ0ZVwvd3AtY29udGVudFwvdXBsb2Fkc1wvMjAyNlwvMDJcL2hvdGVsLXBvbXBlcy5qcGcifQ%3D%3D\">\n\t\t\t\t\t\t\t<img decoding=\"async\" width=\"768\" height=\"576\" src=\"https:\/\/www.paris-ancien.fr\/balades-decouverte\/wp-content\/uploads\/2026\/02\/hotel-pompes-768x576.jpg\" class=\"attachment-medium_large size-medium_large wp-image-3821\" alt=\"hotel pompes\" srcset=\"https:\/\/www.paris-ancien.fr\/balades-decouverte\/wp-content\/uploads\/2026\/02\/hotel-pompes-768x576.jpg 768w, https:\/\/www.paris-ancien.fr\/balades-decouverte\/wp-content\/uploads\/2026\/02\/hotel-pompes-300x225.jpg 300w, https:\/\/www.paris-ancien.fr\/balades-decouverte\/wp-content\/uploads\/2026\/02\/hotel-pompes-1024x768.jpg 1024w, https:\/\/www.paris-ancien.fr\/balades-decouverte\/wp-content\/uploads\/2026\/02\/hotel-pompes-1536x1152.jpg 1536w, https:\/\/www.paris-ancien.fr\/balades-decouverte\/wp-content\/uploads\/2026\/02\/hotel-pompes.jpg 1600w\" sizes=\"(max-width: 768px) 100vw, 768px\" \/>\t\t\t\t\t\t\t\t<\/a>\n\t\t\t\t\t\t\t\t\t\t\t\t\t\t\t<\/div>\n\t\t\t\t<\/div>\n\t\t<div class=\"elementor-element elementor-element-a714d46 e-con-full e-flex e-con e-child\" data-id=\"a714d46\" data-element_type=\"container\" data-e-type=\"container\">\n\t\t\t\t<div class=\"elementor-element elementor-element-fa1d578 elementor-widget elementor-widget-image\" data-id=\"fa1d578\" data-element_type=\"widget\" data-e-type=\"widget\" data-widget_type=\"image.default\">\n\t\t\t\t\t\t\t\t\t\t\t\t\t\t\t\t<a href=\"https:\/\/www.paris-ancien.fr\/balades-decouverte\/wp-content\/uploads\/2026\/02\/passage-dauphine.jpg\" data-elementor-open-lightbox=\"yes\" data-elementor-lightbox-title=\"passage dauphine\" data-e-action-hash=\"#elementor-action%3Aaction%3Dlightbox%26settings%3DeyJpZCI6MzgxOSwidXJsIjoiaHR0cHM6XC9cL3d3dy5wYXJpcy1hbmNpZW4uZnJcL2JhbGFkZXMtZGVjb3V2ZXJ0ZVwvd3AtY29udGVudFwvdXBsb2Fkc1wvMjAyNlwvMDJcL3Bhc3NhZ2UtZGF1cGhpbmUuanBnIn0%3D\">\n\t\t\t\t\t\t\t<img loading=\"lazy\" decoding=\"async\" width=\"768\" height=\"576\" src=\"https:\/\/www.paris-ancien.fr\/balades-decouverte\/wp-content\/uploads\/2026\/02\/passage-dauphine-768x576.jpg\" class=\"attachment-medium_large size-medium_large wp-image-3819\" alt=\"passage dauphine\" srcset=\"https:\/\/www.paris-ancien.fr\/balades-decouverte\/wp-content\/uploads\/2026\/02\/passage-dauphine-768x576.jpg 768w, https:\/\/www.paris-ancien.fr\/balades-decouverte\/wp-content\/uploads\/2026\/02\/passage-dauphine-300x225.jpg 300w, https:\/\/www.paris-ancien.fr\/balades-decouverte\/wp-content\/uploads\/2026\/02\/passage-dauphine-1024x768.jpg 1024w, https:\/\/www.paris-ancien.fr\/balades-decouverte\/wp-content\/uploads\/2026\/02\/passage-dauphine-1536x1152.jpg 1536w, https:\/\/www.paris-ancien.fr\/balades-decouverte\/wp-content\/uploads\/2026\/02\/passage-dauphine.jpg 1600w\" sizes=\"(max-width: 768px) 100vw, 768px\" \/>\t\t\t\t\t\t\t\t<\/a>\n\t\t\t\t\t\t\t\t\t\t\t\t\t\t\t<\/div>\n\t\t\t\t<\/div>\n\t\t<div class=\"elementor-element elementor-element-1873477 e-con-full e-flex e-con e-child\" data-id=\"1873477\" data-element_type=\"container\" data-e-type=\"container\">\n\t\t\t\t<div class=\"elementor-element elementor-element-d2ac24d elementor-widget elementor-widget-text-editor\" data-id=\"d2ac24d\" data-element_type=\"widget\" data-e-type=\"widget\" data-widget_type=\"text-editor.default\">\n\t\t\t\t\t\t\t\t\t<p>Tourner dans la Rue Mazarine \u00e0 droite. Au 30 , <b>Ancien H\u00f4tel des Pompes<\/b> (1e compagnie de pompiers). <br \/>Prendre le <strong>Passage Dauphine<\/strong> \u00e0 gauche. Tourner \u00e0 gauche dans la Rue Dauphine puis \u00e0 gauche dans la Rue de Nesle.\u00a0\u00a0<\/p>\t\t\t\t\t\t\t\t<\/div>\n\t\t\t\t<\/div>\n\t\t\t\t\t<\/div>\n\t\t\t\t<\/div>\n\t\t<div class=\"elementor-element elementor-element-51983de e-flex e-con-boxed e-con e-parent\" data-id=\"51983de\" data-element_type=\"container\" data-e-type=\"container\">\n\t\t\t\t\t<div class=\"e-con-inner\">\n\t\t<div class=\"elementor-element elementor-element-b265052 e-con-full e-flex e-con e-child\" data-id=\"b265052\" data-element_type=\"container\" data-e-type=\"container\">\n\t\t\t\t<div class=\"elementor-element elementor-element-8232af4 elementor-widget elementor-widget-image\" data-id=\"8232af4\" data-element_type=\"widget\" data-e-type=\"widget\" data-widget_type=\"image.default\">\n\t\t\t\t\t\t\t\t\t\t\t\t\t\t\t\t<a href=\"https:\/\/www.paris-ancien.fr\/balades-decouverte\/wp-content\/uploads\/2026\/02\/rue-nevers.jpg\" data-elementor-open-lightbox=\"yes\" data-elementor-lightbox-title=\"rue nevers\" data-e-action-hash=\"#elementor-action%3Aaction%3Dlightbox%26settings%3DeyJpZCI6MzgyOSwidXJsIjoiaHR0cHM6XC9cL3d3dy5wYXJpcy1hbmNpZW4uZnJcL2JhbGFkZXMtZGVjb3V2ZXJ0ZVwvd3AtY29udGVudFwvdXBsb2Fkc1wvMjAyNlwvMDJcL3J1ZS1uZXZlcnMuanBnIn0%3D\">\n\t\t\t\t\t\t\t<img loading=\"lazy\" decoding=\"async\" width=\"768\" height=\"576\" src=\"https:\/\/www.paris-ancien.fr\/balades-decouverte\/wp-content\/uploads\/2026\/02\/rue-nevers-768x576.jpg\" class=\"attachment-medium_large size-medium_large wp-image-3829\" alt=\"rue nevers\" srcset=\"https:\/\/www.paris-ancien.fr\/balades-decouverte\/wp-content\/uploads\/2026\/02\/rue-nevers-768x576.jpg 768w, https:\/\/www.paris-ancien.fr\/balades-decouverte\/wp-content\/uploads\/2026\/02\/rue-nevers-300x225.jpg 300w, https:\/\/www.paris-ancien.fr\/balades-decouverte\/wp-content\/uploads\/2026\/02\/rue-nevers-1024x768.jpg 1024w, https:\/\/www.paris-ancien.fr\/balades-decouverte\/wp-content\/uploads\/2026\/02\/rue-nevers-1536x1152.jpg 1536w, https:\/\/www.paris-ancien.fr\/balades-decouverte\/wp-content\/uploads\/2026\/02\/rue-nevers.jpg 1600w\" sizes=\"(max-width: 768px) 100vw, 768px\" \/>\t\t\t\t\t\t\t\t<\/a>\n\t\t\t\t\t\t\t\t\t\t\t\t\t\t\t<\/div>\n\t\t\t\t<\/div>\n\t\t<div class=\"elementor-element elementor-element-566f50f e-con-full e-flex e-con e-child\" data-id=\"566f50f\" data-element_type=\"container\" data-e-type=\"container\">\n\t\t\t\t<div class=\"elementor-element elementor-element-a34e609 elementor-widget elementor-widget-image\" data-id=\"a34e609\" data-element_type=\"widget\" data-e-type=\"widget\" data-widget_type=\"image.default\">\n\t\t\t\t\t\t\t\t\t\t\t\t\t\t\t\t<a href=\"https:\/\/www.paris-ancien.fr\/balades-decouverte\/wp-content\/uploads\/2026\/02\/pont-neuf.jpg\" data-elementor-open-lightbox=\"yes\" data-elementor-lightbox-title=\"pont neuf\" data-e-action-hash=\"#elementor-action%3Aaction%3Dlightbox%26settings%3DeyJpZCI6MzgyNSwidXJsIjoiaHR0cHM6XC9cL3d3dy5wYXJpcy1hbmNpZW4uZnJcL2JhbGFkZXMtZGVjb3V2ZXJ0ZVwvd3AtY29udGVudFwvdXBsb2Fkc1wvMjAyNlwvMDJcL3BvbnQtbmV1Zi5qcGcifQ%3D%3D\">\n\t\t\t\t\t\t\t<img loading=\"lazy\" decoding=\"async\" width=\"768\" height=\"576\" src=\"https:\/\/www.paris-ancien.fr\/balades-decouverte\/wp-content\/uploads\/2026\/02\/pont-neuf-768x576.jpg\" class=\"attachment-medium_large size-medium_large wp-image-3825\" alt=\"pont neuf\" srcset=\"https:\/\/www.paris-ancien.fr\/balades-decouverte\/wp-content\/uploads\/2026\/02\/pont-neuf-768x576.jpg 768w, https:\/\/www.paris-ancien.fr\/balades-decouverte\/wp-content\/uploads\/2026\/02\/pont-neuf-300x225.jpg 300w, https:\/\/www.paris-ancien.fr\/balades-decouverte\/wp-content\/uploads\/2026\/02\/pont-neuf-1024x768.jpg 1024w, https:\/\/www.paris-ancien.fr\/balades-decouverte\/wp-content\/uploads\/2026\/02\/pont-neuf-1536x1152.jpg 1536w, https:\/\/www.paris-ancien.fr\/balades-decouverte\/wp-content\/uploads\/2026\/02\/pont-neuf.jpg 1600w\" sizes=\"(max-width: 768px) 100vw, 768px\" \/>\t\t\t\t\t\t\t\t<\/a>\n\t\t\t\t\t\t\t\t\t\t\t\t\t\t\t<\/div>\n\t\t\t\t<\/div>\n\t\t<div class=\"elementor-element elementor-element-d625657 e-con-full e-flex e-con e-child\" data-id=\"d625657\" data-element_type=\"container\" data-e-type=\"container\">\n\t\t\t\t<div class=\"elementor-element elementor-element-6b67178 elementor-widget elementor-widget-text-editor\" data-id=\"6b67178\" data-element_type=\"widget\" data-e-type=\"widget\" data-widget_type=\"text-editor.default\">\n\t\t\t\t\t\t\t\t\t<p>Au bout \u00e0 gauche , <b>partie de l&rsquo;Enceinte de Philippe Auguste.<\/b> Tourner \u00e0 droite dans la Rue de Nevers. Traverser le <b>Pont Neuf<\/b> (Plus vieux pont de Paris inaugur\u00e9 par Henri IV en 1604).<\/p>\t\t\t\t\t\t\t\t<\/div>\n\t\t\t\t<\/div>\n\t\t\t\t\t<\/div>\n\t\t\t\t<\/div>\n\t\t<div class=\"elementor-element elementor-element-94654ee e-flex e-con-boxed e-con e-parent\" data-id=\"94654ee\" data-element_type=\"container\" data-e-type=\"container\">\n\t\t\t\t\t<div class=\"e-con-inner\">\n\t\t\t\t<div class=\"elementor-element elementor-element-6a457a4 elementor-widget elementor-widget-text-editor\" data-id=\"6a457a4\" data-element_type=\"widget\" data-e-type=\"widget\" data-widget_type=\"text-editor.default\">\n\t\t\t\t\t\t\t\t\t<p><a href=\"https:\/\/www.paris-ancien.fr\/balades-decouverte\/parcours-7-cite\/\">Parcours 7 : Cit\u00e9 &gt;&gt;&gt;<\/a><\/p>\t\t\t\t\t\t\t\t<\/div>\n\t\t\t\t\t<\/div>\n\t\t\t\t<\/div>\n\t\t<div class=\"elementor-element elementor-element-e147967 e-flex e-con-boxed e-con e-parent\" data-id=\"e147967\" data-element_type=\"container\" data-e-type=\"container\">\n\t\t\t\t\t<div class=\"e-con-inner\">\n\t\t\t\t<div class=\"elementor-element elementor-element-8df85c3 elementor-widget elementor-widget-spacer\" data-id=\"8df85c3\" data-element_type=\"widget\" data-e-type=\"widget\" data-widget_type=\"spacer.default\">\n\t\t\t\t\t\t\t<div class=\"elementor-spacer\">\n\t\t\t<div class=\"elementor-spacer-inner\"><\/div>\n\t\t<\/div>\n\t\t\t\t\t\t<\/div>\n\t\t\t\t\t<\/div>\n\t\t\t\t<\/div>\n\t\t\t\t<\/div>\n\t\t","protected":false},"excerpt":{"rendered":"<p>Parcours 7 &#8211; Paris Cosmopolite &#8211; Orsay Traverser le Bd Raspail et prendre la Rue de Luynes en face. Traverser [&hellip;]<\/p>\n","protected":false},"author":1,"featured_media":0,"parent":0,"menu_order":0,"comment_status":"closed","ping_status":"closed","template":"","meta":{"_seopress_robots_primary_cat":"","_seopress_titles_title":"Parcours 7 - Orsay - Balades d\u00e9couvertes dans Paris","_seopress_titles_desc":"Balades dans Paris, d\u00e9couverte de lieux insolites cach\u00e9s historiques, expos universelles, cadrans solaires, patrimoine - Parcours 7 - Orsay","_seopress_robots_index":"","_monsterinsights_skip_tracking":false,"_monsterinsights_sitenote_active":false,"_monsterinsights_sitenote_note":"","_monsterinsights_sitenote_category":0,"site-sidebar-layout":"no-sidebar","site-content-layout":"","ast-site-content-layout":"full-width-container","site-content-style":"default","site-sidebar-style":"default","ast-global-header-display":"","ast-banner-title-visibility":"","ast-main-header-display":"","ast-hfb-above-header-display":"","ast-hfb-below-header-display":"","ast-hfb-mobile-header-display":"","site-post-title":"disabled","ast-breadcrumbs-content":"","ast-featured-img":"disabled","footer-sml-layout":"","ast-disable-related-posts":"","theme-transparent-header-meta":"","adv-header-id-meta":"","stick-header-meta":"","header-above-stick-meta":"","header-main-stick-meta":"","header-below-stick-meta":"","astra-migrate-meta-layouts":"default","ast-page-background-enabled":"default","ast-page-background-meta":{"desktop":{"background-color":"var(--ast-global-color-5)","background-image":"","background-repeat":"repeat","background-position":"center center","background-size":"auto","background-attachment":"scroll","background-type":"","background-media":"","overlay-type":"","overlay-color":"","overlay-opacity":"","overlay-gradient":""},"tablet":{"background-color":"","background-image":"","background-repeat":"repeat","background-position":"center center","background-size":"auto","background-attachment":"scroll","background-type":"","background-media":"","overlay-type":"","overlay-color":"","overlay-opacity":"","overlay-gradient":""},"mobile":{"background-color":"","background-image":"","background-repeat":"repeat","background-position":"center center","background-size":"auto","background-attachment":"scroll","background-type":"","background-media":"","overlay-type":"","overlay-color":"","overlay-opacity":"","overlay-gradient":""}},"ast-content-background-meta":{"desktop":{"background-color":"var(--ast-global-color-4)","background-image":"","background-repeat":"repeat","background-position":"center center","background-size":"auto","background-attachment":"scroll","background-type":"","background-media":"","overlay-type":"","overlay-color":"","overlay-opacity":"","overlay-gradient":""},"tablet":{"background-color":"var(--ast-global-color-4)","background-image":"","background-repeat":"repeat","background-position":"center center","background-size":"auto","background-attachment":"scroll","background-type":"","background-media":"","overlay-type":"","overlay-color":"","overlay-opacity":"","overlay-gradient":""},"mobile":{"background-color":"var(--ast-global-color-4)","background-image":"","background-repeat":"repeat","background-position":"center center","background-size":"auto","background-attachment":"scroll","background-type":"","background-media":"","overlay-type":"","overlay-color":"","overlay-opacity":"","overlay-gradient":""}},"footnotes":""},"class_list":["post-495","page","type-page","status-publish","hentry"],"_links":{"self":[{"href":"https:\/\/www.paris-ancien.fr\/balades-decouverte\/wp-json\/wp\/v2\/pages\/495","targetHints":{"allow":["GET"]}}],"collection":[{"href":"https:\/\/www.paris-ancien.fr\/balades-decouverte\/wp-json\/wp\/v2\/pages"}],"about":[{"href":"https:\/\/www.paris-ancien.fr\/balades-decouverte\/wp-json\/wp\/v2\/types\/page"}],"author":[{"embeddable":true,"href":"https:\/\/www.paris-ancien.fr\/balades-decouverte\/wp-json\/wp\/v2\/users\/1"}],"replies":[{"embeddable":true,"href":"https:\/\/www.paris-ancien.fr\/balades-decouverte\/wp-json\/wp\/v2\/comments?post=495"}],"version-history":[{"count":31,"href":"https:\/\/www.paris-ancien.fr\/balades-decouverte\/wp-json\/wp\/v2\/pages\/495\/revisions"}],"predecessor-version":[{"id":7288,"href":"https:\/\/www.paris-ancien.fr\/balades-decouverte\/wp-json\/wp\/v2\/pages\/495\/revisions\/7288"}],"wp:attachment":[{"href":"https:\/\/www.paris-ancien.fr\/balades-decouverte\/wp-json\/wp\/v2\/media?parent=495"}],"curies":[{"name":"wp","href":"https:\/\/api.w.org\/{rel}","templated":true}]}}