{"id":327,"date":"2026-01-03T11:11:57","date_gmt":"2026-01-03T10:11:57","guid":{"rendered":"https:\/\/www.paris-ancien.fr\/balades-decouverte\/?page_id=327"},"modified":"2026-02-20T15:45:22","modified_gmt":"2026-02-20T14:45:22","slug":"parcours-11-bastille","status":"publish","type":"page","link":"https:\/\/www.paris-ancien.fr\/balades-decouverte\/parcours-11-bastille\/","title":{"rendered":"Parcours 11 &#8211; Bastille"},"content":{"rendered":"\t\t<div data-elementor-type=\"wp-page\" data-elementor-id=\"327\" class=\"elementor elementor-327\">\n\t\t\t\t<div class=\"elementor-element elementor-element-2b05092 e-flex e-con-boxed e-con e-parent\" data-id=\"2b05092\" data-element_type=\"container\" data-e-type=\"container\">\n\t\t\t\t\t<div class=\"e-con-inner\">\n\t\t\t\t<div class=\"elementor-element elementor-element-8b24e1f elementor-widget elementor-widget-heading\" data-id=\"8b24e1f\" data-element_type=\"widget\" data-e-type=\"widget\" data-widget_type=\"heading.default\">\n\t\t\t\t\t<h2 class=\"elementor-heading-title elementor-size-default\">Parcours 11 - Autour de Charonne - Bastille<\/h2>\t\t\t\t<\/div>\n\t\t\t\t\t<\/div>\n\t\t\t\t<\/div>\n\t\t<div class=\"elementor-element elementor-element-2d01be5 e-flex e-con-boxed e-con e-parent\" data-id=\"2d01be5\" data-element_type=\"container\" data-e-type=\"container\">\n\t\t\t\t\t<div class=\"e-con-inner\">\n\t\t<div class=\"elementor-element elementor-element-7068a5d e-con-full e-flex e-con e-child\" data-id=\"7068a5d\" data-element_type=\"container\" data-e-type=\"container\">\n\t\t\t\t<div class=\"elementor-element elementor-element-2ae541b elementor-widget elementor-widget-image\" data-id=\"2ae541b\" data-element_type=\"widget\" data-e-type=\"widget\" data-widget_type=\"image.default\">\n\t\t\t\t\t\t\t\t\t\t\t\t\t\t\t\t<a href=\"https:\/\/www.paris-ancien.fr\/balades-decouverte\/wp-content\/uploads\/2026\/02\/saint-ambroise.jpg\" data-elementor-open-lightbox=\"yes\" data-elementor-lightbox-title=\"saint ambroise\" data-e-action-hash=\"#elementor-action%3Aaction%3Dlightbox%26settings%3DeyJpZCI6NDk2MywidXJsIjoiaHR0cHM6XC9cL3d3dy5wYXJpcy1hbmNpZW4uZnJcL2JhbGFkZXMtZGVjb3V2ZXJ0ZVwvd3AtY29udGVudFwvdXBsb2Fkc1wvMjAyNlwvMDJcL3NhaW50LWFtYnJvaXNlLmpwZyJ9\">\n\t\t\t\t\t\t\t<img fetchpriority=\"high\" decoding=\"async\" width=\"768\" height=\"576\" src=\"https:\/\/www.paris-ancien.fr\/balades-decouverte\/wp-content\/uploads\/2026\/02\/saint-ambroise-768x576.jpg\" class=\"attachment-medium_large size-medium_large wp-image-4963\" alt=\"saint ambroise\" srcset=\"https:\/\/www.paris-ancien.fr\/balades-decouverte\/wp-content\/uploads\/2026\/02\/saint-ambroise-768x576.jpg 768w, https:\/\/www.paris-ancien.fr\/balades-decouverte\/wp-content\/uploads\/2026\/02\/saint-ambroise-300x225.jpg 300w, https:\/\/www.paris-ancien.fr\/balades-decouverte\/wp-content\/uploads\/2026\/02\/saint-ambroise-1024x768.jpg 1024w, https:\/\/www.paris-ancien.fr\/balades-decouverte\/wp-content\/uploads\/2026\/02\/saint-ambroise-1536x1152.jpg 1536w, https:\/\/www.paris-ancien.fr\/balades-decouverte\/wp-content\/uploads\/2026\/02\/saint-ambroise.jpg 1600w\" sizes=\"(max-width: 768px) 100vw, 768px\" \/>\t\t\t\t\t\t\t\t<\/a>\n\t\t\t\t\t\t\t\t\t\t\t\t\t\t\t<\/div>\n\t\t\t\t<\/div>\n\t\t<div class=\"elementor-element elementor-element-dbd1904 e-con-full e-flex e-con e-child\" data-id=\"dbd1904\" data-element_type=\"container\" data-e-type=\"container\">\n\t\t\t\t<div class=\"elementor-element elementor-element-da6ac43 elementor-widget elementor-widget-image\" data-id=\"da6ac43\" data-element_type=\"widget\" data-e-type=\"widget\" data-widget_type=\"image.default\">\n\t\t\t\t\t\t\t\t\t\t\t\t\t\t\t\t<a href=\"https:\/\/www.paris-ancien.fr\/balades-decouverte\/wp-content\/uploads\/2026\/02\/cour-coq.jpg\" data-elementor-open-lightbox=\"yes\" data-elementor-lightbox-title=\"cour coq\" data-e-action-hash=\"#elementor-action%3Aaction%3Dlightbox%26settings%3DeyJpZCI6NDk2NSwidXJsIjoiaHR0cHM6XC9cL3d3dy5wYXJpcy1hbmNpZW4uZnJcL2JhbGFkZXMtZGVjb3V2ZXJ0ZVwvd3AtY29udGVudFwvdXBsb2Fkc1wvMjAyNlwvMDJcL2NvdXItY29xLmpwZyJ9\">\n\t\t\t\t\t\t\t<img decoding=\"async\" width=\"768\" height=\"576\" src=\"https:\/\/www.paris-ancien.fr\/balades-decouverte\/wp-content\/uploads\/2026\/02\/cour-coq-768x576.jpg\" class=\"attachment-medium_large size-medium_large wp-image-4965\" alt=\"cour coq\" srcset=\"https:\/\/www.paris-ancien.fr\/balades-decouverte\/wp-content\/uploads\/2026\/02\/cour-coq-768x576.jpg 768w, https:\/\/www.paris-ancien.fr\/balades-decouverte\/wp-content\/uploads\/2026\/02\/cour-coq-300x225.jpg 300w, https:\/\/www.paris-ancien.fr\/balades-decouverte\/wp-content\/uploads\/2026\/02\/cour-coq-1024x768.jpg 1024w, https:\/\/www.paris-ancien.fr\/balades-decouverte\/wp-content\/uploads\/2026\/02\/cour-coq-1536x1152.jpg 1536w, https:\/\/www.paris-ancien.fr\/balades-decouverte\/wp-content\/uploads\/2026\/02\/cour-coq.jpg 1600w\" sizes=\"(max-width: 768px) 100vw, 768px\" \/>\t\t\t\t\t\t\t\t<\/a>\n\t\t\t\t\t\t\t\t\t\t\t\t\t\t\t<\/div>\n\t\t\t\t<\/div>\n\t\t<div class=\"elementor-element elementor-element-47aee26 e-con-full e-flex e-con e-child\" data-id=\"47aee26\" data-element_type=\"container\" data-e-type=\"container\">\n\t\t\t\t<div class=\"elementor-element elementor-element-598cb7e elementor-widget elementor-widget-text-editor\" data-id=\"598cb7e\" data-element_type=\"widget\" data-e-type=\"widget\" data-widget_type=\"text-editor.default\">\n\t\t\t\t\t\t\t\t\t<p>Ressortir de l\u2019autre cot\u00e9 du square pour atteindre l\u2019Avenue Parmentier. La prendre vers la droite puis prendre la Rue Lacharri\u00e8re sur la gauche. <br \/>A droite, <strong>Eglise St Ambroise<\/strong>. Traverser le Bd Voltaire et prendre la Rue de l\u2019Asile Popincourt vers la gauche. Prendre la Rue Moufle \u00e0 droite au bout. Traverser le Bd Richard Lenoir et prendre la Rue Pell\u00e9e en face. Rue en impasse. Au bout, prendre la Rue St Sabin. A gauche, <strong>Cour du coq<\/strong> avec coq sur la grille.<\/p>\t\t\t\t\t\t\t\t<\/div>\n\t\t\t\t<\/div>\n\t\t\t\t\t<\/div>\n\t\t\t\t<\/div>\n\t\t<div class=\"elementor-element elementor-element-251f041 e-flex e-con-boxed e-con e-parent\" data-id=\"251f041\" data-element_type=\"container\" data-e-type=\"container\">\n\t\t\t\t\t<div class=\"e-con-inner\">\n\t\t<div class=\"elementor-element elementor-element-72e1581 e-con-full e-flex e-con e-child\" data-id=\"72e1581\" data-element_type=\"container\" data-e-type=\"container\">\n\t\t\t\t<div class=\"elementor-element elementor-element-e79940b elementor-widget elementor-widget-image\" data-id=\"e79940b\" data-element_type=\"widget\" data-e-type=\"widget\" data-widget_type=\"image.default\">\n\t\t\t\t\t\t\t\t\t\t\t\t\t\t\t\t<a href=\"https:\/\/www.paris-ancien.fr\/balades-decouverte\/wp-content\/uploads\/2026\/02\/cariatides-stsabin.jpg\" data-elementor-open-lightbox=\"yes\" data-elementor-lightbox-title=\"cariatides stsabin\" data-e-action-hash=\"#elementor-action%3Aaction%3Dlightbox%26settings%3DeyJpZCI6NDk2NiwidXJsIjoiaHR0cHM6XC9cL3d3dy5wYXJpcy1hbmNpZW4uZnJcL2JhbGFkZXMtZGVjb3V2ZXJ0ZVwvd3AtY29udGVudFwvdXBsb2Fkc1wvMjAyNlwvMDJcL2NhcmlhdGlkZXMtc3RzYWJpbi5qcGcifQ%3D%3D\">\n\t\t\t\t\t\t\t<img decoding=\"async\" width=\"768\" height=\"576\" src=\"https:\/\/www.paris-ancien.fr\/balades-decouverte\/wp-content\/uploads\/2026\/02\/cariatides-stsabin-768x576.jpg\" class=\"attachment-medium_large size-medium_large wp-image-4966\" alt=\"cariatides stsabin\" srcset=\"https:\/\/www.paris-ancien.fr\/balades-decouverte\/wp-content\/uploads\/2026\/02\/cariatides-stsabin-768x576.jpg 768w, https:\/\/www.paris-ancien.fr\/balades-decouverte\/wp-content\/uploads\/2026\/02\/cariatides-stsabin-300x225.jpg 300w, https:\/\/www.paris-ancien.fr\/balades-decouverte\/wp-content\/uploads\/2026\/02\/cariatides-stsabin-1024x768.jpg 1024w, https:\/\/www.paris-ancien.fr\/balades-decouverte\/wp-content\/uploads\/2026\/02\/cariatides-stsabin-1536x1152.jpg 1536w, https:\/\/www.paris-ancien.fr\/balades-decouverte\/wp-content\/uploads\/2026\/02\/cariatides-stsabin.jpg 1600w\" sizes=\"(max-width: 768px) 100vw, 768px\" \/>\t\t\t\t\t\t\t\t<\/a>\n\t\t\t\t\t\t\t\t\t\t\t\t\t\t\t<\/div>\n\t\t\t\t<\/div>\n\t\t<div class=\"elementor-element elementor-element-6a2577f e-con-full e-flex e-con e-child\" data-id=\"6a2577f\" data-element_type=\"container\" data-e-type=\"container\">\n\t\t\t\t<div class=\"elementor-element elementor-element-655353c elementor-widget elementor-widget-image\" data-id=\"655353c\" data-element_type=\"widget\" data-e-type=\"widget\" data-widget_type=\"image.default\">\n\t\t\t\t\t\t\t\t\t\t\t\t\t\t\t\t<a href=\"https:\/\/www.paris-ancien.fr\/balades-decouverte\/wp-content\/uploads\/2026\/01\/boulangerie-wagner.jpg\" data-elementor-open-lightbox=\"yes\" data-elementor-lightbox-title=\"boulangerie wagner\" data-e-action-hash=\"#elementor-action%3Aaction%3Dlightbox%26settings%3DeyJpZCI6MzU2MSwidXJsIjoiaHR0cHM6XC9cL3d3dy5wYXJpcy1hbmNpZW4uZnJcL2JhbGFkZXMtZGVjb3V2ZXJ0ZVwvd3AtY29udGVudFwvdXBsb2Fkc1wvMjAyNlwvMDFcL2JvdWxhbmdlcmllLXdhZ25lci5qcGcifQ%3D%3D\">\n\t\t\t\t\t\t\t<img loading=\"lazy\" decoding=\"async\" width=\"768\" height=\"576\" src=\"https:\/\/www.paris-ancien.fr\/balades-decouverte\/wp-content\/uploads\/2026\/01\/boulangerie-wagner-768x576.jpg\" class=\"attachment-medium_large size-medium_large wp-image-3561\" alt=\"boulangerie wagner\" srcset=\"https:\/\/www.paris-ancien.fr\/balades-decouverte\/wp-content\/uploads\/2026\/01\/boulangerie-wagner-768x576.jpg 768w, https:\/\/www.paris-ancien.fr\/balades-decouverte\/wp-content\/uploads\/2026\/01\/boulangerie-wagner-300x225.jpg 300w, https:\/\/www.paris-ancien.fr\/balades-decouverte\/wp-content\/uploads\/2026\/01\/boulangerie-wagner-1024x768.jpg 1024w, https:\/\/www.paris-ancien.fr\/balades-decouverte\/wp-content\/uploads\/2026\/01\/boulangerie-wagner-1536x1152.jpg 1536w, https:\/\/www.paris-ancien.fr\/balades-decouverte\/wp-content\/uploads\/2026\/01\/boulangerie-wagner.jpg 1600w\" sizes=\"(max-width: 768px) 100vw, 768px\" \/>\t\t\t\t\t\t\t\t<\/a>\n\t\t\t\t\t\t\t\t\t\t\t\t\t\t\t<\/div>\n\t\t\t\t<\/div>\n\t\t<div class=\"elementor-element elementor-element-3e36377 e-con-full e-flex e-con e-child\" data-id=\"3e36377\" data-element_type=\"container\" data-e-type=\"container\">\n\t\t\t\t<div class=\"elementor-element elementor-element-064de89 elementor-widget elementor-widget-text-editor\" data-id=\"064de89\" data-element_type=\"widget\" data-e-type=\"widget\" data-widget_type=\"text-editor.default\">\n\t\t\t\t\t\t\t\t\t<p>Plus loin \u00e0 droite, <strong>cariatides<\/strong> sur la fa\u00e7ade d\u2019un immeuble. Prendre le Bd Richard Lenoir sur la droite. Prendre la Rue du Docteur Wagner sur la droite. A l\u2019angle du Bd Beaumarchais, <strong>Belle Boulangerie<\/strong>.<\/p>\t\t\t\t\t\t\t\t<\/div>\n\t\t\t\t<\/div>\n\t\t\t\t\t<\/div>\n\t\t\t\t<\/div>\n\t\t<div class=\"elementor-element elementor-element-e9ad852 e-flex e-con-boxed e-con e-parent\" data-id=\"e9ad852\" data-element_type=\"container\" data-e-type=\"container\">\n\t\t\t\t\t<div class=\"e-con-inner\">\n\t\t<div class=\"elementor-element elementor-element-4b8a3fb e-con-full e-flex e-con e-child\" data-id=\"4b8a3fb\" data-element_type=\"container\" data-e-type=\"container\">\n\t\t\t\t<div class=\"elementor-element elementor-element-b94a667 elementor-widget elementor-widget-image\" data-id=\"b94a667\" data-element_type=\"widget\" data-e-type=\"widget\" data-widget_type=\"image.default\">\n\t\t\t\t\t\t\t\t\t\t\t\t\t\t\t\t<a href=\"https:\/\/www.paris-ancien.fr\/balades-decouverte\/wp-content\/uploads\/2026\/01\/place-bastille.jpg\" data-elementor-open-lightbox=\"yes\" data-elementor-lightbox-title=\"place bastille\" data-e-action-hash=\"#elementor-action%3Aaction%3Dlightbox%26settings%3DeyJpZCI6MzU2OSwidXJsIjoiaHR0cHM6XC9cL3d3dy5wYXJpcy1hbmNpZW4uZnJcL2JhbGFkZXMtZGVjb3V2ZXJ0ZVwvd3AtY29udGVudFwvdXBsb2Fkc1wvMjAyNlwvMDFcL3BsYWNlLWJhc3RpbGxlLmpwZyJ9\">\n\t\t\t\t\t\t\t<img loading=\"lazy\" decoding=\"async\" width=\"768\" height=\"576\" src=\"https:\/\/www.paris-ancien.fr\/balades-decouverte\/wp-content\/uploads\/2026\/01\/place-bastille-768x576.jpg\" class=\"attachment-medium_large size-medium_large wp-image-3569\" alt=\"place bastille\" srcset=\"https:\/\/www.paris-ancien.fr\/balades-decouverte\/wp-content\/uploads\/2026\/01\/place-bastille-768x576.jpg 768w, https:\/\/www.paris-ancien.fr\/balades-decouverte\/wp-content\/uploads\/2026\/01\/place-bastille-300x225.jpg 300w, https:\/\/www.paris-ancien.fr\/balades-decouverte\/wp-content\/uploads\/2026\/01\/place-bastille-1024x768.jpg 1024w, https:\/\/www.paris-ancien.fr\/balades-decouverte\/wp-content\/uploads\/2026\/01\/place-bastille-1536x1152.jpg 1536w, https:\/\/www.paris-ancien.fr\/balades-decouverte\/wp-content\/uploads\/2026\/01\/place-bastille.jpg 1600w\" sizes=\"(max-width: 768px) 100vw, 768px\" \/>\t\t\t\t\t\t\t\t<\/a>\n\t\t\t\t\t\t\t\t\t\t\t\t\t\t\t<\/div>\n\t\t\t\t<\/div>\n\t\t<div class=\"elementor-element elementor-element-7d736a1 e-con-full e-flex e-con e-child\" data-id=\"7d736a1\" data-element_type=\"container\" data-e-type=\"container\">\n\t\t\t\t<div class=\"elementor-element elementor-element-6b090aa elementor-widget elementor-widget-image\" data-id=\"6b090aa\" data-element_type=\"widget\" data-e-type=\"widget\" data-widget_type=\"image.default\">\n\t\t\t\t\t\t\t\t\t\t\t\t\t\t\t\t<a href=\"https:\/\/www.paris-ancien.fr\/balades-decouverte\/wp-content\/uploads\/2026\/02\/traces-bastille.jpg\" data-elementor-open-lightbox=\"yes\" data-elementor-lightbox-title=\"traces bastille\" data-e-action-hash=\"#elementor-action%3Aaction%3Dlightbox%26settings%3DeyJpZCI6NDk1OSwidXJsIjoiaHR0cHM6XC9cL3d3dy5wYXJpcy1hbmNpZW4uZnJcL2JhbGFkZXMtZGVjb3V2ZXJ0ZVwvd3AtY29udGVudFwvdXBsb2Fkc1wvMjAyNlwvMDJcL3RyYWNlcy1iYXN0aWxsZS5qcGcifQ%3D%3D\">\n\t\t\t\t\t\t\t<img loading=\"lazy\" decoding=\"async\" width=\"768\" height=\"576\" src=\"https:\/\/www.paris-ancien.fr\/balades-decouverte\/wp-content\/uploads\/2026\/02\/traces-bastille-768x576.jpg\" class=\"attachment-medium_large size-medium_large wp-image-4959\" alt=\"traces bastille\" srcset=\"https:\/\/www.paris-ancien.fr\/balades-decouverte\/wp-content\/uploads\/2026\/02\/traces-bastille-768x576.jpg 768w, https:\/\/www.paris-ancien.fr\/balades-decouverte\/wp-content\/uploads\/2026\/02\/traces-bastille-300x225.jpg 300w, https:\/\/www.paris-ancien.fr\/balades-decouverte\/wp-content\/uploads\/2026\/02\/traces-bastille-1024x768.jpg 1024w, https:\/\/www.paris-ancien.fr\/balades-decouverte\/wp-content\/uploads\/2026\/02\/traces-bastille-1536x1152.jpg 1536w, https:\/\/www.paris-ancien.fr\/balades-decouverte\/wp-content\/uploads\/2026\/02\/traces-bastille.jpg 1600w\" sizes=\"(max-width: 768px) 100vw, 768px\" \/>\t\t\t\t\t\t\t\t<\/a>\n\t\t\t\t\t\t\t\t\t\t\t\t\t\t\t<\/div>\n\t\t\t\t<\/div>\n\t\t<div class=\"elementor-element elementor-element-8ba592b e-con-full e-flex e-con e-child\" data-id=\"8ba592b\" data-element_type=\"container\" data-e-type=\"container\">\n\t\t\t\t<div class=\"elementor-element elementor-element-f6bc37c elementor-widget elementor-widget-text-editor\" data-id=\"f6bc37c\" data-element_type=\"widget\" data-e-type=\"widget\" data-widget_type=\"text-editor.default\">\n\t\t\t\t\t\t\t\t\t<p>Prendre le Bd Beaumarchais sur la gauche. Arriver vers la <strong>Place de la Bastille<\/strong> (<strong>Traces sur le sol \u00e0 l&#8217;emplacement de l&rsquo;ancienne prison)<\/strong>\u00a0vers la Rue St Antoine).<\/p>\t\t\t\t\t\t\t\t<\/div>\n\t\t\t\t<\/div>\n\t\t\t\t\t<\/div>\n\t\t\t\t<\/div>\n\t\t<div class=\"elementor-element elementor-element-5a44c83 e-flex e-con-boxed e-con e-parent\" data-id=\"5a44c83\" data-element_type=\"container\" data-e-type=\"container\">\n\t\t\t\t\t<div class=\"e-con-inner\">\n\t\t<div class=\"elementor-element elementor-element-9011351 e-con-full e-flex e-con e-child\" data-id=\"9011351\" data-element_type=\"container\" data-e-type=\"container\">\n\t\t\t\t<div class=\"elementor-element elementor-element-7c74813 elementor-widget elementor-widget-image\" data-id=\"7c74813\" data-element_type=\"widget\" data-e-type=\"widget\" data-widget_type=\"image.default\">\n\t\t\t\t\t\t\t\t\t\t\t\t\t\t\t\t<a href=\"https:\/\/www.paris-ancien.fr\/balades-decouverte\/wp-content\/uploads\/2026\/02\/plaque-bastille.jpg\" data-elementor-open-lightbox=\"yes\" data-elementor-lightbox-title=\"plaque bastille\" data-e-action-hash=\"#elementor-action%3Aaction%3Dlightbox%26settings%3DeyJpZCI6NDk1NSwidXJsIjoiaHR0cHM6XC9cL3d3dy5wYXJpcy1hbmNpZW4uZnJcL2JhbGFkZXMtZGVjb3V2ZXJ0ZVwvd3AtY29udGVudFwvdXBsb2Fkc1wvMjAyNlwvMDJcL3BsYXF1ZS1iYXN0aWxsZS5qcGcifQ%3D%3D\">\n\t\t\t\t\t\t\t<img loading=\"lazy\" decoding=\"async\" width=\"768\" height=\"576\" src=\"https:\/\/www.paris-ancien.fr\/balades-decouverte\/wp-content\/uploads\/2026\/02\/plaque-bastille-768x576.jpg\" class=\"attachment-medium_large size-medium_large wp-image-4955\" alt=\"plaque bastille\" srcset=\"https:\/\/www.paris-ancien.fr\/balades-decouverte\/wp-content\/uploads\/2026\/02\/plaque-bastille-768x576.jpg 768w, https:\/\/www.paris-ancien.fr\/balades-decouverte\/wp-content\/uploads\/2026\/02\/plaque-bastille-300x225.jpg 300w, https:\/\/www.paris-ancien.fr\/balades-decouverte\/wp-content\/uploads\/2026\/02\/plaque-bastille-1024x768.jpg 1024w, https:\/\/www.paris-ancien.fr\/balades-decouverte\/wp-content\/uploads\/2026\/02\/plaque-bastille-1536x1152.jpg 1536w, https:\/\/www.paris-ancien.fr\/balades-decouverte\/wp-content\/uploads\/2026\/02\/plaque-bastille.jpg 1600w\" sizes=\"(max-width: 768px) 100vw, 768px\" \/>\t\t\t\t\t\t\t\t<\/a>\n\t\t\t\t\t\t\t\t\t\t\t\t\t\t\t<\/div>\n\t\t\t\t<\/div>\n\t\t<div class=\"elementor-element elementor-element-e693681 e-con-full e-flex e-con e-child\" data-id=\"e693681\" data-element_type=\"container\" data-e-type=\"container\">\n\t\t\t\t<div class=\"elementor-element elementor-element-93817fc elementor-widget elementor-widget-image\" data-id=\"93817fc\" data-element_type=\"widget\" data-e-type=\"widget\" data-widget_type=\"image.default\">\n\t\t\t\t\t\t\t\t\t\t\t\t\t\t\t\t<a href=\"https:\/\/www.paris-ancien.fr\/balades-decouverte\/wp-content\/uploads\/2026\/02\/station-bastille.jpg\" data-elementor-open-lightbox=\"yes\" data-elementor-lightbox-title=\"station bastille\" data-e-action-hash=\"#elementor-action%3Aaction%3Dlightbox%26settings%3DeyJpZCI6NDk1MywidXJsIjoiaHR0cHM6XC9cL3d3dy5wYXJpcy1hbmNpZW4uZnJcL2JhbGFkZXMtZGVjb3V2ZXJ0ZVwvd3AtY29udGVudFwvdXBsb2Fkc1wvMjAyNlwvMDJcL3N0YXRpb24tYmFzdGlsbGUuanBnIn0%3D\">\n\t\t\t\t\t\t\t<img loading=\"lazy\" decoding=\"async\" width=\"768\" height=\"576\" src=\"https:\/\/www.paris-ancien.fr\/balades-decouverte\/wp-content\/uploads\/2026\/02\/station-bastille-768x576.jpg\" class=\"attachment-medium_large size-medium_large wp-image-4953\" alt=\"station bastille\" srcset=\"https:\/\/www.paris-ancien.fr\/balades-decouverte\/wp-content\/uploads\/2026\/02\/station-bastille-768x576.jpg 768w, https:\/\/www.paris-ancien.fr\/balades-decouverte\/wp-content\/uploads\/2026\/02\/station-bastille-300x225.jpg 300w, https:\/\/www.paris-ancien.fr\/balades-decouverte\/wp-content\/uploads\/2026\/02\/station-bastille-1024x768.jpg 1024w, https:\/\/www.paris-ancien.fr\/balades-decouverte\/wp-content\/uploads\/2026\/02\/station-bastille-1536x1152.jpg 1536w, https:\/\/www.paris-ancien.fr\/balades-decouverte\/wp-content\/uploads\/2026\/02\/station-bastille.jpg 1600w\" sizes=\"(max-width: 768px) 100vw, 768px\" \/>\t\t\t\t\t\t\t\t<\/a>\n\t\t\t\t\t\t\t\t\t\t\t\t\t\t\t<\/div>\n\t\t\t\t<\/div>\n\t\t<div class=\"elementor-element elementor-element-d28ad77 e-con-full e-flex e-con e-child\" data-id=\"d28ad77\" data-element_type=\"container\" data-e-type=\"container\">\n\t\t\t\t<div class=\"elementor-element elementor-element-972f15a elementor-widget elementor-widget-text-editor\" data-id=\"972f15a\" data-element_type=\"widget\" data-e-type=\"widget\" data-widget_type=\"text-editor.default\">\n\t\t\t\t\t\t\t\t\t<p><b>Plaque pour l&#8217;emplacement de l&rsquo;ancienne prison <\/b>et <strong>Edicule Guimard<\/strong>.<\/p>\t\t\t\t\t\t\t\t<\/div>\n\t\t\t\t<\/div>\n\t\t\t\t\t<\/div>\n\t\t\t\t<\/div>\n\t\t<div class=\"elementor-element elementor-element-e3e1000 e-flex e-con-boxed e-con e-parent\" data-id=\"e3e1000\" data-element_type=\"container\" data-e-type=\"container\">\n\t\t\t\t\t<div class=\"e-con-inner\">\n\t\t\t\t<div class=\"elementor-element elementor-element-922afdd elementor-widget elementor-widget-spacer\" data-id=\"922afdd\" data-element_type=\"widget\" data-e-type=\"widget\" data-widget_type=\"spacer.default\">\n\t\t\t\t\t\t\t<div class=\"elementor-spacer\">\n\t\t\t<div class=\"elementor-spacer-inner\"><\/div>\n\t\t<\/div>\n\t\t\t\t\t\t<\/div>\n\t\t\t\t\t<\/div>\n\t\t\t\t<\/div>\n\t\t\t\t<\/div>\n\t\t","protected":false},"excerpt":{"rendered":"<p>Parcours 11 &#8211; Autour de Charonne &#8211; Bastille Ressortir de l\u2019autre cot\u00e9 du square pour atteindre l\u2019Avenue Parmentier. La prendre [&hellip;]<\/p>\n","protected":false},"author":1,"featured_media":0,"parent":0,"menu_order":0,"comment_status":"closed","ping_status":"closed","template":"","meta":{"_seopress_robots_primary_cat":"","_seopress_titles_title":"Parcours 11 - Bastille - Balades d\u00e9couvertes dans Paris","_seopress_titles_desc":"Balades dans Paris, d\u00e9couverte de lieux insolites cach\u00e9s historiques, expos universelles, cadrans solaires, patrimoine - Parcours 11 - Bastille","_seopress_robots_index":"","_monsterinsights_skip_tracking":false,"_monsterinsights_sitenote_active":false,"_monsterinsights_sitenote_note":"","_monsterinsights_sitenote_category":0,"site-sidebar-layout":"no-sidebar","site-content-layout":"","ast-site-content-layout":"full-width-container","site-content-style":"default","site-sidebar-style":"default","ast-global-header-display":"","ast-banner-title-visibility":"","ast-main-header-display":"","ast-hfb-above-header-display":"","ast-hfb-below-header-display":"","ast-hfb-mobile-header-display":"","site-post-title":"disabled","ast-breadcrumbs-content":"","ast-featured-img":"disabled","footer-sml-layout":"","ast-disable-related-posts":"","theme-transparent-header-meta":"","adv-header-id-meta":"","stick-header-meta":"","header-above-stick-meta":"","header-main-stick-meta":"","header-below-stick-meta":"","astra-migrate-meta-layouts":"default","ast-page-background-enabled":"default","ast-page-background-meta":{"desktop":{"background-color":"var(--ast-global-color-5)","background-image":"","background-repeat":"repeat","background-position":"center center","background-size":"auto","background-attachment":"scroll","background-type":"","background-media":"","overlay-type":"","overlay-color":"","overlay-opacity":"","overlay-gradient":""},"tablet":{"background-color":"","background-image":"","background-repeat":"repeat","background-position":"center center","background-size":"auto","background-attachment":"scroll","background-type":"","background-media":"","overlay-type":"","overlay-color":"","overlay-opacity":"","overlay-gradient":""},"mobile":{"background-color":"","background-image":"","background-repeat":"repeat","background-position":"center center","background-size":"auto","background-attachment":"scroll","background-type":"","background-media":"","overlay-type":"","overlay-color":"","overlay-opacity":"","overlay-gradient":""}},"ast-content-background-meta":{"desktop":{"background-color":"var(--ast-global-color-4)","background-image":"","background-repeat":"repeat","background-position":"center center","background-size":"auto","background-attachment":"scroll","background-type":"","background-media":"","overlay-type":"","overlay-color":"","overlay-opacity":"","overlay-gradient":""},"tablet":{"background-color":"var(--ast-global-color-4)","background-image":"","background-repeat":"repeat","background-position":"center center","background-size":"auto","background-attachment":"scroll","background-type":"","background-media":"","overlay-type":"","overlay-color":"","overlay-opacity":"","overlay-gradient":""},"mobile":{"background-color":"var(--ast-global-color-4)","background-image":"","background-repeat":"repeat","background-position":"center center","background-size":"auto","background-attachment":"scroll","background-type":"","background-media":"","overlay-type":"","overlay-color":"","overlay-opacity":"","overlay-gradient":""}},"footnotes":""},"class_list":["post-327","page","type-page","status-publish","hentry"],"_links":{"self":[{"href":"https:\/\/www.paris-ancien.fr\/balades-decouverte\/wp-json\/wp\/v2\/pages\/327","targetHints":{"allow":["GET"]}}],"collection":[{"href":"https:\/\/www.paris-ancien.fr\/balades-decouverte\/wp-json\/wp\/v2\/pages"}],"about":[{"href":"https:\/\/www.paris-ancien.fr\/balades-decouverte\/wp-json\/wp\/v2\/types\/page"}],"author":[{"embeddable":true,"href":"https:\/\/www.paris-ancien.fr\/balades-decouverte\/wp-json\/wp\/v2\/users\/1"}],"replies":[{"embeddable":true,"href":"https:\/\/www.paris-ancien.fr\/balades-decouverte\/wp-json\/wp\/v2\/comments?post=327"}],"version-history":[{"count":22,"href":"https:\/\/www.paris-ancien.fr\/balades-decouverte\/wp-json\/wp\/v2\/pages\/327\/revisions"}],"predecessor-version":[{"id":7375,"href":"https:\/\/www.paris-ancien.fr\/balades-decouverte\/wp-json\/wp\/v2\/pages\/327\/revisions\/7375"}],"wp:attachment":[{"href":"https:\/\/www.paris-ancien.fr\/balades-decouverte\/wp-json\/wp\/v2\/media?parent=327"}],"curies":[{"name":"wp","href":"https:\/\/api.w.org\/{rel}","templated":true}]}}